{"id":7,"date":"2020-09-17T18:31:54","date_gmt":"2020-09-17T15:31:54","guid":{"rendered":"https:\/\/restate.ee\/kesktee12a\/?page_id=7"},"modified":"2025-06-27T18:51:41","modified_gmt":"2025-06-27T15:51:41","slug":"home","status":"publish","type":"page","link":"https:\/\/restate.ee\/kesktee12a\/","title":{"rendered":"Home"},"content":{"rendered":"\n<div class=\"front-header-block d-flex flex-column align-items-center justify-content-center\">\n    <div class=\"background_image bg-center no-lazy\" style=\"background-image: url(https:\/\/restate.ee\/kesktee12a\/wp-content\/uploads\/2024\/11\/background-img-1.png);\"><\/div>\n            <img decoding=\"async\" id=\"title\" class=\"no-lazy\" src=\"https:\/\/restate.ee\/kesktee12a\/wp-content\/uploads\/2025\/06\/kesk-tee12.svg\" alt=\"\">\n        <div class=\"media-wrap d-flex align-items-center justify-content-center\">\n                    <video class=\"foreground_video\" autoplay loop muted playsinline>\n                <source src=\"https:\/\/restate.ee\/kesktee12a\/wp-content\/uploads\/2025\/06\/Kesk-tee-12-v2.mp4\" type=\"video\/mp4\">\n                Your browser does not support the video tag.\n            <\/video>\n            <\/div>\n<\/div>\n\n\n\n<div class=\"text-block text-center py-32\" data-anchor=\"aripark\">\n    <div class=\"container fade-in-up py-28\">\n        <div class=\"row flex-column justify-content-center\">\n                        <div class=\"text col col-12\">\n                <div class=\"text_wrapper ms-auto me-auto fs-20\">\n                    <p style=\"font-weight: 400;\">Kesk tee 12a \u00e4rihoone on sobiv ettev\u00f5tetele, kelle jaoks on oluline hea ligip\u00e4\u00e4s nii Tallinna ringteele, Tallinn\u2013Tartu maanteele kui ka Via Balticale. Selline asukoht v\u00f5imaldab sujuvat \u00fchendust k\u00f5igi Tallinna suunduvate p\u00f5himaanteede ja rahvusvaheliste transpordikoridoridega<\/p>\n                <\/div>\n            <\/div>\n        <\/div>\n    <\/div>\n<\/div>\n\n\n<div class=\"location-block position-relative mb-64\" data-anchor=\"asukoht\">\n    <div id=\"img_prlx\" class=\"location_img_wrap d-none d-md-block bg-center no-lazy w100\" style=\"background-image:url(https:\/\/restate.ee\/kesktee12a\/wp-content\/uploads\/2025\/06\/kesk-tee-est3.svg);\"><\/div>\n            <img decoding=\"async\" src=\"https:\/\/restate.ee\/kesktee12a\/wp-content\/uploads\/2025\/06\/kesk-tee-est-mob3.svg\" class=\"location_img_wrap d-block d-md-none w100 mb-lg-0 mb-32\"\/>\n                <div class=\"container\">\n            <div class=\"distances_container pt-48 pb-lg-64 pt-16 pb-32 px-lg-64 border-radius-4\">\n                <div class=\"fade-in-up d-flex flex-column align-items-center justify-content-center\">\n                    <div class=\"links pb-lg-32 d-flex flex-sm-row flex-column align-items-center\">\n                                                    <a class=\"btn\" href=\"https:\/\/maps.app.goo.gl\/oZVwdkiSHHDcxPJ98\" target=\"_blank\" target=\"_self\">Vaata Google Maps&#8217;is<\/a>\n                                                                    <\/div>\n                                            <div class=\"distances row align-items-center justify-content-between py-lg-32 pb-16 w100\">\n                                                                                            <div class=\"distance col col-md-auto col-12 d-flex flex-column align-items-center mb-32\">\n                                    <div class=\"transport d-flex align-items-center fs-14 color-orange\">\n                                        <p class=\"mb-0\">&nbsp;<\/p>\n                                    <\/div>\n                                    <div class=\"time d-flex align-items-center mb-12 fs-32 color-orange\">\n                                        <p>11 km<\/p>\n                                    <\/div>\n                                    <div class=\"location d-flex align-items-center fs-14\">\n                                        <p>Tallinna Lennujaam<\/p>\n                                    <\/div>\n                                <\/div>\n                                                                                            <div class=\"distance col col-md-auto col-12 d-flex flex-column align-items-center mb-32\">\n                                    <div class=\"transport d-flex align-items-center fs-14 color-orange\">\n                                        <p class=\"mb-0\">&nbsp;<\/p>\n                                    <\/div>\n                                    <div class=\"time d-flex align-items-center mb-12 fs-32 color-orange\">\n                                        <p>20 km<\/p>\n                                    <\/div>\n                                    <div class=\"location d-flex align-items-center fs-14\">\n                                        <p>Via Baltica<\/p>\n                                    <\/div>\n                                <\/div>\n                                                                                            <div class=\"distance col col-md-auto col-12 d-flex flex-column align-items-center mb-32\">\n                                    <div class=\"transport d-flex align-items-center fs-14 color-orange\">\n                                        <p class=\"mb-0\">&nbsp;<\/p>\n                                    <\/div>\n                                    <div class=\"time d-flex align-items-center mb-12 fs-32 color-orange\">\n                                        <p>21 km<\/p>\n                                    <\/div>\n                                    <div class=\"location d-flex align-items-center fs-14\">\n                                        <p>Tallinna sadam<\/p>\n                                    <\/div>\n                                <\/div>\n                                                                                            <div class=\"distance col col-md-auto col-12 d-flex flex-column align-items-center mb-32\">\n                                    <div class=\"transport d-flex align-items-center fs-14 color-orange\">\n                                        <p class=\"mb-0\">&nbsp;<\/p>\n                                    <\/div>\n                                    <div class=\"time d-flex align-items-center mb-12 fs-32 color-orange\">\n                                        <p>25 km<\/p>\n                                    <\/div>\n                                    <div class=\"location d-flex align-items-center fs-14\">\n                                        <p>Muuga kaubaterminal<\/p>\n                                    <\/div>\n                                <\/div>\n                                                                                            <div class=\"distance col col-md-auto col-12 d-flex flex-column align-items-center mb-32\">\n                                    <div class=\"transport d-flex align-items-center fs-14 color-orange\">\n                                        <p class=\"mb-0\">&nbsp;<\/p>\n                                    <\/div>\n                                    <div class=\"time d-flex align-items-center mb-12 fs-32 color-orange\">\n                                        <p>54 km<\/p>\n                                    <\/div>\n                                    <div class=\"location d-flex align-items-center fs-14\">\n                                        <p>Paldiski sadam<\/p>\n                                    <\/div>\n                                <\/div>\n                                                    <\/div>\n                    \n                                            <div class=\"distances_content w100 fs-20\">\n                            <p>Kesk tee 12a \u00e4rihoone\u00a0<span lang=\"ET\">k\u00fclgneb vahetult Tartu maantee ja\u00a0<\/span>Tallinna ringtee<span lang=\"ET\">ga,\u00a0<\/span>mis \u00fchendab peamisi rahvusvahelisi transpordikoridore, sealhulgas Via Balticat ja maanteed E20.\u00a0<span lang=\"ET\">A<\/span>sukoht tagab\u00a0<span lang=\"ET\">nii\u00a0<\/span>hea\u00a0<span lang=\"ET\">n\u00e4htavuse kui\u00a0<\/span>ligip\u00e4\u00e4setavuse erinevates suundades liikuvatele kaubavoogudele, muutes \u00e4rihoone sobivaks ettev\u00f5tetele, kelle tegevuses on oluline ajakriitiline \u00fchenduvus. Tulevikus lisandub ligip\u00e4\u00e4s ka Tartu maanteelt J\u00fcri\u2013Vaida planeeritava liikluss\u00f5lme kaudu.<\/p>\n                        <\/div>\n                                    <\/div>\n            <\/div>\n        <\/div>\n    <\/div>\n\n\n<div class=\"gallery-slider-block position-relative mb-lg-42 mb-32\" data-anchor=\"galerii\">\n            <div class=\"container fade-in-up\">\n        <div class=\"gallery_swiper_wrapper position-relative\">\n        <div class=\"gallery-slider swiper-slider position-absolute top-0 start-0 w100 h100 border-radius-4\">\n            <div class=\"swiper-wrapper w100 h100\">\n                                                        <div class=\"image swiper-slide h100 bg-center\" style=\"background-image: url('https:\/\/restate.ee\/kesktee12a\/wp-content\/uploads\/2025\/06\/Image8-e1750839915485.jpg');\"><\/div>\n                                                        <div class=\"image swiper-slide h100 bg-center\" style=\"background-image: url('https:\/\/restate.ee\/kesktee12a\/wp-content\/uploads\/2025\/06\/Image6-e1750839952425.jpg');\"><\/div>\n                                                        <div class=\"image swiper-slide h100 bg-center\" style=\"background-image: url('https:\/\/restate.ee\/kesktee12a\/wp-content\/uploads\/2025\/06\/Image10.jpg');\"><\/div>\n                                                        <div class=\"image swiper-slide h100 bg-center\" style=\"background-image: url('https:\/\/restate.ee\/kesktee12a\/wp-content\/uploads\/2025\/06\/Image3.jpg');\"><\/div>\n                            <\/div>\n        <\/div>\n        <div class=\"swiper-prev d-flex align-items-center justify-content-center position-absolute bg-white rounded-circle\">\n            <img decoding=\"async\" loading=\"lazy\" src=\"https:\/\/restate.ee\/kesktee12a\/wp-content\/themes\/p103\/images\/slider_arrow.svg\" width=\"8\" height=\"14\" alt=\"Previous\">\n        <\/div>\n        <div class=\"swiper-next d-flex align-items-center justify-content-center position-absolute bg-white rounded-circle\">\n            <img decoding=\"async\" loading=\"lazy\" src=\"https:\/\/restate.ee\/kesktee12a\/wp-content\/themes\/p103\/images\/slider_arrow.svg\" width=\"8\" height=\"14\" alt=\"Next\">\n        <\/div>\n    <\/div>\n            <\/div>\n    <\/div>\n\n\n<div class=\"text-block text-center py-32\" data-anchor=\"hoone\">\n    <div class=\"container fade-in-up py-28\">\n        <div class=\"row flex-column justify-content-center\">\n                        <div class=\"text col col-12\">\n                <div class=\"text_wrapper ms-auto me-auto fs-20\">\n                    <div>\n<div>Kesk tee 12a \u00e4rihoone on planeeritud kaasaegse ja selgepiirilise arhitektuuriga ning hoone on jagatud kuueks ca 500 m\u00b2 suuruseks \u00fc\u00fcripinnaks mida on vajadusel v\u00f5imalik liita. \u00dc\u00fcripindade kasutusotstarbeks on lao- v\u00f5i tootmispinnad ja sellega seotud kahekorruseline kontor. Laopindade k\u00f5rgus fermi alla on planeeritud 7m. Kontoritesse p\u00e4\u00e4seb otse v\u00e4ljast ning esifassaadi ulatuslik klaassein v\u00f5imaldab neid kasutada ka esinduspindadena. Lisaks p\u00e4\u00e4seb kontori teisele korrusele laopinnalt keerdtrepi kaudu.<\/div>\n<div>\n<p>Hoone on projekteeritud A-energiaklassi ja p\u00e4ikesepaneelidega mis v\u00f5imaldavad madalaid k\u00f5rvalkulusid. Maja Tartu maantee poolsele fassaadile on planeeritud ka reklaampindade valmidus.<\/p>\n<\/div>\n<div>Terve maja \u00fc\u00fcrimisel saame hoone ehitusaluse pinna piires projekteerida ka olulisi muudatusi. Detailplaneeringuga lubatud hoone k\u00f5rgus on kuni 18m.<\/div>\n<\/div>\n                <\/div>\n            <\/div>\n        <\/div>\n    <\/div>\n<\/div>\n\n\n<div class=\"text-block text-center py-32 bg-blue py-lg-96 py-64\" data-anchor=\"kontakt\">\n    <div class=\"container fade-in-up py-28\">\n        <div class=\"row flex-column justify-content-center\">\n                            <div class=\"icon col col-12 mb-lg-24 mb-32\">\n                    <img decoding=\"async\" loading=\"lazy\" src=\"https:\/\/restate.ee\/kesktee12a\/wp-content\/uploads\/2025\/06\/Group-63-1-scaled.jpg\"  width=\"2560\" height=\"555\" alt=\"\"\/>\n                <\/div>\n                        <div class=\"text col col-12\">\n                <div class=\"text_wrapper ms-auto me-auto fs-20\">\n                    <div>\n<p>Kesk tee 12a on Vintselle ja Restate \u00fchisprojekt, mis pakub \u00fc\u00fcrnikele esmaklassilisi tingimusi kasvuks ja arenguks. Strateegiline asukoht ning kogenud arendajate panus tagavad ideaalse kombinatsiooni mugavusest ja kvaliteedist.<\/p>\n<\/div>\n<div>Vintselle, pika kogemusega arendus- ja investeerimisettev\u00f5te ning Restate, tunnustatud kinnisvaraarendajana on \u00fchendanud oma teadmised ja kogemused, et luua \u00e4rihoone, mis vastab k\u00f5rgeimatele standarditele ning pakub lisav\u00e4\u00e4rtust igale ettev\u00f5ttele.<\/div>\n                <\/div>\n            <\/div>\n        <\/div>\n    <\/div>\n<\/div>\n\n\n<!--nextpage-->\n","protected":false},"excerpt":{"rendered":"","protected":false},"author":4,"featured_media":0,"parent":0,"menu_order":0,"comment_status":"closed","ping_status":"closed","template":"","meta":[],"acf":[],"yoast_head":"<!-- This site is optimized with the Yoast SEO plugin v21.4 - https:\/\/yoast.com\/wordpress\/plugins\/seo\/ -->\n<title>Home - Kesk tee 12a<\/title>\n<meta name=\"robots\" content=\"index, follow, max-snippet:-1, max-image-preview:large, max-video-preview:-1\" \/>\n<link rel=\"canonical\" href=\"https:\/\/restate.ee\/kesktee12a\/\" \/>\n<link rel=\"next\" href=\"https:\/\/restate.ee\/kesktee12a\/2\/\" \/>\n<meta property=\"og:locale\" content=\"et_EE\" \/>\n<meta property=\"og:type\" content=\"article\" \/>\n<meta property=\"og:title\" content=\"Home - Kesk tee 12a\" \/>\n<meta property=\"og:url\" content=\"https:\/\/restate.ee\/kesktee12a\/\" \/>\n<meta property=\"og:site_name\" content=\"Kesk tee 12a\" \/>\n<meta property=\"article:modified_time\" content=\"2025-06-27T15:51:41+00:00\" \/>\n<meta property=\"og:image\" content=\"https:\/\/restate.ee\/kesktee12a\/wp-content\/uploads\/2025\/06\/Group-77-1.jpg\" \/>\n\t<meta property=\"og:image:width\" content=\"2560\" \/>\n\t<meta property=\"og:image:height\" content=\"1157\" \/>\n\t<meta property=\"og:image:type\" content=\"image\/jpeg\" \/>\n<meta name=\"twitter:card\" content=\"summary_large_image\" \/>\n<script type=\"application\/ld+json\" class=\"yoast-schema-graph\">{\"@context\":\"https:\/\/schema.org\",\"@graph\":[{\"@type\":\"WebPage\",\"@id\":\"https:\/\/restate.ee\/kesktee12a\/\",\"url\":\"https:\/\/restate.ee\/kesktee12a\/\",\"name\":\"Home - Kesk tee 12a\",\"isPartOf\":{\"@id\":\"https:\/\/restate.ee\/kesktee12a\/#website\"},\"datePublished\":\"2020-09-17T15:31:54+00:00\",\"dateModified\":\"2025-06-27T15:51:41+00:00\",\"inLanguage\":\"et\",\"potentialAction\":[{\"@type\":\"ReadAction\",\"target\":[\"https:\/\/restate.ee\/kesktee12a\/\"]}]},{\"@type\":\"WebSite\",\"@id\":\"https:\/\/restate.ee\/kesktee12a\/#website\",\"url\":\"https:\/\/restate.ee\/kesktee12a\/\",\"name\":\"Kesk Tee 12a\",\"description\":\"\",\"publisher\":{\"@id\":\"https:\/\/restate.ee\/kesktee12a\/#organization\"},\"potentialAction\":[{\"@type\":\"SearchAction\",\"target\":{\"@type\":\"EntryPoint\",\"urlTemplate\":\"https:\/\/restate.ee\/kesktee12a\/?s={search_term_string}\"},\"query-input\":\"required name=search_term_string\"}],\"inLanguage\":\"et\"},{\"@type\":\"Organization\",\"@id\":\"https:\/\/restate.ee\/kesktee12a\/#organization\",\"name\":\"Kesk Tee 12a\",\"url\":\"https:\/\/restate.ee\/kesktee12a\/\",\"logo\":{\"@type\":\"ImageObject\",\"inLanguage\":\"et\",\"@id\":\"https:\/\/restate.ee\/kesktee12a\/#\/schema\/logo\/image\/\",\"url\":\"https:\/\/restate.ee\/kesktee12a\/wp-content\/uploads\/2025\/06\/Group-63-scaled.jpg\",\"contentUrl\":\"https:\/\/restate.ee\/kesktee12a\/wp-content\/uploads\/2025\/06\/Group-63-scaled.jpg\",\"width\":2560,\"height\":555,\"caption\":\"Kesk Tee 12a\"},\"image\":{\"@id\":\"https:\/\/restate.ee\/kesktee12a\/#\/schema\/logo\/image\/\"}}]}<\/script>\n<!-- \/ Yoast SEO plugin. -->","yoast_head_json":{"title":"Home - Kesk tee 12a","robots":{"index":"index","follow":"follow","max-snippet":"max-snippet:-1","max-image-preview":"max-image-preview:large","max-video-preview":"max-video-preview:-1"},"canonical":"https:\/\/restate.ee\/kesktee12a\/","next":"https:\/\/restate.ee\/kesktee12a\/2\/","og_locale":"et_EE","og_type":"article","og_title":"Home - Kesk tee 12a","og_url":"https:\/\/restate.ee\/kesktee12a\/","og_site_name":"Kesk tee 12a","article_modified_time":"2025-06-27T15:51:41+00:00","og_image":[{"width":2560,"height":1157,"url":"https:\/\/restate.ee\/kesktee12a\/wp-content\/uploads\/2025\/06\/Group-77-1.jpg","type":"image\/jpeg"}],"twitter_card":"summary_large_image","schema":{"@context":"https:\/\/schema.org","@graph":[{"@type":"WebPage","@id":"https:\/\/restate.ee\/kesktee12a\/","url":"https:\/\/restate.ee\/kesktee12a\/","name":"Home - Kesk tee 12a","isPartOf":{"@id":"https:\/\/restate.ee\/kesktee12a\/#website"},"datePublished":"2020-09-17T15:31:54+00:00","dateModified":"2025-06-27T15:51:41+00:00","inLanguage":"et","potentialAction":[{"@type":"ReadAction","target":["https:\/\/restate.ee\/kesktee12a\/"]}]},{"@type":"WebSite","@id":"https:\/\/restate.ee\/kesktee12a\/#website","url":"https:\/\/restate.ee\/kesktee12a\/","name":"Kesk Tee 12a","description":"","publisher":{"@id":"https:\/\/restate.ee\/kesktee12a\/#organization"},"potentialAction":[{"@type":"SearchAction","target":{"@type":"EntryPoint","urlTemplate":"https:\/\/restate.ee\/kesktee12a\/?s={search_term_string}"},"query-input":"required name=search_term_string"}],"inLanguage":"et"},{"@type":"Organization","@id":"https:\/\/restate.ee\/kesktee12a\/#organization","name":"Kesk Tee 12a","url":"https:\/\/restate.ee\/kesktee12a\/","logo":{"@type":"ImageObject","inLanguage":"et","@id":"https:\/\/restate.ee\/kesktee12a\/#\/schema\/logo\/image\/","url":"https:\/\/restate.ee\/kesktee12a\/wp-content\/uploads\/2025\/06\/Group-63-scaled.jpg","contentUrl":"https:\/\/restate.ee\/kesktee12a\/wp-content\/uploads\/2025\/06\/Group-63-scaled.jpg","width":2560,"height":555,"caption":"Kesk Tee 12a"},"image":{"@id":"https:\/\/restate.ee\/kesktee12a\/#\/schema\/logo\/image\/"}}]}},"_links":{"self":[{"href":"https:\/\/restate.ee\/kesktee12a\/wp-json\/wp\/v2\/pages\/7"}],"collection":[{"href":"https:\/\/restate.ee\/kesktee12a\/wp-json\/wp\/v2\/pages"}],"about":[{"href":"https:\/\/restate.ee\/kesktee12a\/wp-json\/wp\/v2\/types\/page"}],"author":[{"embeddable":true,"href":"https:\/\/restate.ee\/kesktee12a\/wp-json\/wp\/v2\/users\/4"}],"replies":[{"embeddable":true,"href":"https:\/\/restate.ee\/kesktee12a\/wp-json\/wp\/v2\/comments?post=7"}],"version-history":[{"count":308,"href":"https:\/\/restate.ee\/kesktee12a\/wp-json\/wp\/v2\/pages\/7\/revisions"}],"predecessor-version":[{"id":1776,"href":"https:\/\/restate.ee\/kesktee12a\/wp-json\/wp\/v2\/pages\/7\/revisions\/1776"}],"wp:attachment":[{"href":"https:\/\/restate.ee\/kesktee12a\/wp-json\/wp\/v2\/media?parent=7"}],"curies":[{"name":"wp","href":"https:\/\/api.w.org\/{rel}","templated":true}]}}