{"id":161,"date":"2022-11-02T20:31:48","date_gmt":"2022-11-02T17:31:48","guid":{"rendered":"https:\/\/restate.ee\/kohilakodud\/?page_id=161"},"modified":"2024-06-21T13:03:25","modified_gmt":"2024-06-21T10:03:25","slug":"asukoht","status":"publish","type":"page","link":"https:\/\/restate.ee\/kohilakodud\/asukoht\/","title":{"rendered":"Asukoht"},"content":{"rendered":"\n<div class=\"image-block fade-in-up\">\n        <img decoding=\"async\" class=\"no-lazy\" src=\"https:\/\/restate.ee\/kohilakodud\/wp-content\/uploads\/2022\/11\/6f0iqpvq.jpeg\" width=\"2048\" height=\"1024\" alt=\"\" \/>\n    <\/div>\n\n\n<div class=\"location-content-block location fade-in-up d-flex flex-column align-items-center justify-content-center mb-lg-10 mb-6 mt-lg-10 mt-9\">\n    <div class=\"container\">\n        <div class=\"d-flex flex-column align-items-center justify-content-center\">\n\t\t\t<div class=\"text_wrapper\">\n            \t<h2 style=\"text-align: center;\">AINULAADNE<br \/>\nASUKOHT<\/h2>\n<p style=\"text-align: center;\">Kohila Kodud on kaasaegne elamupiirkond Tallinna l\u00e4hedal looduskaunis Kohila s\u00fcdames. See on t\u00e4iuslik elupaik peredele ja loodust armastavatele inimestele, kelle s\u00fcda ihkab eemale linnamelust. Siin, k\u00f5rgete m\u00e4ndide all, on \u00fchendatud suurep\u00e4rane infrastruktuur, turvalisus ja roheline elukeskkond.<\/p>\n<p style=\"text-align: center;\">Jalutusk\u00e4igu kaugusele j\u00e4\u00e4vad erinevad poed, lasteaiad, koolid, uus spordikompleks ja imelilus Keila j\u00f5gi.<\/p>\n<p style=\"text-align: center;\">Kohila Kodud asuvad Tallinnast vaid 30 minutilise s\u00f5idu kaugusel- seda nii auto, kui rongiga. Kusjuures, Kohila rongijaam asub k\u00f5igest 5 minutilise jalutusk\u00e4igu kaugusel.<\/p>\n\t\t\t<\/div>\n                            <a class=\"btn position-relative mt-6\" href=\"https:\/\/goo.gl\/maps\/zmh1mm2g5Q2NUWGS7\" target=\"_blank\">Vaata Google Mapsist<\/a>\n                    <\/div>\n    <\/div>\n    <img decoding=\"async\" class=\"mt-10 w100 d-md-block d-none\" src=\"https:\/\/restate.ee\/kohilakodud\/wp-content\/uploads\/2024\/06\/kohila-kodud-kaart-2.png\" width=\"2560\" height=\"1344\" alt=\"\" \/>\n    <img decoding=\"async\" class=\"mt-9 w100 d-md-none d-block\" src=\"https:\/\/restate.ee\/kohilakodud\/wp-content\/uploads\/2024\/06\/kohila-kodude-kaart-phone.png\" width=\"780\" height=\"1512\" alt=\"\" \/>\n<\/div>\n\n\n<div class=\"text-list-block fade-in-up mb-lg-9 mb-0\">\n    <div class=\"container\">\n        <div class=\"row justify-content-lg-around justify-content-center\">\n                                            <div class=\"icon col col-md-auto col-6 d-flex flex-column align-items-center justify-content-between mb-6\">\n                    <div class=\"text_wrapper d-flex flex-column align-items-center\">\n                        <p class=\"mb-2\">autoga<\/p>\n                        <h5 class=\"mb-4\">30 min<\/h5>\n                                                    <p>Tallinna kesklinn<\/p>\n                                            <\/div>\n                <\/div>\n                                            <div class=\"icon col col-md-auto col-6 d-flex flex-column align-items-center justify-content-between mb-6\">\n                    <div class=\"text_wrapper d-flex flex-column align-items-center\">\n                        <p class=\"mb-2\">rongiga<\/p>\n                        <h5 class=\"mb-4\">30 min<\/h5>\n                                                    <p>Tallinna kesklinn<\/p>\n                                            <\/div>\n                <\/div>\n                                            <div class=\"icon col col-md-auto col-6 d-flex flex-column align-items-center justify-content-between mb-6\">\n                    <div class=\"text_wrapper d-flex flex-column align-items-center\">\n                        <p class=\"mb-2\">jalgsi<\/p>\n                        <h5 class=\"mb-4\">3 min<\/h5>\n                                                    <p>Kohila Coop<\/p>\n                                            <\/div>\n                <\/div>\n                                            <div class=\"icon col col-md-auto col-6 d-flex flex-column align-items-center justify-content-between mb-6\">\n                    <div class=\"text_wrapper d-flex flex-column align-items-center\">\n                        <p class=\"mb-2\">jalgsi<\/p>\n                        <h5 class=\"mb-4\">5 min<\/h5>\n                                                    <p>Kohila g\u00fcmnaasium<\/p>\n                                            <\/div>\n                <\/div>\n                                            <div class=\"icon col col-md-auto col-6 d-flex flex-column align-items-center justify-content-between mb-6\">\n                    <div class=\"text_wrapper d-flex flex-column align-items-center\">\n                        <p class=\"mb-2\">jalgsi<\/p>\n                        <h5 class=\"mb-4\">4 min<\/h5>\n                                                    <p>Lasteaed m\u00e4nni<\/p>\n                                            <\/div>\n                <\/div>\n                    <\/div>\n    <\/div>\n<\/div>\n\n\n<div class=\"content-block mb-lg-10 mb-9\">\n    <div class=\"container\">\n        <div class=\"content w100 fade-in-up\">\n            <p style=\"text-align: center;\">Kohila Kodud asuvad Tallinnast t\u00e4pselt parajalt l\u00e4hedal \u2013 turvalisest ja rohelisest elukeskkonnast j\u00f5uab autoga Tallinna kesklinna vaid 30 minutiga. Pealinna saab mugavalt s\u00f5ita ka rongiga \u2013 rongijaam asub vaid 5 minutilise jalutusk\u00e4igu l\u00e4hedusel.<\/p>\n        <\/div>\n    <\/div>\n<\/div>\n\n\n<div class=\"gallery-section-block\">\n\t<div class=\"container-fluid\">\n        <div class=\"gallery\">\n            <div class=\"row\">\n                                                                                <div class=\"col col-lg col-md-4 col-6 image_wrap \" data-slide=\"0\">\n                            <div class=\"image bg-center\" style=\"background-image:url(https:\/\/restate.ee\/kohilakodud\/wp-content\/uploads\/2022\/11\/Rectangle-94.jpg);\"><\/div>\n                        <\/div>\n                                        <div class=\"fancybox_links d-none\">\n                        <a href=\"https:\/\/restate.ee\/kohilakodud\/wp-content\/uploads\/2022\/11\/Rectangle-94.jpg\" data-slide=\"0\" data-fancybox=\"gallery\" style=\"background-image:url(https:\/\/restate.ee\/kohilakodud\/wp-content\/uploads\/2022\/11\/Rectangle-94.jpg);\"><\/a>\n                    <\/div>\n                                                                                <div class=\"col col-lg col-md-4 col-6 image_wrap \" data-slide=\"1\">\n                            <div class=\"image bg-center\" style=\"background-image:url(https:\/\/restate.ee\/kohilakodud\/wp-content\/uploads\/2022\/11\/Rectangle-95.jpg);\"><\/div>\n                        <\/div>\n                                        <div class=\"fancybox_links d-none\">\n                        <a href=\"https:\/\/restate.ee\/kohilakodud\/wp-content\/uploads\/2022\/11\/Rectangle-95.jpg\" data-slide=\"1\" data-fancybox=\"gallery\" style=\"background-image:url(https:\/\/restate.ee\/kohilakodud\/wp-content\/uploads\/2022\/11\/Rectangle-95.jpg);\"><\/a>\n                    <\/div>\n                                                                                <div class=\"col col-lg col-md-4 col-6 image_wrap \" data-slide=\"2\">\n                            <div class=\"image bg-center\" style=\"background-image:url(https:\/\/restate.ee\/kohilakodud\/wp-content\/uploads\/2022\/11\/Rectangle-96.jpg);\"><\/div>\n                        <\/div>\n                                        <div class=\"fancybox_links d-none\">\n                        <a href=\"https:\/\/restate.ee\/kohilakodud\/wp-content\/uploads\/2022\/11\/Rectangle-96.jpg\" data-slide=\"2\" data-fancybox=\"gallery\" style=\"background-image:url(https:\/\/restate.ee\/kohilakodud\/wp-content\/uploads\/2022\/11\/Rectangle-96.jpg);\"><\/a>\n                    <\/div>\n                                                                                <div class=\"col col-lg col-md-4 col-6 image_wrap \" data-slide=\"3\">\n                            <div class=\"image bg-center\" style=\"background-image:url(https:\/\/restate.ee\/kohilakodud\/wp-content\/uploads\/2022\/11\/Rectangle-97.jpg);\"><\/div>\n                        <\/div>\n                                        <div class=\"fancybox_links d-none\">\n                        <a href=\"https:\/\/restate.ee\/kohilakodud\/wp-content\/uploads\/2022\/11\/Rectangle-97.jpg\" data-slide=\"3\" data-fancybox=\"gallery\" style=\"background-image:url(https:\/\/restate.ee\/kohilakodud\/wp-content\/uploads\/2022\/11\/Rectangle-97.jpg);\"><\/a>\n                    <\/div>\n                                                                                <div class=\"col col-lg col-md-4 col-6 image_wrap  d-md-block d-none\" data-slide=\"4\">\n                            <div class=\"image bg-center\" style=\"background-image:url(https:\/\/restate.ee\/kohilakodud\/wp-content\/uploads\/2022\/11\/Rectangle-98.jpg);\"><\/div>\n                        <\/div>\n                                        <div class=\"fancybox_links d-none\">\n                        <a href=\"https:\/\/restate.ee\/kohilakodud\/wp-content\/uploads\/2022\/11\/Rectangle-98.jpg\" data-slide=\"4\" data-fancybox=\"gallery\" style=\"background-image:url(https:\/\/restate.ee\/kohilakodud\/wp-content\/uploads\/2022\/11\/Rectangle-98.jpg);\"><\/a>\n                    <\/div>\n                                                                            <div class=\"fancybox_links d-none\">\n                        <a href=\"https:\/\/restate.ee\/kohilakodud\/wp-content\/uploads\/2024\/06\/sutlema_hageri_kohila_infra_1.jpg\" data-slide=\"5\" data-fancybox=\"gallery\" style=\"background-image:url(https:\/\/restate.ee\/kohilakodud\/wp-content\/uploads\/2024\/06\/sutlema_hageri_kohila_infra_1.jpg);\"><\/a>\n                    <\/div>\n                                                                            <div class=\"fancybox_links d-none\">\n                        <a href=\"https:\/\/restate.ee\/kohilakodud\/wp-content\/uploads\/2024\/01\/viigimetsa-droon-dji_0056-02-min.png\" data-slide=\"6\" data-fancybox=\"gallery\" style=\"background-image:url(https:\/\/restate.ee\/kohilakodud\/wp-content\/uploads\/2024\/01\/viigimetsa-droon-dji_0056-02-min.png);\"><\/a>\n                    <\/div>\n                            <\/div>\n        <\/div>\n    <\/div>\n<\/div>","protected":false},"excerpt":{"rendered":"","protected":false},"author":1,"featured_media":0,"parent":0,"menu_order":7,"comment_status":"closed","ping_status":"closed","template":"","meta":[],"acf":[],"yoast_head":"<!-- This site is optimized with the Yoast SEO plugin v19.10 - https:\/\/yoast.com\/wordpress\/plugins\/seo\/ -->\n<title>Asukoht - Kohila Kodud<\/title>\n<meta name=\"robots\" content=\"index, follow, max-snippet:-1, max-image-preview:large, max-video-preview:-1\" \/>\n<link rel=\"canonical\" href=\"https:\/\/restate.ee\/kohilakodud\/asukoht\/\" \/>\n<meta property=\"og:locale\" content=\"et_EE\" \/>\n<meta property=\"og:type\" content=\"article\" \/>\n<meta property=\"og:title\" content=\"Asukoht - Kohila Kodud\" \/>\n<meta property=\"og:url\" content=\"https:\/\/restate.ee\/kohilakodud\/asukoht\/\" \/>\n<meta property=\"og:site_name\" content=\"Kohila Kodud\" \/>\n<meta property=\"article:modified_time\" content=\"2024-06-21T10:03:25+00:00\" \/>\n<meta property=\"og:image\" content=\"https:\/\/restate.ee\/kohilakodud\/wp-content\/uploads\/2022\/11\/viigimetsa-og.jpg\" \/>\n\t<meta property=\"og:image:width\" content=\"1200\" \/>\n\t<meta property=\"og:image:height\" content=\"630\" \/>\n\t<meta property=\"og:image:type\" content=\"image\/jpeg\" \/>\n<meta name=\"twitter:card\" content=\"summary_large_image\" \/>\n<script type=\"application\/ld+json\" class=\"yoast-schema-graph\">{\"@context\":\"https:\/\/schema.org\",\"@graph\":[{\"@type\":\"WebPage\",\"@id\":\"https:\/\/restate.ee\/kohilakodud\/asukoht\/\",\"url\":\"https:\/\/restate.ee\/kohilakodud\/asukoht\/\",\"name\":\"Asukoht - Kohila Kodud\",\"isPartOf\":{\"@id\":\"https:\/\/restate.ee\/kohilakodud\/#website\"},\"datePublished\":\"2022-11-02T17:31:48+00:00\",\"dateModified\":\"2024-06-21T10:03:25+00:00\",\"breadcrumb\":{\"@id\":\"https:\/\/restate.ee\/kohilakodud\/asukoht\/#breadcrumb\"},\"inLanguage\":\"et\",\"potentialAction\":[{\"@type\":\"ReadAction\",\"target\":[\"https:\/\/restate.ee\/kohilakodud\/asukoht\/\"]}]},{\"@type\":\"BreadcrumbList\",\"@id\":\"https:\/\/restate.ee\/kohilakodud\/asukoht\/#breadcrumb\",\"itemListElement\":[{\"@type\":\"ListItem\",\"position\":1,\"name\":\"Home\",\"item\":\"https:\/\/restate.ee\/kohilakodud\/\"},{\"@type\":\"ListItem\",\"position\":2,\"name\":\"Asukoht\"}]},{\"@type\":\"WebSite\",\"@id\":\"https:\/\/restate.ee\/kohilakodud\/#website\",\"url\":\"https:\/\/restate.ee\/kohilakodud\/\",\"name\":\"Kohila Kodud\",\"description\":\"Uusarendus Kohilas\",\"publisher\":{\"@id\":\"https:\/\/restate.ee\/kohilakodud\/#organization\"},\"potentialAction\":[{\"@type\":\"SearchAction\",\"target\":{\"@type\":\"EntryPoint\",\"urlTemplate\":\"https:\/\/restate.ee\/kohilakodud\/?s={search_term_string}\"},\"query-input\":\"required name=search_term_string\"}],\"inLanguage\":\"et\"},{\"@type\":\"Organization\",\"@id\":\"https:\/\/restate.ee\/kohilakodud\/#organization\",\"name\":\"Kohila Kodud\",\"url\":\"https:\/\/restate.ee\/kohilakodud\/\",\"logo\":{\"@type\":\"ImageObject\",\"inLanguage\":\"et\",\"@id\":\"https:\/\/restate.ee\/kohilakodud\/#\/schema\/logo\/image\/\",\"url\":\"https:\/\/restate.ee\/kohilakodud\/wp-content\/uploads\/2022\/11\/Viigimetsa-orange-1-1.svg\",\"contentUrl\":\"https:\/\/restate.ee\/kohilakodud\/wp-content\/uploads\/2022\/11\/Viigimetsa-orange-1-1.svg\",\"caption\":\"Kohila Kodud\"},\"image\":{\"@id\":\"https:\/\/restate.ee\/kohilakodud\/#\/schema\/logo\/image\/\"}}]}<\/script>\n<!-- \/ Yoast SEO plugin. -->","yoast_head_json":{"title":"Asukoht - Kohila Kodud","robots":{"index":"index","follow":"follow","max-snippet":"max-snippet:-1","max-image-preview":"max-image-preview:large","max-video-preview":"max-video-preview:-1"},"canonical":"https:\/\/restate.ee\/kohilakodud\/asukoht\/","og_locale":"et_EE","og_type":"article","og_title":"Asukoht - Kohila Kodud","og_url":"https:\/\/restate.ee\/kohilakodud\/asukoht\/","og_site_name":"Kohila Kodud","article_modified_time":"2024-06-21T10:03:25+00:00","og_image":[{"width":1200,"height":630,"url":"https:\/\/restate.ee\/kohilakodud\/wp-content\/uploads\/2022\/11\/viigimetsa-og.jpg","type":"image\/jpeg"}],"twitter_card":"summary_large_image","schema":{"@context":"https:\/\/schema.org","@graph":[{"@type":"WebPage","@id":"https:\/\/restate.ee\/kohilakodud\/asukoht\/","url":"https:\/\/restate.ee\/kohilakodud\/asukoht\/","name":"Asukoht - Kohila Kodud","isPartOf":{"@id":"https:\/\/restate.ee\/kohilakodud\/#website"},"datePublished":"2022-11-02T17:31:48+00:00","dateModified":"2024-06-21T10:03:25+00:00","breadcrumb":{"@id":"https:\/\/restate.ee\/kohilakodud\/asukoht\/#breadcrumb"},"inLanguage":"et","potentialAction":[{"@type":"ReadAction","target":["https:\/\/restate.ee\/kohilakodud\/asukoht\/"]}]},{"@type":"BreadcrumbList","@id":"https:\/\/restate.ee\/kohilakodud\/asukoht\/#breadcrumb","itemListElement":[{"@type":"ListItem","position":1,"name":"Home","item":"https:\/\/restate.ee\/kohilakodud\/"},{"@type":"ListItem","position":2,"name":"Asukoht"}]},{"@type":"WebSite","@id":"https:\/\/restate.ee\/kohilakodud\/#website","url":"https:\/\/restate.ee\/kohilakodud\/","name":"Kohila Kodud","description":"Uusarendus Kohilas","publisher":{"@id":"https:\/\/restate.ee\/kohilakodud\/#organization"},"potentialAction":[{"@type":"SearchAction","target":{"@type":"EntryPoint","urlTemplate":"https:\/\/restate.ee\/kohilakodud\/?s={search_term_string}"},"query-input":"required name=search_term_string"}],"inLanguage":"et"},{"@type":"Organization","@id":"https:\/\/restate.ee\/kohilakodud\/#organization","name":"Kohila Kodud","url":"https:\/\/restate.ee\/kohilakodud\/","logo":{"@type":"ImageObject","inLanguage":"et","@id":"https:\/\/restate.ee\/kohilakodud\/#\/schema\/logo\/image\/","url":"https:\/\/restate.ee\/kohilakodud\/wp-content\/uploads\/2022\/11\/Viigimetsa-orange-1-1.svg","contentUrl":"https:\/\/restate.ee\/kohilakodud\/wp-content\/uploads\/2022\/11\/Viigimetsa-orange-1-1.svg","caption":"Kohila Kodud"},"image":{"@id":"https:\/\/restate.ee\/kohilakodud\/#\/schema\/logo\/image\/"}}]}},"_links":{"self":[{"href":"https:\/\/restate.ee\/kohilakodud\/wp-json\/wp\/v2\/pages\/161"}],"collection":[{"href":"https:\/\/restate.ee\/kohilakodud\/wp-json\/wp\/v2\/pages"}],"about":[{"href":"https:\/\/restate.ee\/kohilakodud\/wp-json\/wp\/v2\/types\/page"}],"author":[{"embeddable":true,"href":"https:\/\/restate.ee\/kohilakodud\/wp-json\/wp\/v2\/users\/1"}],"replies":[{"embeddable":true,"href":"https:\/\/restate.ee\/kohilakodud\/wp-json\/wp\/v2\/comments?post=161"}],"version-history":[{"count":68,"href":"https:\/\/restate.ee\/kohilakodud\/wp-json\/wp\/v2\/pages\/161\/revisions"}],"predecessor-version":[{"id":1815,"href":"https:\/\/restate.ee\/kohilakodud\/wp-json\/wp\/v2\/pages\/161\/revisions\/1815"}],"wp:attachment":[{"href":"https:\/\/restate.ee\/kohilakodud\/wp-json\/wp\/v2\/media?parent=161"}],"curies":[{"name":"wp","href":"https:\/\/api.w.org\/{rel}","templated":true}]}}