{"id":166,"date":"2022-11-02T20:32:07","date_gmt":"2022-11-02T17:32:07","guid":{"rendered":"https:\/\/restate.ee\/kohilakodud\/?page_id=166"},"modified":"2025-03-28T12:04:47","modified_gmt":"2025-03-28T09:04:47","slug":"ehitusinfo","status":"publish","type":"page","link":"https:\/\/restate.ee\/kohilakodud\/ehitusinfo\/","title":{"rendered":"Ehitusinfo"},"content":{"rendered":"\n<div class=\"text-image-block mb-md-9 mb-0\">\n    <div class=\"container fade-in-up\">\n        <div class=\"row gx-lg-4 flex-md-row flex-column-reverse\">\n            <div class=\"text col col-md-6 col-12 d-flex flex-column justify-content-center align-items-start\">\n                <div class=\"text_wrapper pt-lg-5 py-6\">\n                    <h3>EHITUST\u00d6\u00d6D VIIB L\u00c4BI<\/h3>\n                <\/div>\n            <\/div>\n            <div class=\"image col col-md-6 col-12 px-lg-4 px-md-5 px-0\">\n                <img decoding=\"async\" src=\"https:\/\/restate.ee\/kohilakodud\/wp-content\/uploads\/2024\/10\/mitt_perlebach_logo_cmyk.png\" width=\"1420\" height=\"352\" alt=\"\" \/>\n            <\/div>\n        <\/div>\n    <\/div>\n<\/div>\n\n\n<div class=\"text-image-block mb-md-9 mb-0\">\n    <div class=\"container fade-in-up\">\n        <div class=\"row gx-lg-4 flex-md-row flex-column-reverse\">\n            <div class=\"text col col-md-6 col-12 d-flex flex-column justify-content-center align-items-start\">\n                <div class=\"text_wrapper pt-lg-5 py-6\">\n                    <h3>Energiaklass<\/h3>\n<p>Viigi 6\/1 ja 6\/2 hooned vastavad energiat\u00f5hususarvu klassile A. Lisaks on hoone katusel oma p\u00e4iksepark, mis toodab majadesse elektrienergiat.<\/p>\n                <\/div>\n            <\/div>\n            <div class=\"image col col-md-6 col-12 px-lg-4 px-md-5 px-0\">\n                <img decoding=\"async\" src=\"https:\/\/restate.ee\/kohilakodud\/wp-content\/uploads\/2022\/11\/Rectangle-123.jpg\" width=\"744\" height=\"451\" alt=\"\" \/>\n            <\/div>\n        <\/div>\n    <\/div>\n<\/div>\n\n\n<div class=\"text-image-block mb-md-9 mb-0\">\n    <div class=\"container fade-in-up\">\n        <div class=\"row gx-lg-4 flex-md-row-reverse flex-column-reverse\">\n            <div class=\"text col col-md-6 col-12 d-flex flex-column justify-content-center align-items-start\">\n                <div class=\"text_wrapper pt-lg-5 py-6\">\n                    <h3>Vundament, seinad, laed ja katus<\/h3>\n<p>Hoonete kandvad konstruktsioonid toetuvad lintvundamentidele. Selleks, et kodu oleks v\u00f5imalikult vastupidav, ehitame majad kivist, majad on korralikult soojustatud ja kaetud krohvi ja viimistlusplaatidega.  <\/p>\n<p>Kandvad siseseinad laotakse samuti kauakestvatest t\u00e4isbetoneeritud \u00f5\u00f5nesblokkidest.<br \/>\nVahelaed on raudbetoonist \u00f5\u00f5nespaneelidest, mille peale kantakse sammum\u00fcra t\u00f5kestamiseks m\u00fcrasummutuskiht ning monoliitbetoon.  <\/p>\n<p>Katuslagi rajatakse \u00f5\u00f5nespaneelidest, millele paigaldatakse aurut\u00f5ke, soojustus ja kahekordne rullmaterjalist katusekate. <\/p>\n                <\/div>\n            <\/div>\n            <div class=\"image col col-md-6 col-12 px-lg-4 px-md-5 px-0\">\n                <img decoding=\"async\" src=\"https:\/\/restate.ee\/kohilakodud\/wp-content\/uploads\/2022\/11\/Rectangle-124.jpg\" width=\"744\" height=\"451\" alt=\"\" \/>\n            <\/div>\n        <\/div>\n    <\/div>\n<\/div>\n\n\n<div class=\"text-image-block mb-md-9 mb-0\">\n    <div class=\"container fade-in-up\">\n        <div class=\"row gx-lg-4 flex-md-row flex-column-reverse\">\n            <div class=\"text col col-md-6 col-12 d-flex flex-column justify-content-center align-items-start\">\n                <div class=\"text_wrapper pt-lg-5 py-6\">\n                    <h3>Siseseinad, trepid ja koridorid<\/h3>\n<p>Mittekandvad siseseinad rajatakse metallkarkassile kinnistatud ehitusplaatidest.Korterite vahelised kandavad siseseinad rajatakse 240mm t\u00e4isbetoneeritud \u00f5\u00f5nesblokkidest.<\/p>\n<p>Atmosf\u00e4\u00e4rile lisavad hubasust kvaliteetsed ja vastupidavad puidust sisetrepid.<\/p>\n                <\/div>\n            <\/div>\n            <div class=\"image col col-md-6 col-12 px-lg-4 px-md-5 px-0\">\n                <img decoding=\"async\" src=\"https:\/\/restate.ee\/kohilakodud\/wp-content\/uploads\/2022\/11\/Rectangle-125.jpg\" width=\"744\" height=\"451\" alt=\"\" \/>\n            <\/div>\n        <\/div>\n    <\/div>\n<\/div>\n\n\n<div class=\"text-image-block mb-md-9 mb-0\">\n    <div class=\"container fade-in-up\">\n        <div class=\"row gx-lg-4 flex-md-row-reverse flex-column-reverse\">\n            <div class=\"text col col-md-6 col-12 d-flex flex-column justify-content-center align-items-start\">\n                <div class=\"text_wrapper pt-lg-5 py-6\">\n                    <h3>Terrassid<\/h3>\n<p>Terrasside suurused 15-45,2m2 + ainukasutusse j\u00e4\u00e4v hooviala.<\/p>\n                <\/div>\n            <\/div>\n            <div class=\"image col col-md-6 col-12 px-lg-4 px-md-5 px-0\">\n                <img decoding=\"async\" src=\"https:\/\/restate.ee\/kohilakodud\/wp-content\/uploads\/2022\/11\/Rectangle-126.jpg\" width=\"744\" height=\"451\" alt=\"\" \/>\n            <\/div>\n        <\/div>\n    <\/div>\n<\/div>\n\n\n<div class=\"text-image-block mb-md-9 mb-0\">\n    <div class=\"container fade-in-up\">\n        <div class=\"row gx-lg-4 flex-md-row flex-column-reverse\">\n            <div class=\"text col col-md-6 col-12 d-flex flex-column justify-content-center align-items-start\">\n                <div class=\"text_wrapper pt-lg-5 py-6\">\n                    <h3>Aknad ja uksed<\/h3>\n<p>Hoonetel on PVC raamil 3-kordsed klaaspaketiga aknad mis tagavad v\u00e4ga hea heli- ja soojapidavuse.<\/p>\n<p>Korterite peaukseks on metalluks. <\/p>\n                <\/div>\n            <\/div>\n            <div class=\"image col col-md-6 col-12 px-lg-4 px-md-5 px-0\">\n                <img decoding=\"async\" src=\"https:\/\/restate.ee\/kohilakodud\/wp-content\/uploads\/2022\/11\/Rectangle-127.jpg\" width=\"744\" height=\"451\" alt=\"\" \/>\n            <\/div>\n        <\/div>\n    <\/div>\n<\/div>\n\n\n<div class=\"text-image-block mb-md-9 mb-0\">\n    <div class=\"container fade-in-up\">\n        <div class=\"row gx-lg-4 flex-md-row-reverse flex-column-reverse\">\n            <div class=\"text col col-md-6 col-12 d-flex flex-column justify-content-center align-items-start\">\n                <div class=\"text_wrapper pt-lg-5 py-6\">\n                    <h3>K\u00fcte, ventilatsioon, veevarustus ja jahutus<\/h3>\n<p>Ridaelamute soojusvarustuse tagavad \u00f5hk-vesi soojuspumbad.<\/p>\n<p>Korterites on mugav ja energias\u00e4\u00e4stlik vesip\u00f5randak\u00fcte.<\/p>\n<p>Korterid on varustatud soojustagastusega korterip\u00f5hise ventilatsioonis\u00fcsteemiga. Majad on \u00fchendatud Kohila Maja vee- ja kanalisatsiooniv\u00f5rku.<br \/>\nT\u00e4iusliku sisekliima tarbeks rajatakse p\u00f5randajahutus, et palavatel p\u00e4evadel oleks kodus m\u00f5nusalt jahutav.<\/p>\n                <\/div>\n            <\/div>\n            <div class=\"image col col-md-6 col-12 px-lg-4 px-md-5 px-0\">\n                <img decoding=\"async\" src=\"https:\/\/restate.ee\/kohilakodud\/wp-content\/uploads\/2022\/11\/download-3-min.jpg\" width=\"1000\" height=\"600\" alt=\"\" \/>\n            <\/div>\n        <\/div>\n    <\/div>\n<\/div>\n\n\n<div class=\"text-image-block mb-md-9 mb-0\">\n    <div class=\"container fade-in-up\">\n        <div class=\"row gx-lg-4 flex-md-row flex-column-reverse\">\n            <div class=\"text col col-md-6 col-12 d-flex flex-column justify-content-center align-items-start\">\n                <div class=\"text_wrapper pt-lg-5 py-6\">\n                    <h3>Elektri- ja n\u00f5rkvoolus\u00fcsteemid<\/h3>\n<p>K\u00f5igile korteritele teostatakse elektriliitumine ja korterisisene elektrikaabeldus. Paigaldatakse andmesidekaabeldus, et oleks v\u00f5imalus liituda meelep\u00e4rase teenusepakkujaga. Korteritesse paigaldatakse l\u00fclitid ja pistikud vastavalt siseviimistluspaketile ning vannitubade ja esiku lagedesse LED valgustid. Teistes ruumides tuuakse etten\u00e4htud kohtadele valgustite paigaldamiseks toiteotsad.<\/p>\n                <\/div>\n            <\/div>\n            <div class=\"image col col-md-6 col-12 px-lg-4 px-md-5 px-0\">\n                <img decoding=\"async\" src=\"https:\/\/restate.ee\/kohilakodud\/wp-content\/uploads\/2022\/11\/Rectangle-129.jpg\" width=\"744\" height=\"451\" alt=\"\" \/>\n            <\/div>\n        <\/div>\n    <\/div>\n<\/div>\n\n\n<div class=\"text-image-block mb-md-9 mb-0\">\n    <div class=\"container fade-in-up\">\n        <div class=\"row gx-lg-4 flex-md-row-reverse flex-column-reverse\">\n            <div class=\"text col col-md-6 col-12 d-flex flex-column justify-content-center align-items-start\">\n                <div class=\"text_wrapper pt-lg-5 py-6\">\n                    <h3>Hooviala<\/h3>\n<p>K\u00f5rghaljastusega hooviala l\u00f5unasuunal on loodud m\u00e4ngu- ja puhkenurk nii lastele, kui ka t\u00e4iskasvanutele, mida \u00fchendavad majadega graniits\u00f5elmekattega teed. Nii hoovi- kui m\u00e4nguala on valgustatud. <\/p>\n<p>Hoonete ees asuvad elanike parkimiskohad.<\/p>\n                <\/div>\n            <\/div>\n            <div class=\"image col col-md-6 col-12 px-lg-4 px-md-5 px-0\">\n                <img decoding=\"async\" src=\"https:\/\/restate.ee\/kohilakodud\/wp-content\/uploads\/2022\/11\/Viigimetsa-vaade-C-02-min-scaled.jpg\" width=\"2560\" height=\"1440\" alt=\"\" \/>\n            <\/div>\n        <\/div>\n    <\/div>\n<\/div>","protected":false},"excerpt":{"rendered":"","protected":false},"author":1,"featured_media":0,"parent":0,"menu_order":5,"comment_status":"closed","ping_status":"closed","template":"","meta":[],"acf":[],"yoast_head":"<!-- This site is optimized with the Yoast SEO plugin v19.10 - https:\/\/yoast.com\/wordpress\/plugins\/seo\/ -->\n<title>Ehitusinfo - Kohila Kodud<\/title>\n<meta name=\"robots\" content=\"index, follow, max-snippet:-1, max-image-preview:large, max-video-preview:-1\" \/>\n<link rel=\"canonical\" href=\"https:\/\/restate.ee\/kohilakodud\/ehitusinfo\/\" \/>\n<meta property=\"og:locale\" content=\"et_EE\" \/>\n<meta property=\"og:type\" content=\"article\" \/>\n<meta property=\"og:title\" content=\"Ehitusinfo - Kohila Kodud\" \/>\n<meta property=\"og:url\" content=\"https:\/\/restate.ee\/kohilakodud\/ehitusinfo\/\" \/>\n<meta property=\"og:site_name\" content=\"Kohila Kodud\" \/>\n<meta property=\"article:modified_time\" content=\"2025-03-28T09:04:47+00:00\" \/>\n<meta property=\"og:image\" content=\"https:\/\/restate.ee\/kohilakodud\/wp-content\/uploads\/2022\/11\/viigimetsa-og.jpg\" \/>\n\t<meta property=\"og:image:width\" content=\"1200\" \/>\n\t<meta property=\"og:image:height\" content=\"630\" \/>\n\t<meta property=\"og:image:type\" content=\"image\/jpeg\" \/>\n<meta name=\"twitter:card\" content=\"summary_large_image\" \/>\n<script type=\"application\/ld+json\" class=\"yoast-schema-graph\">{\"@context\":\"https:\/\/schema.org\",\"@graph\":[{\"@type\":\"WebPage\",\"@id\":\"https:\/\/restate.ee\/kohilakodud\/ehitusinfo\/\",\"url\":\"https:\/\/restate.ee\/kohilakodud\/ehitusinfo\/\",\"name\":\"Ehitusinfo - Kohila Kodud\",\"isPartOf\":{\"@id\":\"https:\/\/restate.ee\/kohilakodud\/#website\"},\"datePublished\":\"2022-11-02T17:32:07+00:00\",\"dateModified\":\"2025-03-28T09:04:47+00:00\",\"breadcrumb\":{\"@id\":\"https:\/\/restate.ee\/kohilakodud\/ehitusinfo\/#breadcrumb\"},\"inLanguage\":\"et\",\"potentialAction\":[{\"@type\":\"ReadAction\",\"target\":[\"https:\/\/restate.ee\/kohilakodud\/ehitusinfo\/\"]}]},{\"@type\":\"BreadcrumbList\",\"@id\":\"https:\/\/restate.ee\/kohilakodud\/ehitusinfo\/#breadcrumb\",\"itemListElement\":[{\"@type\":\"ListItem\",\"position\":1,\"name\":\"Home\",\"item\":\"https:\/\/restate.ee\/kohilakodud\/\"},{\"@type\":\"ListItem\",\"position\":2,\"name\":\"Ehitusinfo\"}]},{\"@type\":\"WebSite\",\"@id\":\"https:\/\/restate.ee\/kohilakodud\/#website\",\"url\":\"https:\/\/restate.ee\/kohilakodud\/\",\"name\":\"Kohila Kodud\",\"description\":\"Uusarendus Kohilas\",\"publisher\":{\"@id\":\"https:\/\/restate.ee\/kohilakodud\/#organization\"},\"potentialAction\":[{\"@type\":\"SearchAction\",\"target\":{\"@type\":\"EntryPoint\",\"urlTemplate\":\"https:\/\/restate.ee\/kohilakodud\/?s={search_term_string}\"},\"query-input\":\"required name=search_term_string\"}],\"inLanguage\":\"et\"},{\"@type\":\"Organization\",\"@id\":\"https:\/\/restate.ee\/kohilakodud\/#organization\",\"name\":\"Kohila Kodud\",\"url\":\"https:\/\/restate.ee\/kohilakodud\/\",\"logo\":{\"@type\":\"ImageObject\",\"inLanguage\":\"et\",\"@id\":\"https:\/\/restate.ee\/kohilakodud\/#\/schema\/logo\/image\/\",\"url\":\"https:\/\/restate.ee\/kohilakodud\/wp-content\/uploads\/2022\/11\/Viigimetsa-orange-1-1.svg\",\"contentUrl\":\"https:\/\/restate.ee\/kohilakodud\/wp-content\/uploads\/2022\/11\/Viigimetsa-orange-1-1.svg\",\"caption\":\"Kohila Kodud\"},\"image\":{\"@id\":\"https:\/\/restate.ee\/kohilakodud\/#\/schema\/logo\/image\/\"}}]}<\/script>\n<!-- \/ Yoast SEO plugin. -->","yoast_head_json":{"title":"Ehitusinfo - Kohila Kodud","robots":{"index":"index","follow":"follow","max-snippet":"max-snippet:-1","max-image-preview":"max-image-preview:large","max-video-preview":"max-video-preview:-1"},"canonical":"https:\/\/restate.ee\/kohilakodud\/ehitusinfo\/","og_locale":"et_EE","og_type":"article","og_title":"Ehitusinfo - Kohila Kodud","og_url":"https:\/\/restate.ee\/kohilakodud\/ehitusinfo\/","og_site_name":"Kohila Kodud","article_modified_time":"2025-03-28T09:04:47+00:00","og_image":[{"width":1200,"height":630,"url":"https:\/\/restate.ee\/kohilakodud\/wp-content\/uploads\/2022\/11\/viigimetsa-og.jpg","type":"image\/jpeg"}],"twitter_card":"summary_large_image","schema":{"@context":"https:\/\/schema.org","@graph":[{"@type":"WebPage","@id":"https:\/\/restate.ee\/kohilakodud\/ehitusinfo\/","url":"https:\/\/restate.ee\/kohilakodud\/ehitusinfo\/","name":"Ehitusinfo - Kohila Kodud","isPartOf":{"@id":"https:\/\/restate.ee\/kohilakodud\/#website"},"datePublished":"2022-11-02T17:32:07+00:00","dateModified":"2025-03-28T09:04:47+00:00","breadcrumb":{"@id":"https:\/\/restate.ee\/kohilakodud\/ehitusinfo\/#breadcrumb"},"inLanguage":"et","potentialAction":[{"@type":"ReadAction","target":["https:\/\/restate.ee\/kohilakodud\/ehitusinfo\/"]}]},{"@type":"BreadcrumbList","@id":"https:\/\/restate.ee\/kohilakodud\/ehitusinfo\/#breadcrumb","itemListElement":[{"@type":"ListItem","position":1,"name":"Home","item":"https:\/\/restate.ee\/kohilakodud\/"},{"@type":"ListItem","position":2,"name":"Ehitusinfo"}]},{"@type":"WebSite","@id":"https:\/\/restate.ee\/kohilakodud\/#website","url":"https:\/\/restate.ee\/kohilakodud\/","name":"Kohila Kodud","description":"Uusarendus Kohilas","publisher":{"@id":"https:\/\/restate.ee\/kohilakodud\/#organization"},"potentialAction":[{"@type":"SearchAction","target":{"@type":"EntryPoint","urlTemplate":"https:\/\/restate.ee\/kohilakodud\/?s={search_term_string}"},"query-input":"required name=search_term_string"}],"inLanguage":"et"},{"@type":"Organization","@id":"https:\/\/restate.ee\/kohilakodud\/#organization","name":"Kohila Kodud","url":"https:\/\/restate.ee\/kohilakodud\/","logo":{"@type":"ImageObject","inLanguage":"et","@id":"https:\/\/restate.ee\/kohilakodud\/#\/schema\/logo\/image\/","url":"https:\/\/restate.ee\/kohilakodud\/wp-content\/uploads\/2022\/11\/Viigimetsa-orange-1-1.svg","contentUrl":"https:\/\/restate.ee\/kohilakodud\/wp-content\/uploads\/2022\/11\/Viigimetsa-orange-1-1.svg","caption":"Kohila Kodud"},"image":{"@id":"https:\/\/restate.ee\/kohilakodud\/#\/schema\/logo\/image\/"}}]}},"_links":{"self":[{"href":"https:\/\/restate.ee\/kohilakodud\/wp-json\/wp\/v2\/pages\/166"}],"collection":[{"href":"https:\/\/restate.ee\/kohilakodud\/wp-json\/wp\/v2\/pages"}],"about":[{"href":"https:\/\/restate.ee\/kohilakodud\/wp-json\/wp\/v2\/types\/page"}],"author":[{"embeddable":true,"href":"https:\/\/restate.ee\/kohilakodud\/wp-json\/wp\/v2\/users\/1"}],"replies":[{"embeddable":true,"href":"https:\/\/restate.ee\/kohilakodud\/wp-json\/wp\/v2\/comments?post=166"}],"version-history":[{"count":38,"href":"https:\/\/restate.ee\/kohilakodud\/wp-json\/wp\/v2\/pages\/166\/revisions"}],"predecessor-version":[{"id":2140,"href":"https:\/\/restate.ee\/kohilakodud\/wp-json\/wp\/v2\/pages\/166\/revisions\/2140"}],"wp:attachment":[{"href":"https:\/\/restate.ee\/kohilakodud\/wp-json\/wp\/v2\/media?parent=166"}],"curies":[{"name":"wp","href":"https:\/\/api.w.org\/{rel}","templated":true}]}}