{"id":172,"date":"2022-11-02T20:33:04","date_gmt":"2022-11-02T17:33:04","guid":{"rendered":"https:\/\/restate.ee\/kohilakodud\/?page_id=172"},"modified":"2024-04-09T14:22:10","modified_gmt":"2024-04-09T11:22:10","slug":"meeskond","status":"publish","type":"page","link":"https:\/\/restate.ee\/kohilakodud\/meeskond\/","title":{"rendered":"Meeskond"},"content":{"rendered":"\n<div class=\"text-image-block mb-md-9 mb-0\">\n    <div class=\"container fade-in-up\">\n        <div class=\"row gx-lg-4 flex-md-row-reverse flex-column-reverse\">\n            <div class=\"text col col-md-6 col-12 d-flex flex-column justify-content-center align-items-start\">\n                <div class=\"text_wrapper pt-lg-5 py-6\">\n                    <h3>DETAILIDENI L\u00c4BI M\u00d5ELDUD \u2013 KOHILA KODUD<\/h3>\n<p>RESTATE eesm\u00e4rgiks on luua hooneid mis on erilised ja isikup\u00e4rased s\u00e4ilitades v\u00e4\u00e4rtust v\u00f5imalikult kaua. Samuti on me loodud hooned inims\u00f5bralikud, mida iseloomustavad uudsed ja funktsionaalsed lahendused koos tervikliku elukeskkonnaga.<\/p>\n<p>Usume, et meie pikaajaline kogemus kinnisvara arendamisel v\u00f5imaldab meil inimestele pakkuda detailideni l\u00e4bim\u00f5eldud lahendusi, et muuta nende soovid ja unistused reaalsuseks.<\/p>\n<p>&nbsp;<\/p>\n                <\/div>\n            <\/div>\n            <div class=\"image col col-md-6 col-12 px-lg-4 px-md-5 px-0\">\n                <img decoding=\"async\" src=\"https:\/\/restate.ee\/kohilakodud\/wp-content\/uploads\/2024\/01\/restate_logo.png\" width=\"1920\" height=\"1080\" alt=\"\" \/>\n            <\/div>\n        <\/div>\n    <\/div>\n<\/div>\n\n\n<div class=\"text-image-block mb-md-9 mb-0\">\n    <div class=\"container fade-in-up\">\n        <div class=\"row gx-lg-4 flex-md-row flex-column-reverse\">\n            <div class=\"text col col-md-6 col-12 d-flex flex-column justify-content-center align-items-start\">\n                <div class=\"text_wrapper pt-lg-5 py-6\">\n                    <p>Vaatasime sellele projektile teie silmadega! Meie projektijuhid pidasid pikki arutelusid oma kolleegide ja spetsialistidega, et nendest kodudest saaks ideaalne paik elamiseks. Kodutunne hakkab juba saabumisest, sest imeilus m\u00e4nnimets tervitab teid juba esimesest pilgust.<\/p>\n                <\/div>\n            <\/div>\n            <div class=\"image col col-md-6 col-12 px-lg-4 px-md-5 px-0\">\n                <img decoding=\"async\" src=\"https:\/\/restate.ee\/kohilakodud\/wp-content\/uploads\/2024\/04\/img_3242_vsco-scaled.jpg\" width=\"2560\" height=\"1920\" alt=\"\" \/>\n            <\/div>\n        <\/div>\n    <\/div>\n<\/div>\n\n\n<div class=\"text-image-block mb-md-9 mb-0\">\n    <div class=\"container fade-in-up\">\n        <div class=\"row gx-lg-4 flex-md-row-reverse flex-column-reverse\">\n            <div class=\"text col col-md-6 col-12 d-flex flex-column justify-content-center align-items-start\">\n                <div class=\"text_wrapper pt-lg-5 py-6\">\n                    <p>Loodusest ammutatud rahu on toodud igale \u00f5uele meie maastikukujundaja Peep Mooraste poolt just selleks, et tunneksite naudingut koju j\u00f5udmisest ja et see ulatuks toast kaugemale.<\/p>\n                <\/div>\n            <\/div>\n            <div class=\"image col col-md-6 col-12 px-lg-4 px-md-5 px-0\">\n                <img decoding=\"async\" src=\"https:\/\/restate.ee\/kohilakodud\/wp-content\/uploads\/2022\/11\/moorast-family-150-2-min-scaled.jpg\" width=\"2560\" height=\"2048\" alt=\"\" \/>\n            <\/div>\n        <\/div>\n    <\/div>\n<\/div>\n\n\n<div class=\"text-image-block mb-md-9 mb-0\">\n    <div class=\"container fade-in-up\">\n        <div class=\"row gx-lg-4 flex-md-row flex-column-reverse\">\n            <div class=\"text col col-md-6 col-12 d-flex flex-column justify-content-center align-items-start\">\n                <div class=\"text_wrapper pt-lg-5 py-6\">\n                    <p>Arhitektid Indrek Kallas ja Markus Pihla on pannud Kohila Kodude projekti oma parima m\u00f5eldes sellele, et ka tulevikus v\u00f5iksite tunda rahu ja uhkust silmapaistva harmoonia \u00fcle. Hoolitsetud on selle eest, et teie kodus oleks alati piisavalt valgust ja soojust.<\/p>\n                <\/div>\n            <\/div>\n            <div class=\"image col col-md-6 col-12 px-lg-4 px-md-5 px-0\">\n                <img decoding=\"async\" src=\"https:\/\/restate.ee\/kohilakodud\/wp-content\/uploads\/2022\/11\/Photo-24.11-2-min-scaled.jpg\" width=\"2560\" height=\"1773\" alt=\"\" \/>\n            <\/div>\n        <\/div>\n    <\/div>\n<\/div>\n\n\n<div class=\"text-image-block mb-md-9 mb-0\">\n    <div class=\"container fade-in-up\">\n        <div class=\"row gx-lg-4 flex-md-row-reverse flex-column-reverse\">\n            <div class=\"text col col-md-6 col-12 d-flex flex-column justify-content-center align-items-start\">\n                <div class=\"text_wrapper pt-lg-5 py-6\">\n                    <p>Kohila Kodude sisekujunduses kohtub kodutunne kasutusmugavusega. Ace of Space sisekujundaja Aivo Arusaare k\u00e4e l\u00e4bi on iga detail leidnud oma koha m\u00f5eldes kasutusmugavusele ja hubasusele.<\/p>\n                <\/div>\n            <\/div>\n            <div class=\"image col col-md-6 col-12 px-lg-4 px-md-5 px-0\">\n                <img decoding=\"async\" src=\"https:\/\/restate.ee\/kohilakodud\/wp-content\/uploads\/2022\/11\/DSCF5189-2-min.jpg\" width=\"1667\" height=\"1250\" alt=\"\" \/>\n            <\/div>\n        <\/div>\n    <\/div>\n<\/div>\n\n\n<div class=\"text-image-block mb-md-9 mb-0\">\n    <div class=\"container fade-in-up\">\n        <div class=\"row gx-lg-4 flex-md-row flex-column-reverse\">\n            <div class=\"text col col-md-6 col-12 d-flex flex-column justify-content-center align-items-start\">\n                <div class=\"text_wrapper pt-lg-5 py-6\">\n                    <p>Ning et kodud oleks s\u00e4\u00e4stlikult ja kaasaegsed oma tehnos\u00fcsteemide poolest, siis projekteerijad Tanel Ratnik ja Rando Trisberg kandsid hoolt, et teie kodud oleksid suurep\u00e4rase sisekliimaga ja taskukohased sellisena nagu Teile meeldib \u2013 m\u00f5nusalt soojana ka k\u00f5ledatel talvistel \u00f5htutel ning meeldivalt jahedana siis, kui p\u00e4ike on kesksuviselt k\u00f5rvetav!<\/p>\n                <\/div>\n            <\/div>\n            <div class=\"image col col-md-6 col-12 px-lg-4 px-md-5 px-0\">\n                <img decoding=\"async\" src=\"https:\/\/restate.ee\/kohilakodud\/wp-content\/uploads\/2022\/11\/engineering-working-together-and-using-digital-tab-2022-10-06-05-57-10-utc-min-scaled.jpg\" width=\"2560\" height=\"1707\" alt=\"\" \/>\n            <\/div>\n        <\/div>\n    <\/div>\n<\/div>","protected":false},"excerpt":{"rendered":"","protected":false},"author":1,"featured_media":0,"parent":0,"menu_order":2,"comment_status":"closed","ping_status":"closed","template":"","meta":[],"acf":[],"yoast_head":"<!-- This site is optimized with the Yoast SEO plugin v19.10 - https:\/\/yoast.com\/wordpress\/plugins\/seo\/ -->\n<title>Meeskond - Kohila Kodud<\/title>\n<meta name=\"robots\" content=\"index, follow, max-snippet:-1, max-image-preview:large, max-video-preview:-1\" \/>\n<link rel=\"canonical\" href=\"https:\/\/restate.ee\/kohilakodud\/meeskond\/\" \/>\n<meta property=\"og:locale\" content=\"et_EE\" \/>\n<meta property=\"og:type\" content=\"article\" \/>\n<meta property=\"og:title\" content=\"Meeskond - Kohila Kodud\" \/>\n<meta property=\"og:url\" content=\"https:\/\/restate.ee\/kohilakodud\/meeskond\/\" \/>\n<meta property=\"og:site_name\" content=\"Kohila Kodud\" \/>\n<meta property=\"article:modified_time\" content=\"2024-04-09T11:22:10+00:00\" \/>\n<meta property=\"og:image\" content=\"https:\/\/restate.ee\/kohilakodud\/wp-content\/uploads\/2022\/11\/viigimetsa-og.jpg\" \/>\n\t<meta property=\"og:image:width\" content=\"1200\" \/>\n\t<meta property=\"og:image:height\" content=\"630\" \/>\n\t<meta property=\"og:image:type\" content=\"image\/jpeg\" \/>\n<meta name=\"twitter:card\" content=\"summary_large_image\" \/>\n<script type=\"application\/ld+json\" class=\"yoast-schema-graph\">{\"@context\":\"https:\/\/schema.org\",\"@graph\":[{\"@type\":\"WebPage\",\"@id\":\"https:\/\/restate.ee\/kohilakodud\/meeskond\/\",\"url\":\"https:\/\/restate.ee\/kohilakodud\/meeskond\/\",\"name\":\"Meeskond - Kohila Kodud\",\"isPartOf\":{\"@id\":\"https:\/\/restate.ee\/kohilakodud\/#website\"},\"datePublished\":\"2022-11-02T17:33:04+00:00\",\"dateModified\":\"2024-04-09T11:22:10+00:00\",\"breadcrumb\":{\"@id\":\"https:\/\/restate.ee\/kohilakodud\/meeskond\/#breadcrumb\"},\"inLanguage\":\"et\",\"potentialAction\":[{\"@type\":\"ReadAction\",\"target\":[\"https:\/\/restate.ee\/kohilakodud\/meeskond\/\"]}]},{\"@type\":\"BreadcrumbList\",\"@id\":\"https:\/\/restate.ee\/kohilakodud\/meeskond\/#breadcrumb\",\"itemListElement\":[{\"@type\":\"ListItem\",\"position\":1,\"name\":\"Home\",\"item\":\"https:\/\/restate.ee\/kohilakodud\/\"},{\"@type\":\"ListItem\",\"position\":2,\"name\":\"Meeskond\"}]},{\"@type\":\"WebSite\",\"@id\":\"https:\/\/restate.ee\/kohilakodud\/#website\",\"url\":\"https:\/\/restate.ee\/kohilakodud\/\",\"name\":\"Kohila Kodud\",\"description\":\"Uusarendus Kohilas\",\"publisher\":{\"@id\":\"https:\/\/restate.ee\/kohilakodud\/#organization\"},\"potentialAction\":[{\"@type\":\"SearchAction\",\"target\":{\"@type\":\"EntryPoint\",\"urlTemplate\":\"https:\/\/restate.ee\/kohilakodud\/?s={search_term_string}\"},\"query-input\":\"required name=search_term_string\"}],\"inLanguage\":\"et\"},{\"@type\":\"Organization\",\"@id\":\"https:\/\/restate.ee\/kohilakodud\/#organization\",\"name\":\"Kohila Kodud\",\"url\":\"https:\/\/restate.ee\/kohilakodud\/\",\"logo\":{\"@type\":\"ImageObject\",\"inLanguage\":\"et\",\"@id\":\"https:\/\/restate.ee\/kohilakodud\/#\/schema\/logo\/image\/\",\"url\":\"https:\/\/restate.ee\/kohilakodud\/wp-content\/uploads\/2022\/11\/Viigimetsa-orange-1-1.svg\",\"contentUrl\":\"https:\/\/restate.ee\/kohilakodud\/wp-content\/uploads\/2022\/11\/Viigimetsa-orange-1-1.svg\",\"caption\":\"Kohila Kodud\"},\"image\":{\"@id\":\"https:\/\/restate.ee\/kohilakodud\/#\/schema\/logo\/image\/\"}}]}<\/script>\n<!-- \/ Yoast SEO plugin. -->","yoast_head_json":{"title":"Meeskond - Kohila Kodud","robots":{"index":"index","follow":"follow","max-snippet":"max-snippet:-1","max-image-preview":"max-image-preview:large","max-video-preview":"max-video-preview:-1"},"canonical":"https:\/\/restate.ee\/kohilakodud\/meeskond\/","og_locale":"et_EE","og_type":"article","og_title":"Meeskond - Kohila Kodud","og_url":"https:\/\/restate.ee\/kohilakodud\/meeskond\/","og_site_name":"Kohila Kodud","article_modified_time":"2024-04-09T11:22:10+00:00","og_image":[{"width":1200,"height":630,"url":"https:\/\/restate.ee\/kohilakodud\/wp-content\/uploads\/2022\/11\/viigimetsa-og.jpg","type":"image\/jpeg"}],"twitter_card":"summary_large_image","schema":{"@context":"https:\/\/schema.org","@graph":[{"@type":"WebPage","@id":"https:\/\/restate.ee\/kohilakodud\/meeskond\/","url":"https:\/\/restate.ee\/kohilakodud\/meeskond\/","name":"Meeskond - Kohila Kodud","isPartOf":{"@id":"https:\/\/restate.ee\/kohilakodud\/#website"},"datePublished":"2022-11-02T17:33:04+00:00","dateModified":"2024-04-09T11:22:10+00:00","breadcrumb":{"@id":"https:\/\/restate.ee\/kohilakodud\/meeskond\/#breadcrumb"},"inLanguage":"et","potentialAction":[{"@type":"ReadAction","target":["https:\/\/restate.ee\/kohilakodud\/meeskond\/"]}]},{"@type":"BreadcrumbList","@id":"https:\/\/restate.ee\/kohilakodud\/meeskond\/#breadcrumb","itemListElement":[{"@type":"ListItem","position":1,"name":"Home","item":"https:\/\/restate.ee\/kohilakodud\/"},{"@type":"ListItem","position":2,"name":"Meeskond"}]},{"@type":"WebSite","@id":"https:\/\/restate.ee\/kohilakodud\/#website","url":"https:\/\/restate.ee\/kohilakodud\/","name":"Kohila Kodud","description":"Uusarendus Kohilas","publisher":{"@id":"https:\/\/restate.ee\/kohilakodud\/#organization"},"potentialAction":[{"@type":"SearchAction","target":{"@type":"EntryPoint","urlTemplate":"https:\/\/restate.ee\/kohilakodud\/?s={search_term_string}"},"query-input":"required name=search_term_string"}],"inLanguage":"et"},{"@type":"Organization","@id":"https:\/\/restate.ee\/kohilakodud\/#organization","name":"Kohila Kodud","url":"https:\/\/restate.ee\/kohilakodud\/","logo":{"@type":"ImageObject","inLanguage":"et","@id":"https:\/\/restate.ee\/kohilakodud\/#\/schema\/logo\/image\/","url":"https:\/\/restate.ee\/kohilakodud\/wp-content\/uploads\/2022\/11\/Viigimetsa-orange-1-1.svg","contentUrl":"https:\/\/restate.ee\/kohilakodud\/wp-content\/uploads\/2022\/11\/Viigimetsa-orange-1-1.svg","caption":"Kohila Kodud"},"image":{"@id":"https:\/\/restate.ee\/kohilakodud\/#\/schema\/logo\/image\/"}}]}},"_links":{"self":[{"href":"https:\/\/restate.ee\/kohilakodud\/wp-json\/wp\/v2\/pages\/172"}],"collection":[{"href":"https:\/\/restate.ee\/kohilakodud\/wp-json\/wp\/v2\/pages"}],"about":[{"href":"https:\/\/restate.ee\/kohilakodud\/wp-json\/wp\/v2\/types\/page"}],"author":[{"embeddable":true,"href":"https:\/\/restate.ee\/kohilakodud\/wp-json\/wp\/v2\/users\/1"}],"replies":[{"embeddable":true,"href":"https:\/\/restate.ee\/kohilakodud\/wp-json\/wp\/v2\/comments?post=172"}],"version-history":[{"count":53,"href":"https:\/\/restate.ee\/kohilakodud\/wp-json\/wp\/v2\/pages\/172\/revisions"}],"predecessor-version":[{"id":1679,"href":"https:\/\/restate.ee\/kohilakodud\/wp-json\/wp\/v2\/pages\/172\/revisions\/1679"}],"wp:attachment":[{"href":"https:\/\/restate.ee\/kohilakodud\/wp-json\/wp\/v2\/media?parent=172"}],"curies":[{"name":"wp","href":"https:\/\/api.w.org\/{rel}","templated":true}]}}