{"id":174,"date":"2022-11-02T20:33:14","date_gmt":"2022-11-02T17:33:14","guid":{"rendered":"https:\/\/restate.ee\/kohilakodud\/?page_id=174"},"modified":"2026-03-27T15:34:53","modified_gmt":"2026-03-27T12:34:53","slug":"muugiinfo","status":"publish","type":"page","link":"https:\/\/restate.ee\/kohilakodud\/muugiinfo\/","title":{"rendered":"M\u00fc\u00fcgiinfo"},"content":{"rendered":"\n<div class=\"image-block fade-in-up\">\n        <img decoding=\"async\" class=\"no-lazy\" src=\"https:\/\/restate.ee\/kohilakodud\/wp-content\/uploads\/2025\/01\/viigimetsa-vaade-d-02-scaled.jpg\" width=\"2560\" height=\"1058\" alt=\"\" \/>\n    <\/div>\n\n\n<div class=\"contract-list-block py-lg-10 pt-5 pb-9 bg-gray\">\n    <div class=\"container fade-in-up\">\n\t\t<div class=\"upper_content\">\n\t\t\t<h3 class=\"mb-6\">V\u00f5la\u00f5iguslik leping<\/h3>\n\t\t\t<div class=\"row mb-6\">\n\t\t\t\t<div class=\"col col-lg-6 col-12\">\n\t\t\t\t\t<div class=\"text_wrapper\">\n\t\t\t\t\t\t<p style=\"text-align: left;\">Ostjaga s\u00f5lmitakse v\u00f5la\u00f5iguslik ostu-m\u00fc\u00fcgileping mille eelduseks on sissemakse 2% ostu-m\u00fc\u00fcgi tehingu v\u00e4\u00e4rtusest.<\/p>\n\t\t\t\t\t<\/div>\n\t\t\t\t<\/div>\n\t\t\t<\/div>\n\t\t<\/div>\n\t\t<div class=\"row gx-4 gy-4\">\n\t\t\t\t\t\t\t\t\t\t\t\t\t<\/div>\n    <\/div>\n<\/div>\n\n\n<div class=\"contract-block py-lg-10 py-9 text-center fade-in-up\">\n    <div class=\"container\">\n\t\t<div class=\"content_wrapper ms-auto me-auto\">\n\t\t\t<h3 class=\"mb-6\">KASULIK TEHING ESIMESTELE OSTJATELE<\/h3>\n\t\t\t<div class=\"text_wrapper\">\n\t\t\t\t<p>Arendaja v\u00f5tab endale kohustuse Teie vana kodu \u00e4ra osta, juhul kui ridaelamu v\u00f5tmete saamise ajaks ei ole see m\u00fc\u00fcdud. Rahulik ja muretu tehing tulevasele ostjale.<\/p>\n\t\t\t<\/div>\n    \t<\/div>\n    <\/div>\n<\/div>\n\n\n<div class=\"contract-list-block py-lg-10 pt-5 pb-9 bg-gray\">\n    <div class=\"container fade-in-up\">\n\t\t<div class=\"upper_content\">\n\t\t\t<h3 class=\"mb-6\">Asja\u00f5igusleping<\/h3>\n\t\t\t<div class=\"row mb-6\">\n\t\t\t\t<div class=\"col col-lg-6 col-12\">\n\t\t\t\t\t<div class=\"text_wrapper\">\n\t\t\t\t\t\t<p>Kui korter on valmis ning Ostja on \u00fclevaatuse teinud, s\u00f5lmitakse notariaalne asja\u00f5igusleping, millega tasutakse \u00fclej\u00e4\u00e4nud osa ostuhinnast ning klient saab uue kodu omanikuks.<\/p>\n\t\t\t\t\t<\/div>\n\t\t\t\t<\/div>\n\t\t\t<\/div>\n\t\t<\/div>\n\t\t<div class=\"row gx-4 gy-4\">\n\t\t\t\t\t\t\t\n\t\t\t\t<div class=\"col col-md-6 col-12\">\n\t\t\t\t\t<p class=\"mb-4 fw-500\">Korteri m\u00fc\u00fcgihinnas sisaldub<\/p>\n\t\t\t\t\t<div class=\"text_wrapper\">\n\t\t\t\t\t\t<ul>\n<li>Tehnov\u00f5rkude rajamise ja liitumise tasud (elekter, vesi, kanalisatsioon)<\/li>\n<li>Valmidus side-, ja kaabeltelevisiooni teenusega liitumiseks<\/li>\n<li>Valmidus elektriautode laadimisjaama paigaldamiseks<\/li>\n<li>2 parkimiskohta<\/li>\n<\/ul>\n\t\t\t\t\t<\/div>\n\t\t\t\t<\/div>\n\t\t\t\t\t\t\t\n\t\t\t\t<div class=\"col col-md-6 col-12\">\n\t\t\t\t\t<p class=\"mb-4 fw-500\">Korteri m\u00fc\u00fcgihinnas ei sisaldu<\/p>\n\t\t\t\t\t<div class=\"text_wrapper\">\n\t\t\t\t\t\t<ul>\n<li>Tasud side-, valve- ja kaabeltelevisiooni teenusega liitumiseks<\/li>\n<li>Lepingute s\u00f5lmimisega seotud notaritasud ja riigil\u00f5iv (tasub ostja)<\/li>\n<\/ul>\n\t\t\t\t\t<\/div>\n\t\t\t\t<\/div>\n\t\t\t\t\t<\/div>\n    <\/div>\n<\/div>\n\n\n<div class=\"banks-block position-relative py-lg-10 pt-9 pb-8 text-center\">\n\t<div class=\"gradient position-absolute bottom-0 start-0 w100 d-lg-block d-none\"><\/div>\n    <div class=\"container\">\n\t\t<div class=\"row gx-4 gy-6\">\n\t\t\t\t\t\t\t\t\t\t\t<div class=\"col col-md-6 col-12 fade-in-up\">\n\t\t\t\t\t\t\t\t\t\t\t<div class=\"logo_wrapper mb-6\">\n\t\t\t\t\t\t\t<img decoding=\"async\" src=\"https:\/\/restate.ee\/kohilakodud\/wp-content\/uploads\/2022\/11\/image-1.png\" width=\"122\" height=\"39\" alt=\"\" \/>\n\t\t\t\t\t\t<\/div>\n\t\t\t\t\t\t\t\t\t\t\t\t\t\t\t\t<h3 class=\"mb-6\">Restate kliendile on Luminori kodulaen ilma lepingutasuta.<\/h3>\n\t\t\t\t\t\t\t\t\t\t\t\t\t\t\t\t<div class=\"text_wrapper mb-6\">\n\t\t\t\t\t\t\t<p>Sinu kodu, sinu reeglid \u2013 kodulaen Luminor pangast<\/p>\n\t\t\t\t\t\t<\/div>\n\t\t\t\t\t\t\t\t\t\t\t\t\t\t\t\t<a class=\"mb-6 btn\" href=\"https:\/\/luminor.ee\/era\/kodulaen\" target=\"_blank\">Tee taotlus<\/a>\n\t\t\t\t\t\t\t\t\t\t\t\t\t\t\t\t<div class=\"text_wrapper mb-6\">\n\t\t\t\t\t\t\t<p>Finantseenust pakub . Enne lepingu s\u00f5lmimist tutvu tingimustega ning vajadusel konsulteeri asjatundjaga.<\/p>\n\t\t\t\t\t\t<\/div>\n\t\t\t\t\t\t\t\t\t\t\t\t\t\t\t\t<div class=\"text_wrapper contact_details\">\n\t\t\t\t\t\t\t<p>Partnersuhete projektijuht<\/p>\n<p>Telefon:\u00a0+ 372 5365 8166<\/p>\n<p>Aadress:\u00a0Liivalaia 45, 10145 Tallinn<\/p>\n<p>\u00a0<\/p>\n\t\t\t\t\t\t<\/div>\n\t\t\t\t\t\t\t\t\t<\/div>\n\t\t\t\t\t\t\t\t\t\t\t<div class=\"col col-md-6 col-12 fade-in-up\">\n\t\t\t\t\t\t\t\t\t\t\t<div class=\"logo_wrapper mb-6\">\n\t\t\t\t\t\t\t<img decoding=\"async\" src=\"https:\/\/restate.ee\/kohilakodud\/wp-content\/uploads\/2022\/11\/image-11.png\" width=\"175\" height=\"38\" alt=\"\" \/>\n\t\t\t\t\t\t<\/div>\n\t\t\t\t\t\t\t\t\t\t\t\t\t\t\t\t<h3 class=\"mb-6\">Teeme kodu ostu sulle mugavaks<\/h3>\n\t\t\t\t\t\t\t\t\t\t\t\t\t\t\t\t<div class=\"text_wrapper mb-6\">\n\t\t\t\t\t\t\t<p>Eelisj\u00e4rjekorras teenindus &amp; laenulepingutasu 0\u20ac &#8211; kasuta koodi \u201eRESTATE\u201c<\/p>\n\t\t\t\t\t\t<\/div>\n\t\t\t\t\t\t\t\t\t\t\t\t\t\t\t\t<a class=\"mb-6 btn\" href=\"https:\/\/restate.ee\/kohilakodud\/wp-content\/uploads\/2025\/01\/swedbank-est.pdf\" target=\"_blank\">Tee taotlus<\/a>\n\t\t\t\t\t\t\t\t\t\t\t\t\t\t\t\t<div class=\"text_wrapper\">\n\t\t\t\t\t\t\t<p>Finantsteenuseid pakub .<br \/>\nTutvu tingimustega, pea n\u00f5u.<\/p>\n\t\t\t\t\t\t<\/div>\n\t\t\t\t\t\t\t\t\t\t\t\t\t\t<\/div>\n\t\t\t\t\t\t\t\t\t\t\t<div class=\"col col-md-6 col-12 fade-in-up\">\n\t\t\t\t\t\t\t\t\t\t\t<div class=\"logo_wrapper mb-6\">\n\t\t\t\t\t\t\t<img decoding=\"async\" src=\"https:\/\/restate.ee\/kohilakodud\/wp-content\/uploads\/2024\/09\/domus-kinnisvara-logo-3.png\" width=\"2000\" height=\"600\" alt=\"\" \/>\n\t\t\t\t\t\t<\/div>\n\t\t\t\t\t\t\t\t\t\t\t\t\t\t\t\t\t\t\t\t\t\t\t\t\t\t\t\t\t\t\t<div class=\"text_wrapper mb-6\">\n\t\t\t\t\t\t\t<p>Hindamisteenuse fikseeritud hind Kohila Kodu ostjale 390\u20ac. Eksperthinnangu valmimine 2 t\u00f6\u00f6p\u00e4eva jooksul peale objekti k\u00fclastust.<\/p>\n\t\t\t\t\t\t<\/div>\n\t\t\t\t\t\t\t\t\t\t\t\t\t\t\t\t<div class=\"text_wrapper contact_details\">\n\t\t\t\t\t\t\t<p>Hindaja<\/p>\n<p>Telefon: +372 5060 226<\/p>\n<p>argo.piirsalu@domus.ee<\/p>\n\t\t\t\t\t\t<\/div>\n\t\t\t\t\t\t\t\t\t<\/div>\n\t\t\t\t\t<\/div>\n    <\/div>\n<\/div>\n\n\n<div class=\"is-layout-flex wp-container-4 wp-block-columns\">\n<div class=\"is-layout-flow wp-block-column\">\n<figure class=\"wp-block-image size-full\"><a href=\"https:\/\/arens.ee\" target=\"_blank\" rel=\"noreferrer noopener\"><img decoding=\"async\" width=\"1080\" height=\"1080\" src=\"https:\/\/restate.ee\/kohilakodud\/wp-content\/uploads\/2024\/08\/kohila-kodud-pakkumine-3.png\" alt=\"\" class=\"wp-image-1916\"\/><\/a><\/figure>\n<\/div>\n\n\n\n<div class=\"is-layout-flow wp-block-column\">\n<figure class=\"wp-block-image size-full\"><a class=\"https:\/\/www.aatrium.ee\" href=\"https:\/\/luigemoobel.ee\"><img decoding=\"async\" width=\"1080\" height=\"1080\" src=\"https:\/\/restate.ee\/kohilakodud\/wp-content\/uploads\/2024\/08\/5.png\" alt=\"\" class=\"wp-image-1886\"\/><\/a><\/figure>\n<\/div>\n\n\n\n<div class=\"is-layout-flow wp-block-column\">\n<figure class=\"wp-block-image size-full\"><img decoding=\"async\" width=\"1080\" height=\"1080\" src=\"https:\/\/restate.ee\/kohilakodud\/wp-content\/uploads\/2026\/03\/15-koduostjale-1.png\" alt=\"\" class=\"wp-image-2622\"\/><\/figure>\n<\/div>\n<\/div>\n\n\n\n<div class=\"is-layout-flex wp-container-8 wp-block-columns\">\n<div class=\"is-layout-flow wp-block-column\">\n<figure class=\"wp-block-image size-full\"><a href=\"https:\/\/liuglevuks.ee\"><img decoding=\"async\" width=\"1080\" height=\"1080\" src=\"https:\/\/restate.ee\/kohilakodud\/wp-content\/uploads\/2025\/01\/kohila-kodud-pakkumine-8.png\" alt=\"\" class=\"wp-image-2053\"\/><\/a><\/figure>\n<\/div>\n\n\n\n<div class=\"is-layout-flow wp-block-column\">\n<figure class=\"wp-block-image size-full\"><a href=\"https:\/\/mooblimeister.ee\" target=\"_blank\" rel=\"noreferrer noopener\"><img decoding=\"async\" width=\"1080\" height=\"1080\" src=\"https:\/\/restate.ee\/kohilakodud\/wp-content\/uploads\/2024\/08\/7.png\" alt=\"\" class=\"wp-image-1893\"\/><\/a><\/figure>\n<\/div>\n\n\n\n<div class=\"is-layout-flow wp-block-column\">\n<figure class=\"wp-block-image size-full\"><a class=\"\" href=\"https:\/\/www.standard.ee\" target=\"_blank\" rel=\"noreferrer noopener\"><img decoding=\"async\" width=\"1080\" height=\"1080\" src=\"https:\/\/restate.ee\/kohilakodud\/wp-content\/uploads\/2024\/08\/kohila-kodud-pakkumine-2.png\" alt=\"\" class=\"wp-image-1906\"\/><\/a><\/figure>\n<\/div>\n<\/div>\n\n\n\n<div class=\"is-layout-flex wp-container-12 wp-block-columns\">\n<div class=\"is-layout-flow wp-block-column\">\n<figure class=\"wp-block-image size-full\"><a href=\"https:\/\/disainkaminad.ee\" target=\"_blank\" rel=\"noreferrer noopener\"><img decoding=\"async\" width=\"1080\" height=\"1080\" src=\"https:\/\/restate.ee\/kohilakodud\/wp-content\/uploads\/2024\/10\/disainkaminad-x-kohila-kodud.png\" alt=\"\" class=\"wp-image-1958\"\/><\/a><\/figure>\n<\/div>\n\n\n\n<div class=\"is-layout-flow wp-block-column\">\n<figure class=\"wp-block-image size-full\"><a href=\"https:\/\/www.moll-system.ee\" target=\"_blank\" rel=\"noreferrer noopener\"><img decoding=\"async\" width=\"1080\" height=\"1080\" src=\"https:\/\/restate.ee\/kohilakodud\/wp-content\/uploads\/2024\/10\/moll-x-kohila-kodud.png\" alt=\"\" class=\"wp-image-1951\"\/><\/a><\/figure>\n<\/div>\n\n\n\n<div class=\"is-layout-flow wp-block-column\"><\/div>\n<\/div>\n","protected":false},"excerpt":{"rendered":"","protected":false},"author":1,"featured_media":0,"parent":0,"menu_order":1,"comment_status":"closed","ping_status":"closed","template":"","meta":[],"acf":[],"yoast_head":"<!-- This site is optimized with the Yoast SEO plugin v19.10 - https:\/\/yoast.com\/wordpress\/plugins\/seo\/ -->\n<title>M\u00fc\u00fcgiinfo - Kohila Kodud<\/title>\n<meta name=\"robots\" content=\"index, follow, max-snippet:-1, max-image-preview:large, max-video-preview:-1\" \/>\n<link rel=\"canonical\" href=\"https:\/\/restate.ee\/kohilakodud\/muugiinfo\/\" \/>\n<meta property=\"og:locale\" content=\"et_EE\" \/>\n<meta property=\"og:type\" content=\"article\" \/>\n<meta property=\"og:title\" content=\"M\u00fc\u00fcgiinfo - Kohila Kodud\" \/>\n<meta property=\"og:url\" content=\"https:\/\/restate.ee\/kohilakodud\/muugiinfo\/\" \/>\n<meta property=\"og:site_name\" content=\"Kohila Kodud\" \/>\n<meta property=\"article:modified_time\" content=\"2026-03-27T12:34:53+00:00\" \/>\n<meta property=\"og:image\" content=\"https:\/\/restate.ee\/kohilakodud\/wp-content\/uploads\/2024\/08\/kohila-kodud-pakkumine-3.png\" \/>\n<meta name=\"twitter:card\" content=\"summary_large_image\" \/>\n<script type=\"application\/ld+json\" class=\"yoast-schema-graph\">{\"@context\":\"https:\/\/schema.org\",\"@graph\":[{\"@type\":\"WebPage\",\"@id\":\"https:\/\/restate.ee\/kohilakodud\/muugiinfo\/\",\"url\":\"https:\/\/restate.ee\/kohilakodud\/muugiinfo\/\",\"name\":\"M\u00fc\u00fcgiinfo - Kohila Kodud\",\"isPartOf\":{\"@id\":\"https:\/\/restate.ee\/kohilakodud\/#website\"},\"datePublished\":\"2022-11-02T17:33:14+00:00\",\"dateModified\":\"2026-03-27T12:34:53+00:00\",\"breadcrumb\":{\"@id\":\"https:\/\/restate.ee\/kohilakodud\/muugiinfo\/#breadcrumb\"},\"inLanguage\":\"et\",\"potentialAction\":[{\"@type\":\"ReadAction\",\"target\":[\"https:\/\/restate.ee\/kohilakodud\/muugiinfo\/\"]}]},{\"@type\":\"BreadcrumbList\",\"@id\":\"https:\/\/restate.ee\/kohilakodud\/muugiinfo\/#breadcrumb\",\"itemListElement\":[{\"@type\":\"ListItem\",\"position\":1,\"name\":\"Home\",\"item\":\"https:\/\/restate.ee\/kohilakodud\/\"},{\"@type\":\"ListItem\",\"position\":2,\"name\":\"M\u00fc\u00fcgiinfo\"}]},{\"@type\":\"WebSite\",\"@id\":\"https:\/\/restate.ee\/kohilakodud\/#website\",\"url\":\"https:\/\/restate.ee\/kohilakodud\/\",\"name\":\"Kohila Kodud\",\"description\":\"Uusarendus Kohilas\",\"publisher\":{\"@id\":\"https:\/\/restate.ee\/kohilakodud\/#organization\"},\"potentialAction\":[{\"@type\":\"SearchAction\",\"target\":{\"@type\":\"EntryPoint\",\"urlTemplate\":\"https:\/\/restate.ee\/kohilakodud\/?s={search_term_string}\"},\"query-input\":\"required name=search_term_string\"}],\"inLanguage\":\"et\"},{\"@type\":\"Organization\",\"@id\":\"https:\/\/restate.ee\/kohilakodud\/#organization\",\"name\":\"Kohila Kodud\",\"url\":\"https:\/\/restate.ee\/kohilakodud\/\",\"logo\":{\"@type\":\"ImageObject\",\"inLanguage\":\"et\",\"@id\":\"https:\/\/restate.ee\/kohilakodud\/#\/schema\/logo\/image\/\",\"url\":\"https:\/\/restate.ee\/kohilakodud\/wp-content\/uploads\/2022\/11\/Viigimetsa-orange-1-1.svg\",\"contentUrl\":\"https:\/\/restate.ee\/kohilakodud\/wp-content\/uploads\/2022\/11\/Viigimetsa-orange-1-1.svg\",\"caption\":\"Kohila Kodud\"},\"image\":{\"@id\":\"https:\/\/restate.ee\/kohilakodud\/#\/schema\/logo\/image\/\"}}]}<\/script>\n<!-- \/ Yoast SEO plugin. -->","yoast_head_json":{"title":"M\u00fc\u00fcgiinfo - Kohila Kodud","robots":{"index":"index","follow":"follow","max-snippet":"max-snippet:-1","max-image-preview":"max-image-preview:large","max-video-preview":"max-video-preview:-1"},"canonical":"https:\/\/restate.ee\/kohilakodud\/muugiinfo\/","og_locale":"et_EE","og_type":"article","og_title":"M\u00fc\u00fcgiinfo - Kohila Kodud","og_url":"https:\/\/restate.ee\/kohilakodud\/muugiinfo\/","og_site_name":"Kohila Kodud","article_modified_time":"2026-03-27T12:34:53+00:00","og_image":[{"url":"https:\/\/restate.ee\/kohilakodud\/wp-content\/uploads\/2024\/08\/kohila-kodud-pakkumine-3.png"}],"twitter_card":"summary_large_image","schema":{"@context":"https:\/\/schema.org","@graph":[{"@type":"WebPage","@id":"https:\/\/restate.ee\/kohilakodud\/muugiinfo\/","url":"https:\/\/restate.ee\/kohilakodud\/muugiinfo\/","name":"M\u00fc\u00fcgiinfo - Kohila Kodud","isPartOf":{"@id":"https:\/\/restate.ee\/kohilakodud\/#website"},"datePublished":"2022-11-02T17:33:14+00:00","dateModified":"2026-03-27T12:34:53+00:00","breadcrumb":{"@id":"https:\/\/restate.ee\/kohilakodud\/muugiinfo\/#breadcrumb"},"inLanguage":"et","potentialAction":[{"@type":"ReadAction","target":["https:\/\/restate.ee\/kohilakodud\/muugiinfo\/"]}]},{"@type":"BreadcrumbList","@id":"https:\/\/restate.ee\/kohilakodud\/muugiinfo\/#breadcrumb","itemListElement":[{"@type":"ListItem","position":1,"name":"Home","item":"https:\/\/restate.ee\/kohilakodud\/"},{"@type":"ListItem","position":2,"name":"M\u00fc\u00fcgiinfo"}]},{"@type":"WebSite","@id":"https:\/\/restate.ee\/kohilakodud\/#website","url":"https:\/\/restate.ee\/kohilakodud\/","name":"Kohila Kodud","description":"Uusarendus Kohilas","publisher":{"@id":"https:\/\/restate.ee\/kohilakodud\/#organization"},"potentialAction":[{"@type":"SearchAction","target":{"@type":"EntryPoint","urlTemplate":"https:\/\/restate.ee\/kohilakodud\/?s={search_term_string}"},"query-input":"required name=search_term_string"}],"inLanguage":"et"},{"@type":"Organization","@id":"https:\/\/restate.ee\/kohilakodud\/#organization","name":"Kohila Kodud","url":"https:\/\/restate.ee\/kohilakodud\/","logo":{"@type":"ImageObject","inLanguage":"et","@id":"https:\/\/restate.ee\/kohilakodud\/#\/schema\/logo\/image\/","url":"https:\/\/restate.ee\/kohilakodud\/wp-content\/uploads\/2022\/11\/Viigimetsa-orange-1-1.svg","contentUrl":"https:\/\/restate.ee\/kohilakodud\/wp-content\/uploads\/2022\/11\/Viigimetsa-orange-1-1.svg","caption":"Kohila Kodud"},"image":{"@id":"https:\/\/restate.ee\/kohilakodud\/#\/schema\/logo\/image\/"}}]}},"_links":{"self":[{"href":"https:\/\/restate.ee\/kohilakodud\/wp-json\/wp\/v2\/pages\/174"}],"collection":[{"href":"https:\/\/restate.ee\/kohilakodud\/wp-json\/wp\/v2\/pages"}],"about":[{"href":"https:\/\/restate.ee\/kohilakodud\/wp-json\/wp\/v2\/types\/page"}],"author":[{"embeddable":true,"href":"https:\/\/restate.ee\/kohilakodud\/wp-json\/wp\/v2\/users\/1"}],"replies":[{"embeddable":true,"href":"https:\/\/restate.ee\/kohilakodud\/wp-json\/wp\/v2\/comments?post=174"}],"version-history":[{"count":102,"href":"https:\/\/restate.ee\/kohilakodud\/wp-json\/wp\/v2\/pages\/174\/revisions"}],"predecessor-version":[{"id":2626,"href":"https:\/\/restate.ee\/kohilakodud\/wp-json\/wp\/v2\/pages\/174\/revisions\/2626"}],"wp:attachment":[{"href":"https:\/\/restate.ee\/kohilakodud\/wp-json\/wp\/v2\/media?parent=174"}],"curies":[{"name":"wp","href":"https:\/\/api.w.org\/{rel}","templated":true}]}}