{"id":7,"date":"2020-09-17T18:31:54","date_gmt":"2020-09-17T15:31:54","guid":{"rendered":"https:\/\/restate.ee\/kohilakodud\/?page_id=7"},"modified":"2025-07-15T13:10:46","modified_gmt":"2025-07-15T10:10:46","slug":"home","status":"publish","type":"page","link":"https:\/\/restate.ee\/kohilakodud\/","title":{"rendered":"Avaleht"},"content":{"rendered":"\n\n<div class=\"front-header-block\">\n            <div class=\"background_image desktop-bg bg-center no-lazy\" style=\"background-image: url(https:\/\/restate.ee\/kohilakodud\/wp-content\/uploads\/2025\/06\/kohila-kodud-avalehe-banner-3.png);\"><\/div>\n                <div class=\"background_image mobile-bg bg-center no-lazy\" style=\"background-image: url(https:\/\/restate.ee\/kohilakodud\/wp-content\/uploads\/2025\/07\/kohilakodud.jpg);\"><\/div>\n    \n    <\/div>\n\n\n\n\n<style>\n\n    .background_image.mobile-bg {\n  display: none;\n}\n\n@media (max-width: 767px) {\n  .background_image.desktop-bg {\n    display: none !important;\n  }\n\n  .background_image.mobile-bg {\n    display: block !important;\n  }\n}\n\n<\/style>\n\n\n<div class=\"front-prices-link-block mb-lg-10 mb-8\">\n    <div class=\"container\">\n                    <div class=\"w100 mb-9 d-flex flex-column align-items-center justify-content-center\">\n                <div class=\"content w100 fade-in-up\">\n                    <h3 style=\"font-weight: 400; text-align: center;\"><strong>PIISAVALT KAUGEL, <\/strong><\/h3>\n<h3 style=\"font-weight: 400; text-align: center;\"><strong>PARAJALT L\u00c4HEDAL<\/strong><\/h3>\n<p>&nbsp;<\/p>\n<div>\n<p align=\"center\"><span lang=\"EN-US\">Kohila Kodud on kaasaegne elamupiirkond Tallinna l\u00e4hedal looduskaunis Kohila s\u00fcdames. See on t\u00e4iuslik elupaik peredele ja loodust armastavatele inimestele, kelle s\u00fcda ihkab eemale linnamelust. Siin, k\u00f5rgete m\u00e4ndide all, on \u00fchendatud suurep\u00e4rane infrastruktuur, turvalisus ja roheline elukeskkond. <\/span><\/p>\n<\/div>\n<div>\n<p align=\"center\"><span lang=\"EN-US\">Jalutusk\u00e4igu kaugusele j\u00e4\u00e4vad erinevad poed, lasteaiad, koolid, uus spordikompleks ja imelilus Keila j\u00f5gi.<\/span><\/p>\n<\/div>\n<div>\n<p align=\"center\"><span lang=\"EN-US\">Kohila Kodud asuvad Tallinnast vaid 30 minutilise s\u00f5idu kaugusel- seda nii auto, kui rongiga. Kusjuures, Kohila rongijaam asub k\u00f5igest 5 minutilise jalutusk\u00e4igu kaugusel.<\/span><\/p>\n<\/div>\n                <\/div>\n            <\/div>\n                <div class=\"image_wrap position-relative pt-4 fade-in-up\">\n                            <a class=\"btn position-absolute start-50 translate-middle-x\" href=\"https:\/\/restate.ee\/kohilakodud\/hinnad\/viigi-tn-6-2\/\" target=\"_self\">Hinnakiri<\/a>\n                        <img decoding=\"async\" src=\"https:\/\/restate.ee\/kohilakodud\/wp-content\/uploads\/2022\/11\/6f0iqpvq.jpeg\" width=\"2048\" height=\"1024\" alt=\"\" \/>\n        <\/div>\n    <\/div>\n<\/div>\n\n\n<figure class=\"wp-block-image size-full\"><img decoding=\"async\" width=\"2048\" height=\"442\" src=\"https:\/\/restate.ee\/kohilakodud\/wp-content\/uploads\/2025\/07\/kohila-kodude-ehitusjoon-ajutine-1.png\" alt=\"\" class=\"wp-image-2360\" srcset=\"https:\/\/restate.ee\/kohilakodud\/wp-content\/uploads\/2025\/07\/kohila-kodude-ehitusjoon-ajutine-1.png 2048w, https:\/\/restate.ee\/kohilakodud\/wp-content\/uploads\/2025\/07\/kohila-kodude-ehitusjoon-ajutine-1-1536x332.png 1536w\" sizes=\"(max-width: 2048px) 100vw, 2048px\" \/><\/figure>\n\n\n\n<div class=\"icons-list-block fade-in-up\">\n    <div class=\"container\">\n        <div class=\"row justify-content-lg-around\">\n                                            <div class=\"icon col col-lg-auto col-md-4 col-sm-6 col-12 d-flex flex-column align-items-center justify-content-between mb-9\">\n                    <div class=\"image_container d-flex justify-content-center align-items-center\">\n                        <img decoding=\"async\" src=\"https:\/\/restate.ee\/kohilakodud\/wp-content\/uploads\/2022\/11\/Frame.svg\" width=\"78\" height=\"29\" alt=\"\" \/>\n                    <\/div>\n                    <div class=\"text_wrapper d-flex flex-column align-items-center\">\n                        <h5 class=\"mb-6\">18 PEREKODU<\/h5>\n                                                    <p>Kohila Kodud koosnevad 18 avarast terrassiga elamust suuruses 100 \u2013 110 m2. Iga kodu l\u00f5unapoolsel k\u00fcljel on avar terrass ja isiklik hooviala. <\/p>\n                                            <\/div>\n                <\/div>\n                                            <div class=\"icon col col-lg-auto col-md-4 col-sm-6 col-12 d-flex flex-column align-items-center justify-content-between mb-9\">\n                    <div class=\"image_container d-flex justify-content-center align-items-center\">\n                        <img decoding=\"async\" src=\"https:\/\/restate.ee\/kohilakodud\/wp-content\/uploads\/2022\/11\/Frame-1.svg\" width=\"28\" height=\"31\" alt=\"\" \/>\n                    <\/div>\n                    <div class=\"text_wrapper d-flex flex-column align-items-center\">\n                        <h5 class=\"mb-6\">ENERGIAM\u00c4RGIS<\/h5>\n                                                    <p>Kaasaegsed Kohila Kodud omavad A-energiam\u00e4rgist ja p\u00e4ikeseparki, tagades madalad k\u00f5rvalkulud aastaringselt.<\/p>\n                                            <\/div>\n                <\/div>\n                                            <div class=\"icon col col-lg-auto col-md-4 col-sm-6 col-12 d-flex flex-column align-items-center justify-content-between mb-9\">\n                    <div class=\"image_container d-flex justify-content-center align-items-center\">\n                        <img decoding=\"async\" src=\"https:\/\/restate.ee\/kohilakodud\/wp-content\/uploads\/2022\/11\/Frame-2.svg\" width=\"48\" height=\"49\" alt=\"\" \/>\n                    <\/div>\n                    <div class=\"text_wrapper d-flex flex-column align-items-center\">\n                        <h5 class=\"mb-6\">30 MINUTIT<br>KESKLINNA<\/h5>\n                                                    <p>Rohelisest ja turvalisest Kohilast j\u00f5uab autoga Tallinna kesklinna vaid 30 minutiga. Lisaks saab pealinna ka rongi ja bussiga.<\/p>\n                                            <\/div>\n                <\/div>\n                    <\/div>\n    <\/div>\n<\/div>\n\n\n<div class=\"location-content-block front fade-in-up d-flex flex-column align-items-center justify-content-center mb-lg-10 mb-9\">\n    <div class=\"container\">\n        <div class=\"d-flex flex-column align-items-center justify-content-center\">\n\t\t\t<div class=\"text_wrapper\">\n            \t<h2 style=\"text-align: center;\">AINULAADNE<br \/>\nASUKOHT<\/h2>\n<p style=\"font-weight: 400; text-align: center;\">Ainulaadne asukoht kaunite m\u00e4nnimetsade serval annab v\u00f5imaluse saada osa nii linna-, kui maaelu suurimatest plussidest. Kohila Kodud asuvad Tallinnast piisavalt kaugel, et nautida looduse ilu ja rahu, kuid samas parajalt l\u00e4hedal, et olla igap\u00e4evaselt seotud ka linnamelu ja t\u00f6\u00f6eluga. Suurep\u00e4rane \u00fchistranspordi\u00fchendus v\u00f5imaldab mugavalt liikuda Tallinna ja teiste suuremate linnade vahel.<\/p>\n\t\t\t<\/div>\n                    <\/div>\n    <\/div>\n    <img decoding=\"async\" class=\"mt-10 w100 d-md-block d-none\" src=\"https:\/\/restate.ee\/kohilakodud\/wp-content\/uploads\/2024\/06\/kohila-kodud-kaart-2.png\" width=\"2560\" height=\"1344\" alt=\"\" \/>\n    <img decoding=\"async\" class=\"mt-9 w100 d-md-none d-block\" src=\"https:\/\/restate.ee\/kohilakodud\/wp-content\/uploads\/2024\/06\/kohila-kodude-kaart-phone.png\" width=\"780\" height=\"1512\" alt=\"\" \/>\n<\/div>\n\n\n<div class=\"image-text-block position-relative overflow-hidden\">\n    <div class=\"container\">\n        <div class=\"row\">\n            <div class=\"left col col-lg-6 col-12\">\n                <div class=\"text_wrapper w100 fade-in-up\">\n                    <h3 style=\"font-weight: 400;\"><strong>ARENENUD INFRASTRUKTUUR<\/strong><\/h3>\n<p style=\"font-weight: 400;\">Kohila Kodude l\u00e4hedal on valgustatud kergliiklusteed sportimiseks ja ohutuks liikumiseks. Jalutusk\u00e4igu kaugusel asuvad ka toidu-ja ehituspoed, iluteenused, s\u00f6\u00f6gikohad, tervisekeskus \u00a0ja kaasaegne Kohila spordikompleks.<\/p>\n                                            <a class=\"btn\" href=\"https:\/\/restate.ee\/kohilakodud\/asukoht\/\" target=\"_self\">Asukoht<\/a>\n                                    <\/div>\n                                    <div class=\"landscape image_outside_wrap position-relative start-100 mb-6 fade-in-up d-lg-block d-none\">\n                        <div class=\"image_wrap position-relative\">\n                            <div class=\"image bg-center w100 h100 position-absolute top-0 start-0\" style=\"background-image:url(https:\/\/restate.ee\/kohilakodud\/wp-content\/uploads\/2022\/11\/Spordikomplekt-min.jpeg);\"><\/div>\n                        <\/div>\n                    <\/div>\n                                                    <div class=\"small image_outside_wrap position-relative fade-in-up d-lg-block d-none\">\n                        <div class=\"image_wrap position-relative\">\n                            <div class=\"image bg-center w100 h100 position-absolute top-0 start-0\" style=\"background-image:url(https:\/\/restate.ee\/kohilakodud\/wp-content\/uploads\/2022\/11\/Sustaga-min.jpeg);\"><\/div>\n                        <\/div>\n                    <\/div>\n                \n\t\t\t\t\t\t\t\t\t<div class=\"mobile_images mt-9 d-lg-none d-block\">\n\t\t\t\t\t\t<div class=\"image_wrapper fade-in-up\">\n\t\t\t\t\t\t\t<div class=\"image bg-center\" style=\"background-image:url(https:\/\/restate.ee\/kohilakodud\/wp-content\/uploads\/2022\/11\/Rongiga-min.jpeg);\"><\/div>\n\t\t\t\t\t\t<\/div>\n\t\t\t\t\t\t<div class=\"images_wrapper d-flex fade-in-up\">\n\t\t\t\t\t\t\t<div class=\"image_wrapper flex-shrink-0\">\n\t\t\t\t\t\t\t\t<div class=\"image bg-center\" style=\"background-image:url(https:\/\/restate.ee\/kohilakodud\/wp-content\/uploads\/2022\/11\/Spordikomplekt-min.jpeg);\"><\/div>\n\t\t\t\t\t\t\t<\/div>\n\t\t\t\t\t\t\t<div class=\"image_wrapper w100\">\n\t\t\t\t\t\t\t\t<div class=\"image bg-center\" style=\"background-image:url(https:\/\/restate.ee\/kohilakodud\/wp-content\/uploads\/2022\/11\/Sustaga-min.jpeg);\"><\/div>\n\t\t\t\t\t\t\t<\/div>\n\t\t\t\t\t\t<\/div>\n\t\t\t\t\t<\/div>\n\t\t\t\t            <\/div>\n             <div class=\"right col col-lg-6 col-12\">\n                                    <div class=\"image_outside_wrap position-relative ms-0 start-0 fade-in-up d-lg-block d-none\">\n                        <div class=\"image_wrap position-relative h100\">\n                            <div class=\"image bg-center w100 h100 position-absolute top-0 start-0\" style=\"background-image:url(https:\/\/restate.ee\/kohilakodud\/wp-content\/uploads\/2022\/11\/Rongiga-min.jpeg);\"><\/div>\n                        <\/div>\n                    <\/div>\n                                <div class=\"text_wrapper w100 fade-in-up\">\n                    <h3 style=\"font-weight: 400;\"><strong>ELUKESKKOND KOGU PERELE<\/strong><\/h3>\n<p style=\"font-weight: 400;\">Kohilas asub mitu lasteaeda ja kooli, sealhulgas ka Raplamaa suurim g\u00fcmnaasium. Kuna k\u00f5ik asub vaid jalutusk\u00e4igu kaugusel, annab see suurep\u00e4rase v\u00f5imaluse kooliaelistel lastel iseseisvalt liikuda nii kooli, koju kui ka huviringidesse. Samuti on Kohilas noortele erinevaid \u00a0vabaajaveetmisv\u00f5imalusi, nagu n\u00e4iteks noortekeskus, skatepark, discgolfi rada ja palju muud.<\/p>\n                                    <\/div>\n            <\/div>\n        <\/div>\n    <\/div>\n<\/div>\n\n\n<div class=\"image-block fade-in-up has_container\">\n            <div class=\"container\">\n        <img decoding=\"async\" class=\"\" src=\"https:\/\/restate.ee\/kohilakodud\/wp-content\/uploads\/2023\/04\/viigimetsa-elutuba-min-1-scaled-1.jpg\" width=\"1516\" height=\"984\" alt=\"\" \/>\n            <\/div>\n    <\/div>\n\n\n\n\n<div class=\"image-block fade-in-up\">\n        <img decoding=\"async\" class=\"\" src=\"https:\/\/restate.ee\/kohilakodud\/wp-content\/uploads\/2022\/11\/tyd5rknn.jpeg\" width=\"2048\" height=\"1152\" alt=\"\" \/>\n    <\/div>","protected":false},"excerpt":{"rendered":"","protected":false},"author":1,"featured_media":0,"parent":0,"menu_order":6,"comment_status":"closed","ping_status":"closed","template":"","meta":[],"acf":[],"yoast_head":"<!-- This site is optimized with the Yoast SEO plugin v19.10 - https:\/\/yoast.com\/wordpress\/plugins\/seo\/ -->\n<title>Kohila Kodud<\/title>\n<meta name=\"description\" content=\"Uus kaasaegne elamupiirkond Tallinna l\u00e4hedal looduskaunis Kohila s\u00fcdames. See on t\u00e4iuslik elupaik peredele ja loodust armastavatele inimestele, kes hindavad turvalist ja rohelist eluskeskkonda.\" \/>\n<meta name=\"robots\" content=\"index, follow, max-snippet:-1, max-image-preview:large, max-video-preview:-1\" \/>\n<link rel=\"canonical\" href=\"https:\/\/restate.ee\/kohilakodud\/\" \/>\n<meta property=\"og:locale\" content=\"et_EE\" \/>\n<meta property=\"og:type\" content=\"article\" \/>\n<meta property=\"og:title\" content=\"Kohila Kodud\" \/>\n<meta property=\"og:description\" content=\"Uus kaasaegne elamupiirkond Tallinna l\u00e4hedal looduskaunis Kohila s\u00fcdames. See on t\u00e4iuslik elupaik peredele ja loodust armastavatele inimestele, kes hindavad turvalist ja rohelist eluskeskkonda.\" \/>\n<meta property=\"og:url\" content=\"https:\/\/restate.ee\/kohilakodud\/\" \/>\n<meta property=\"og:site_name\" content=\"Kohila Kodud\" \/>\n<meta property=\"article:modified_time\" content=\"2025-07-15T10:10:46+00:00\" \/>\n<meta property=\"og:image\" content=\"https:\/\/restate.ee\/kohilakodud\/wp-content\/uploads\/2025\/07\/kohila-kodude-ehitusjoon-ajutine-1.png\" \/>\n<meta name=\"twitter:card\" content=\"summary_large_image\" \/>\n<script type=\"application\/ld+json\" class=\"yoast-schema-graph\">{\"@context\":\"https:\/\/schema.org\",\"@graph\":[{\"@type\":\"WebPage\",\"@id\":\"https:\/\/restate.ee\/kohilakodud\/\",\"url\":\"https:\/\/restate.ee\/kohilakodud\/\",\"name\":\"Kohila Kodud\",\"isPartOf\":{\"@id\":\"https:\/\/restate.ee\/kohilakodud\/#website\"},\"datePublished\":\"2020-09-17T15:31:54+00:00\",\"dateModified\":\"2025-07-15T10:10:46+00:00\",\"description\":\"Uus kaasaegne elamupiirkond Tallinna l\u00e4hedal looduskaunis Kohila s\u00fcdames. See on t\u00e4iuslik elupaik peredele ja loodust armastavatele inimestele, kes hindavad turvalist ja rohelist eluskeskkonda.\",\"breadcrumb\":{\"@id\":\"https:\/\/restate.ee\/kohilakodud\/#breadcrumb\"},\"inLanguage\":\"et\",\"potentialAction\":[{\"@type\":\"ReadAction\",\"target\":[\"https:\/\/restate.ee\/kohilakodud\/\"]}]},{\"@type\":\"BreadcrumbList\",\"@id\":\"https:\/\/restate.ee\/kohilakodud\/#breadcrumb\",\"itemListElement\":[{\"@type\":\"ListItem\",\"position\":1,\"name\":\"Home\",\"item\":\"https:\/\/restate.ee\/kohilakodud\/\"},{\"@type\":\"ListItem\",\"position\":2,\"name\":\"Avaleht\"}]},{\"@type\":\"WebSite\",\"@id\":\"https:\/\/restate.ee\/kohilakodud\/#website\",\"url\":\"https:\/\/restate.ee\/kohilakodud\/\",\"name\":\"Kohila Kodud\",\"description\":\"Uusarendus Kohilas\",\"publisher\":{\"@id\":\"https:\/\/restate.ee\/kohilakodud\/#organization\"},\"potentialAction\":[{\"@type\":\"SearchAction\",\"target\":{\"@type\":\"EntryPoint\",\"urlTemplate\":\"https:\/\/restate.ee\/kohilakodud\/?s={search_term_string}\"},\"query-input\":\"required name=search_term_string\"}],\"inLanguage\":\"et\"},{\"@type\":\"Organization\",\"@id\":\"https:\/\/restate.ee\/kohilakodud\/#organization\",\"name\":\"Kohila Kodud\",\"url\":\"https:\/\/restate.ee\/kohilakodud\/\",\"logo\":{\"@type\":\"ImageObject\",\"inLanguage\":\"et\",\"@id\":\"https:\/\/restate.ee\/kohilakodud\/#\/schema\/logo\/image\/\",\"url\":\"https:\/\/restate.ee\/kohilakodud\/wp-content\/uploads\/2022\/11\/Viigimetsa-orange-1-1.svg\",\"contentUrl\":\"https:\/\/restate.ee\/kohilakodud\/wp-content\/uploads\/2022\/11\/Viigimetsa-orange-1-1.svg\",\"caption\":\"Kohila Kodud\"},\"image\":{\"@id\":\"https:\/\/restate.ee\/kohilakodud\/#\/schema\/logo\/image\/\"}}]}<\/script>\n<!-- \/ Yoast SEO plugin. -->","yoast_head_json":{"title":"Kohila Kodud","description":"Uus kaasaegne elamupiirkond Tallinna l\u00e4hedal looduskaunis Kohila s\u00fcdames. See on t\u00e4iuslik elupaik peredele ja loodust armastavatele inimestele, kes hindavad turvalist ja rohelist eluskeskkonda.","robots":{"index":"index","follow":"follow","max-snippet":"max-snippet:-1","max-image-preview":"max-image-preview:large","max-video-preview":"max-video-preview:-1"},"canonical":"https:\/\/restate.ee\/kohilakodud\/","og_locale":"et_EE","og_type":"article","og_title":"Kohila Kodud","og_description":"Uus kaasaegne elamupiirkond Tallinna l\u00e4hedal looduskaunis Kohila s\u00fcdames. See on t\u00e4iuslik elupaik peredele ja loodust armastavatele inimestele, kes hindavad turvalist ja rohelist eluskeskkonda.","og_url":"https:\/\/restate.ee\/kohilakodud\/","og_site_name":"Kohila Kodud","article_modified_time":"2025-07-15T10:10:46+00:00","og_image":[{"url":"https:\/\/restate.ee\/kohilakodud\/wp-content\/uploads\/2025\/07\/kohila-kodude-ehitusjoon-ajutine-1.png"}],"twitter_card":"summary_large_image","schema":{"@context":"https:\/\/schema.org","@graph":[{"@type":"WebPage","@id":"https:\/\/restate.ee\/kohilakodud\/","url":"https:\/\/restate.ee\/kohilakodud\/","name":"Kohila Kodud","isPartOf":{"@id":"https:\/\/restate.ee\/kohilakodud\/#website"},"datePublished":"2020-09-17T15:31:54+00:00","dateModified":"2025-07-15T10:10:46+00:00","description":"Uus kaasaegne elamupiirkond Tallinna l\u00e4hedal looduskaunis Kohila s\u00fcdames. See on t\u00e4iuslik elupaik peredele ja loodust armastavatele inimestele, kes hindavad turvalist ja rohelist eluskeskkonda.","breadcrumb":{"@id":"https:\/\/restate.ee\/kohilakodud\/#breadcrumb"},"inLanguage":"et","potentialAction":[{"@type":"ReadAction","target":["https:\/\/restate.ee\/kohilakodud\/"]}]},{"@type":"BreadcrumbList","@id":"https:\/\/restate.ee\/kohilakodud\/#breadcrumb","itemListElement":[{"@type":"ListItem","position":1,"name":"Home","item":"https:\/\/restate.ee\/kohilakodud\/"},{"@type":"ListItem","position":2,"name":"Avaleht"}]},{"@type":"WebSite","@id":"https:\/\/restate.ee\/kohilakodud\/#website","url":"https:\/\/restate.ee\/kohilakodud\/","name":"Kohila Kodud","description":"Uusarendus Kohilas","publisher":{"@id":"https:\/\/restate.ee\/kohilakodud\/#organization"},"potentialAction":[{"@type":"SearchAction","target":{"@type":"EntryPoint","urlTemplate":"https:\/\/restate.ee\/kohilakodud\/?s={search_term_string}"},"query-input":"required name=search_term_string"}],"inLanguage":"et"},{"@type":"Organization","@id":"https:\/\/restate.ee\/kohilakodud\/#organization","name":"Kohila Kodud","url":"https:\/\/restate.ee\/kohilakodud\/","logo":{"@type":"ImageObject","inLanguage":"et","@id":"https:\/\/restate.ee\/kohilakodud\/#\/schema\/logo\/image\/","url":"https:\/\/restate.ee\/kohilakodud\/wp-content\/uploads\/2022\/11\/Viigimetsa-orange-1-1.svg","contentUrl":"https:\/\/restate.ee\/kohilakodud\/wp-content\/uploads\/2022\/11\/Viigimetsa-orange-1-1.svg","caption":"Kohila Kodud"},"image":{"@id":"https:\/\/restate.ee\/kohilakodud\/#\/schema\/logo\/image\/"}}]}},"_links":{"self":[{"href":"https:\/\/restate.ee\/kohilakodud\/wp-json\/wp\/v2\/pages\/7"}],"collection":[{"href":"https:\/\/restate.ee\/kohilakodud\/wp-json\/wp\/v2\/pages"}],"about":[{"href":"https:\/\/restate.ee\/kohilakodud\/wp-json\/wp\/v2\/types\/page"}],"author":[{"embeddable":true,"href":"https:\/\/restate.ee\/kohilakodud\/wp-json\/wp\/v2\/users\/1"}],"replies":[{"embeddable":true,"href":"https:\/\/restate.ee\/kohilakodud\/wp-json\/wp\/v2\/comments?post=7"}],"version-history":[{"count":250,"href":"https:\/\/restate.ee\/kohilakodud\/wp-json\/wp\/v2\/pages\/7\/revisions"}],"predecessor-version":[{"id":2458,"href":"https:\/\/restate.ee\/kohilakodud\/wp-json\/wp\/v2\/pages\/7\/revisions\/2458"}],"wp:attachment":[{"href":"https:\/\/restate.ee\/kohilakodud\/wp-json\/wp\/v2\/media?parent=7"}],"curies":[{"name":"wp","href":"https:\/\/api.w.org\/{rel}","templated":true}]}}