{"id":7,"date":"2020-09-17T18:31:54","date_gmt":"2020-09-17T15:31:54","guid":{"rendered":"https:\/\/restate.ee\/luige\/?page_id=7"},"modified":"2026-02-06T14:54:32","modified_gmt":"2026-02-06T11:54:32","slug":"home","status":"publish","type":"page","link":"https:\/\/restate.ee\/luige\/","title":{"rendered":"Home"},"content":{"rendered":"\n<div class=\"front-header-block d-flex flex-column align-items-center justify-content-center\">\n    <div class=\"background_image bg-center no-lazy\" style=\"background-image: url(https:\/\/restate.ee\/luige\/wp-content\/uploads\/2022\/08\/Rectangle-2.svg);\"><\/div>\n            <h1 id=\"title\">Luige Keskus<\/h1>\n        <div class=\"img-wrap d-flex align-items-center justify-content-center\">\n        <img decoding=\"async\" src=\"https:\/\/restate.ee\/luige\/wp-content\/uploads\/2022\/09\/Group-2-1.png\" class=\"foreground_image bg-center no-lazy d-none d-lg-block\" >\n        <img decoding=\"async\" src=\"https:\/\/restate.ee\/luige\/wp-content\/uploads\/2022\/08\/Group-3-1-1.png\" class=\"foreground_image mobile bg-center no-lazy d-block d-lg-none\" >\n    <\/div>\n            <div class=\"container list\">\n            <div class=\"row justify-content-center\">\n                                                        <div class=\"col col-12 col-lg-auto title\">Rimi<\/div>\n                                                        <div class=\"col col-12 col-lg-auto title\">Toitlustus<\/div>\n                                                        <div class=\"col col-12 col-lg-auto title\">24\/7 Fitness<\/div>\n                                                        <div class=\"col col-12 col-lg-auto title\">Kauplused<\/div>\n                                                        <div class=\"col col-12 col-lg-auto title\">Teenusepakkujad<\/div>\n                            <\/div>\n        <\/div>\n            <a class=\"campaign_link\" href=\"https:\/\/restate.ee\/luige\/kampaania-tingimused\/\" target=\"_blank\">\n        <img decoding=\"async\" class=\"campaign_link_image\" src=\"https:\/\/restate.ee\/luige\/wp-content\/uploads\/2024\/02\/LuigeMynt-01-1.svg\" height=\"1080\" width=\"1080\">\n    <\/a>\n    <\/div>\n\n\n<div class=\"location-text-block\">\n            <div class=\"container fade-in-up d-flex justify-content-center first\">\n            <div class=\"row justify-content-center\">\n                <div class=\"text col col-12\">\n                    <div class=\"text_wrapper\">\n                        <p style=\"text-align: center;\">Keskuses ootab sind Rimi toidupood, valik erinevaid s\u00f6\u00f6gikohti, 24\/7 Fitness &amp; Benu apteek. Lisaks sellele leiad laia valiku kodusisustust, aiatarbeid, kontoritarbeid &amp; m\u00e4nguasju, loomapoe ning lillepoe.<\/p>\n<p style=\"text-align: center;\">Tule avastama &#8211; meilt leiad midagi igale maitsele!<\/p>\n                    <\/div>\n                <\/div>\n                            <\/div>\n        <\/div>\n    \n    <div class=\"img-wrap d-flex align-items-center justify-content-center\">\n        <img decoding=\"async\" class=\"parallax\" src=\"https:\/\/restate.ee\/luige\/wp-content\/uploads\/2022\/09\/Group-77.png\" width=\"2800\" height=\"1622\" alt=\"\" \/>\n    <\/div>\n\n            <div class=\"container d-flex justify-content-center\">\n            <div class=\"row justify-content-center wrap fade-in-up \">\n                <div class=\"text col col-12\">\n                    <div class=\"text_wrapper small\">\n                        <p style=\"text-align: center;\">Luige Keskus asub vaid 5 kilomeetri kaugusel Tallinna piirist, tugevate liikluss\u00f5lmede Ringtee ja Viljandi maantee ristumispunktis.<\/p>\n                    <\/div>\n                <\/div>\n                                                        <a href=\"https:\/\/restate.ee\/luige\/asukoht\/\" class=\"btn\">Asukoht<\/a>\n                            <\/div>\n        <\/div>\n    <\/div>\n\n\n<div class=\"icons-list-block\">\n    <div class=\"container\">\n        <div class=\"row justify-content-lg-between justify-content-center\">\n                                            <div class=\"icon fade-in-up col col-md-auto col-12 d-flex flex-column align-items-center\">\n                    <div class=\"image_container d-flex justify-content-center align-items-center\">\n                        <img decoding=\"async\" src=\"https:\/\/restate.ee\/luige\/wp-content\/uploads\/2022\/08\/Frame.svg\" width=\"27\" height=\"35\" alt=\"\" \/>\n                    <\/div>\n                    <div class=\"text_wrapper d-flex align-items-center\">\n                        <p>Kohandatavad<br> \u00e4ripinnad<\/p>\n                    <\/div>\n                <\/div>\n                                            <div class=\"icon fade-in-up col col-md-auto col-12 d-flex flex-column align-items-center\">\n                    <div class=\"image_container d-flex justify-content-center align-items-center\">\n                        <img decoding=\"async\" src=\"https:\/\/restate.ee\/luige\/wp-content\/uploads\/2022\/08\/Frame-1.svg\" width=\"75\" height=\"18\" alt=\"\" \/>\n                    <\/div>\n                    <div class=\"text_wrapper d-flex align-items-center\">\n                        <p>BREEAM<br> sertifikaadiga hooned<\/p>\n                    <\/div>\n                <\/div>\n                                            <div class=\"icon fade-in-up col col-md-auto col-12 d-flex flex-column align-items-center\">\n                    <div class=\"image_container d-flex justify-content-center align-items-center\">\n                        <img decoding=\"async\" src=\"https:\/\/restate.ee\/luige\/wp-content\/uploads\/2022\/08\/Frame-2.svg\" width=\"35\" height=\"46\" alt=\"\" \/>\n                    <\/div>\n                    <div class=\"text_wrapper d-flex align-items-center\">\n                        <p>Suurep\u00e4rane ligip\u00e4\u00e4s olulistelt liikluss\u00f5lmedelt<\/p>\n                    <\/div>\n                <\/div>\n                                            <div class=\"icon fade-in-up col col-md-auto col-12 d-flex flex-column align-items-center\">\n                    <div class=\"image_container d-flex justify-content-center align-items-center\">\n                        <img decoding=\"async\" src=\"https:\/\/restate.ee\/luige\/wp-content\/uploads\/2022\/08\/Frame-3.svg\" width=\"30\" height=\"32\" alt=\"\" \/>\n                    <\/div>\n                    <div class=\"text_wrapper d-flex align-items-center\">\n                        <p>Eristuv ja isikup\u00e4rane arhitektuur<\/p>\n                    <\/div>\n                <\/div>\n                                            <div class=\"icon fade-in-up col col-md-auto col-12 d-flex flex-column align-items-center\">\n                    <div class=\"image_container d-flex justify-content-center align-items-center\">\n                        <img decoding=\"async\" src=\"https:\/\/restate.ee\/luige\/wp-content\/uploads\/2022\/08\/Frame.svg\" width=\"27\" height=\"35\" alt=\"\" \/>\n                    <\/div>\n                    <div class=\"text_wrapper d-flex align-items-center\">\n                        <p>Ruumikas<br> kliendiparkla<\/p>\n                    <\/div>\n                <\/div>\n                    <\/div>\n    <\/div>\n<\/div>\n\n\n<div class=\"images-block\">\n    <div class=\"container\">\n        <div class=\"row flex-nowrap align-items-center justfiy-content-start justify-content-md-center\">\n                            <div class=\"col col-7 col-lg-5 fade-in-up\">\n                    <img decoding=\"async\" src=\"https:\/\/restate.ee\/luige\/wp-content\/uploads\/2026\/02\/Luige-Keskuse-kaart-2.png\" width=\"2560\" height=\"2560\" alt=\"\" \/>\n                <\/div>\n                                        <div class=\"col col-5 col-lg-4 fade-in-up small\">\n                    <img decoding=\"async\" src=\"https:\/\/restate.ee\/luige\/wp-content\/uploads\/2022\/10\/Group-8.jpg\" width=\"546\" height=\"546\" alt=\"\" \/>\n                <\/div>\n                    <\/div>\n    <\/div>\n<\/div>\n\n\n<div class=\"text-block circle\">\n    <div class=\"container fade-in-up\">\n        <div class=\"row justify-content-center\">\n            <div class=\"text col col-12\">\n                <div class=\"text_wrapper\">\n                    <p style=\"text-align: center;\">Keskus moodustab laia valikuga piirkonna s\u00fcdame, mis aitab rikastada kogu valla ja \u00fcmbruskonna elukeskkonda. Kontseptsiooni toetab avar parkla, mis tagab mugava k\u00fclastuse igale kliendile.<\/p>\n                <\/div>\n            <\/div>\n                    <\/div>\n    <\/div>\n<\/div>\n\n\n<div class=\"gallery-slider-block\">\n            <div class=\"container fade-in-up\">\n        <div class=\"gallery_swiper_wrapper\">\n        <div class=\"gallery-slider swiper-slider w100 h100\">\n            <div class=\"swiper-wrapper w100 h100\">\n                                                        <div class=\"image swiper-slide h100 bg-center\" style=\"background-image: url('https:\/\/restate.ee\/luige\/wp-content\/uploads\/2022\/09\/Luige-keskus-pilt-3-3d-04-2048x1150.jpg');\"><\/div>\n                                                        <div class=\"image swiper-slide h100 bg-center\" style=\"background-image: url('https:\/\/restate.ee\/luige\/wp-content\/uploads\/2022\/09\/Luige-keskus-pilt-2-3d-03-2048x1150.jpg');\"><\/div>\n                                                        <div class=\"image swiper-slide h100 bg-center\" style=\"background-image: url('https:\/\/restate.ee\/luige\/wp-content\/uploads\/2022\/09\/Luige-keskus-pilt-9-3d-04-2048x1150.jpg');\"><\/div>\n                                                        <div class=\"image swiper-slide h100 bg-center\" style=\"background-image: url('https:\/\/restate.ee\/luige\/wp-content\/uploads\/2022\/09\/Luige-keskus-pilt-6-3d-02-2048x1150.jpg');\"><\/div>\n                                                        <div class=\"image swiper-slide h100 bg-center\" style=\"background-image: url('https:\/\/restate.ee\/luige\/wp-content\/uploads\/2022\/09\/DJI_0113-3d-02-2048x1150.jpg');\"><\/div>\n                                                        <div class=\"image swiper-slide h100 bg-center\" style=\"background-image: url('https:\/\/restate.ee\/luige\/wp-content\/uploads\/2022\/09\/DJI_0101-3d-02-crop-2048x1150.jpg');\"><\/div>\n                            <\/div>\n        <\/div>\n        <div class=\"swiper-prev d-flex align-items-center justify-content-center\">\n            <img decoding=\"async\" src=\"https:\/\/restate.ee\/luige\/wp-content\/themes\/luigekeskus\/images\/slider_arrow.svg\" width=\"8\" height=\"14\" alt=\"Previous\">\n        <\/div>\n        <div class=\"swiper-next d-flex align-items-center justify-content-center\">\n            <img decoding=\"async\" src=\"https:\/\/restate.ee\/luige\/wp-content\/themes\/luigekeskus\/images\/slider_arrow.svg\" width=\"8\" height=\"14\" alt=\"Next\">\n        <\/div>\n    <\/div>\n            <\/div>\n    <\/div>","protected":false},"excerpt":{"rendered":"","protected":false},"author":1,"featured_media":0,"parent":0,"menu_order":13,"comment_status":"closed","ping_status":"closed","template":"","meta":[],"acf":[],"yoast_head":"<!-- This site is optimized with the Yoast SEO plugin v19.8 - https:\/\/yoast.com\/wordpress\/plugins\/seo\/ -->\n<title>Home - Luige Keskus<\/title>\n<meta name=\"robots\" content=\"index, follow, max-snippet:-1, max-image-preview:large, max-video-preview:-1\" \/>\n<link rel=\"canonical\" href=\"https:\/\/restate.ee\/luige\/\" \/>\n<meta property=\"og:locale\" content=\"et_EE\" \/>\n<meta property=\"og:type\" content=\"article\" \/>\n<meta property=\"og:title\" content=\"Home - Luige Keskus\" \/>\n<meta property=\"og:url\" content=\"https:\/\/restate.ee\/luige\/\" \/>\n<meta property=\"og:site_name\" content=\"Luige Keskus\" \/>\n<meta property=\"article:modified_time\" content=\"2026-02-06T11:54:32+00:00\" \/>\n<meta property=\"og:image\" content=\"https:\/\/restate.ee\/luige\/wp-content\/uploads\/2022\/10\/og.jpg\" \/>\n\t<meta property=\"og:image:width\" content=\"2400\" \/>\n\t<meta property=\"og:image:height\" content=\"1260\" \/>\n\t<meta property=\"og:image:type\" content=\"image\/jpeg\" \/>\n<meta name=\"twitter:card\" content=\"summary_large_image\" \/>\n<script type=\"application\/ld+json\" class=\"yoast-schema-graph\">{\"@context\":\"https:\/\/schema.org\",\"@graph\":[{\"@type\":\"WebPage\",\"@id\":\"https:\/\/restate.ee\/luige\/\",\"url\":\"https:\/\/restate.ee\/luige\/\",\"name\":\"Home - Luige Keskus\",\"isPartOf\":{\"@id\":\"https:\/\/restate.ee\/luige\/#website\"},\"datePublished\":\"2020-09-17T15:31:54+00:00\",\"dateModified\":\"2026-02-06T11:54:32+00:00\",\"breadcrumb\":{\"@id\":\"https:\/\/restate.ee\/luige\/#breadcrumb\"},\"inLanguage\":\"et\",\"potentialAction\":[{\"@type\":\"ReadAction\",\"target\":[\"https:\/\/restate.ee\/luige\/\"]}]},{\"@type\":\"BreadcrumbList\",\"@id\":\"https:\/\/restate.ee\/luige\/#breadcrumb\",\"itemListElement\":[{\"@type\":\"ListItem\",\"position\":1,\"name\":\"Home\",\"item\":\"https:\/\/restate.ee\/luige\/\"},{\"@type\":\"ListItem\",\"position\":2,\"name\":\"Home\"}]},{\"@type\":\"WebSite\",\"@id\":\"https:\/\/restate.ee\/luige\/#website\",\"url\":\"https:\/\/restate.ee\/luige\/\",\"name\":\"Luige Keskus\",\"description\":\"\",\"publisher\":{\"@id\":\"https:\/\/restate.ee\/luige\/#organization\"},\"potentialAction\":[{\"@type\":\"SearchAction\",\"target\":{\"@type\":\"EntryPoint\",\"urlTemplate\":\"https:\/\/restate.ee\/luige\/?s={search_term_string}\"},\"query-input\":\"required name=search_term_string\"}],\"inLanguage\":\"et\"},{\"@type\":\"Organization\",\"@id\":\"https:\/\/restate.ee\/luige\/#organization\",\"name\":\"Luige Keskus\",\"url\":\"https:\/\/restate.ee\/luige\/\",\"sameAs\":[],\"logo\":{\"@type\":\"ImageObject\",\"inLanguage\":\"et\",\"@id\":\"https:\/\/restate.ee\/luige\/#\/schema\/logo\/image\/\",\"url\":\"https:\/\/restate.ee\/luige\/wp-content\/uploads\/2022\/08\/LUIGE_KESKUS_logo_uus-1.svg\",\"contentUrl\":\"https:\/\/restate.ee\/luige\/wp-content\/uploads\/2022\/08\/LUIGE_KESKUS_logo_uus-1.svg\",\"caption\":\"Luige Keskus\"},\"image\":{\"@id\":\"https:\/\/restate.ee\/luige\/#\/schema\/logo\/image\/\"}}]}<\/script>\n<!-- \/ Yoast SEO plugin. -->","yoast_head_json":{"title":"Home - Luige Keskus","robots":{"index":"index","follow":"follow","max-snippet":"max-snippet:-1","max-image-preview":"max-image-preview:large","max-video-preview":"max-video-preview:-1"},"canonical":"https:\/\/restate.ee\/luige\/","og_locale":"et_EE","og_type":"article","og_title":"Home - Luige Keskus","og_url":"https:\/\/restate.ee\/luige\/","og_site_name":"Luige Keskus","article_modified_time":"2026-02-06T11:54:32+00:00","og_image":[{"width":2400,"height":1260,"url":"https:\/\/restate.ee\/luige\/wp-content\/uploads\/2022\/10\/og.jpg","type":"image\/jpeg"}],"twitter_card":"summary_large_image","schema":{"@context":"https:\/\/schema.org","@graph":[{"@type":"WebPage","@id":"https:\/\/restate.ee\/luige\/","url":"https:\/\/restate.ee\/luige\/","name":"Home - Luige Keskus","isPartOf":{"@id":"https:\/\/restate.ee\/luige\/#website"},"datePublished":"2020-09-17T15:31:54+00:00","dateModified":"2026-02-06T11:54:32+00:00","breadcrumb":{"@id":"https:\/\/restate.ee\/luige\/#breadcrumb"},"inLanguage":"et","potentialAction":[{"@type":"ReadAction","target":["https:\/\/restate.ee\/luige\/"]}]},{"@type":"BreadcrumbList","@id":"https:\/\/restate.ee\/luige\/#breadcrumb","itemListElement":[{"@type":"ListItem","position":1,"name":"Home","item":"https:\/\/restate.ee\/luige\/"},{"@type":"ListItem","position":2,"name":"Home"}]},{"@type":"WebSite","@id":"https:\/\/restate.ee\/luige\/#website","url":"https:\/\/restate.ee\/luige\/","name":"Luige Keskus","description":"","publisher":{"@id":"https:\/\/restate.ee\/luige\/#organization"},"potentialAction":[{"@type":"SearchAction","target":{"@type":"EntryPoint","urlTemplate":"https:\/\/restate.ee\/luige\/?s={search_term_string}"},"query-input":"required name=search_term_string"}],"inLanguage":"et"},{"@type":"Organization","@id":"https:\/\/restate.ee\/luige\/#organization","name":"Luige Keskus","url":"https:\/\/restate.ee\/luige\/","sameAs":[],"logo":{"@type":"ImageObject","inLanguage":"et","@id":"https:\/\/restate.ee\/luige\/#\/schema\/logo\/image\/","url":"https:\/\/restate.ee\/luige\/wp-content\/uploads\/2022\/08\/LUIGE_KESKUS_logo_uus-1.svg","contentUrl":"https:\/\/restate.ee\/luige\/wp-content\/uploads\/2022\/08\/LUIGE_KESKUS_logo_uus-1.svg","caption":"Luige Keskus"},"image":{"@id":"https:\/\/restate.ee\/luige\/#\/schema\/logo\/image\/"}}]}},"_links":{"self":[{"href":"https:\/\/restate.ee\/luige\/wp-json\/wp\/v2\/pages\/7"}],"collection":[{"href":"https:\/\/restate.ee\/luige\/wp-json\/wp\/v2\/pages"}],"about":[{"href":"https:\/\/restate.ee\/luige\/wp-json\/wp\/v2\/types\/page"}],"author":[{"embeddable":true,"href":"https:\/\/restate.ee\/luige\/wp-json\/wp\/v2\/users\/1"}],"replies":[{"embeddable":true,"href":"https:\/\/restate.ee\/luige\/wp-json\/wp\/v2\/comments?post=7"}],"version-history":[{"count":120,"href":"https:\/\/restate.ee\/luige\/wp-json\/wp\/v2\/pages\/7\/revisions"}],"predecessor-version":[{"id":1527,"href":"https:\/\/restate.ee\/luige\/wp-json\/wp\/v2\/pages\/7\/revisions\/1527"}],"wp:attachment":[{"href":"https:\/\/restate.ee\/luige\/wp-json\/wp\/v2\/media?parent=7"}],"curies":[{"name":"wp","href":"https:\/\/api.w.org\/{rel}","templated":true}]}}