{"id":1035,"date":"2023-03-10T13:41:49","date_gmt":"2023-03-10T13:41:49","guid":{"rendered":"http:\/\/meteomaja.ee\/?page_id=1035"},"modified":"2023-06-07T13:56:31","modified_gmt":"2023-06-07T13:56:31","slug":"asukoht-eng","status":"publish","type":"page","link":"https:\/\/restate.ee\/meteomaja\/en\/asukoht-eng\/","title":{"rendered":"Asukoht ENG"},"content":{"rendered":"\t\t<div data-elementor-type=\"wp-page\" data-elementor-id=\"1035\" class=\"elementor elementor-1035\">\n\t\t\t\t\t\t\t<div class=\"elementor-element elementor-element-e9af2b2 e-con-full e-flex e-con e-parent\" data-id=\"e9af2b2\" data-element_type=\"container\" data-settings=\"{&quot;content_width&quot;:&quot;full&quot;,&quot;background_background&quot;:&quot;classic&quot;}\" data-core-v316-plus=\"true\">\n\t\t\t\t<div class=\"elementor-element elementor-element-51e8aaa elementor-widget elementor-widget-image\" data-id=\"51e8aaa\" data-element_type=\"widget\" data-widget_type=\"image.default\">\n\t\t\t\t<div class=\"elementor-widget-container\">\n\t\t\t\t\t\t\t\t\t\t\t\t\t\t\t<img loading=\"lazy\" decoding=\"async\" width=\"4230\" height=\"1959\" src=\"https:\/\/restate.ee\/meteomaja\/wp-content\/uploads\/2023\/03\/Droonipilt.png\" class=\"attachment-full size-full wp-image-808\" alt=\"\" srcset=\"https:\/\/restate.ee\/meteomaja\/wp-content\/uploads\/2023\/03\/Droonipilt.png 4230w, https:\/\/restate.ee\/meteomaja\/wp-content\/uploads\/2023\/03\/Droonipilt-300x139.png 300w, https:\/\/restate.ee\/meteomaja\/wp-content\/uploads\/2023\/03\/Droonipilt-1024x474.png 1024w, https:\/\/restate.ee\/meteomaja\/wp-content\/uploads\/2023\/03\/Droonipilt-768x356.png 768w, https:\/\/restate.ee\/meteomaja\/wp-content\/uploads\/2023\/03\/Droonipilt-1536x711.png 1536w, https:\/\/restate.ee\/meteomaja\/wp-content\/uploads\/2023\/03\/Droonipilt-2048x948.png 2048w\" sizes=\"auto, (max-width: 4230px) 100vw, 4230px\" \/>\t\t\t\t\t\t\t\t\t\t\t\t\t\t\t<\/div>\n\t\t\t\t<\/div>\n\t\t\t\t<\/div>\n\t\t<div class=\"elementor-element elementor-element-5ce1347 e-flex e-con-boxed e-con e-parent\" data-id=\"5ce1347\" data-element_type=\"container\" data-settings=\"{&quot;background_background&quot;:&quot;classic&quot;,&quot;content_width&quot;:&quot;boxed&quot;}\" data-core-v316-plus=\"true\">\n\t\t\t\t\t<div class=\"e-con-inner\">\n\t\t<div class=\"elementor-element elementor-element-605ae74 e-flex e-con-boxed e-con e-parent\" data-id=\"605ae74\" data-element_type=\"container\" data-settings=\"{&quot;content_width&quot;:&quot;boxed&quot;}\" data-core-v316-plus=\"true\">\n\t\t\t\t\t<div class=\"e-con-inner\">\n\t\t<div class=\"elementor-element elementor-element-25c65d8 e-con-full e-flex e-con e-parent\" data-id=\"25c65d8\" data-element_type=\"container\" data-settings=\"{&quot;content_width&quot;:&quot;full&quot;}\" data-core-v316-plus=\"true\">\n\t\t\t\t<div class=\"elementor-element elementor-element-062bda5 elementor-widget elementor-widget-image\" data-id=\"062bda5\" data-element_type=\"widget\" data-widget_type=\"image.default\">\n\t\t\t\t<div class=\"elementor-widget-container\">\n\t\t\t\t\t\t\t\t\t\t\t\t\t\t\t<img loading=\"lazy\" decoding=\"async\" width=\"56\" height=\"55\" src=\"https:\/\/restate.ee\/meteomaja\/wp-content\/uploads\/2023\/03\/location.svg\" class=\"attachment-large size-large wp-image-974\" alt=\"\" \/>\t\t\t\t\t\t\t\t\t\t\t\t\t\t\t<\/div>\n\t\t\t\t<\/div>\n\t\t\t\t<div class=\"elementor-element elementor-element-9d5e78a elementor-widget elementor-widget-heading\" data-id=\"9d5e78a\" data-element_type=\"widget\" data-widget_type=\"heading.default\">\n\t\t\t\t<div class=\"elementor-widget-container\">\n\t\t\t<h2 class=\"elementor-heading-title elementor-size-default\"> An important POINT IN LASNAM\u00c4E DISTRICT<\/h2>\t\t<\/div>\n\t\t\t\t<\/div>\n\t\t\t\t<div class=\"elementor-element elementor-element-0a13b0c elementor-widget elementor-widget-text-editor\" data-id=\"0a13b0c\" data-element_type=\"widget\" data-widget_type=\"text-editor.default\">\n\t\t\t\t<div class=\"elementor-widget-container\">\n\t\t\t\t\t\t\t<p>Meteo Maja is located only 7 kilometers from the center of Tallinn, at the intersection of strong traffic junctions Laagna tee and Mustakivi tee. About 5,000 cars pass the Starfall Road every day, which makes a total of about 1.8 million vehicles during the year.<\/p>\t\t\t\t\t\t<\/div>\n\t\t\t\t<\/div>\n\t\t\t\t<\/div>\n\t\t<div class=\"elementor-element elementor-element-532c4df e-flex e-con-boxed e-con e-parent\" data-id=\"532c4df\" data-element_type=\"container\" data-settings=\"{&quot;content_width&quot;:&quot;boxed&quot;}\" data-core-v316-plus=\"true\">\n\t\t\t\t\t<div class=\"e-con-inner\">\n\t\t\t\t<div class=\"elementor-element elementor-element-dafcb22 elementor-widget elementor-widget-image\" data-id=\"dafcb22\" data-element_type=\"widget\" data-widget_type=\"image.default\">\n\t\t\t\t<div class=\"elementor-widget-container\">\n\t\t\t\t\t\t\t\t\t\t\t\t\t\t\t<img loading=\"lazy\" decoding=\"async\" width=\"56\" height=\"55\" src=\"https:\/\/restate.ee\/meteomaja\/wp-content\/uploads\/2023\/03\/eye.svg\" class=\"attachment-large size-large wp-image-977\" alt=\"\" \/>\t\t\t\t\t\t\t\t\t\t\t\t\t\t\t<\/div>\n\t\t\t\t<\/div>\n\t\t\t\t<div class=\"elementor-element elementor-element-35741b7 elementor-widget elementor-widget-heading\" data-id=\"35741b7\" data-element_type=\"widget\" data-widget_type=\"heading.default\">\n\t\t\t\t<div class=\"elementor-widget-container\">\n\t\t\t<h2 class=\"elementor-heading-title elementor-size-default\">EVOLVED COMMERCIAL DISTRICT<\/h2>\t\t<\/div>\n\t\t\t\t<\/div>\n\t\t\t\t<div class=\"elementor-element elementor-element-2cff258 elementor-widget elementor-widget-text-editor\" data-id=\"2cff258\" data-element_type=\"widget\" data-widget_type=\"text-editor.default\">\n\t\t\t\t<div class=\"elementor-widget-container\">\n\t\t\t\t\t\t\t<p>The concentration of strong brands has created commercial synergy in T\u00e4hesaju township. The location has become more and more popular among companies that consider it more important to work in the local center, not in the city center.<\/p>\t\t\t\t\t\t<\/div>\n\t\t\t\t<\/div>\n\t\t\t\t\t<\/div>\n\t\t\t\t<\/div>\n\t\t\t\t\t<\/div>\n\t\t\t\t<\/div>\n\t\t<div class=\"elementor-element elementor-element-f82219a e-flex e-con-boxed e-con e-parent\" data-id=\"f82219a\" data-element_type=\"container\" data-settings=\"{&quot;content_width&quot;:&quot;boxed&quot;}\" data-core-v316-plus=\"true\">\n\t\t\t\t\t<div class=\"e-con-inner\">\n\t\t<div class=\"elementor-element elementor-element-4158c05 e-flex e-con-boxed e-con e-parent\" data-id=\"4158c05\" data-element_type=\"container\" data-settings=\"{&quot;content_width&quot;:&quot;boxed&quot;}\" data-core-v316-plus=\"true\">\n\t\t\t\t\t<div class=\"e-con-inner\">\n\t\t\t\t<div class=\"elementor-element elementor-element-7592679 elementor-widget elementor-widget-image\" data-id=\"7592679\" data-element_type=\"widget\" data-widget_type=\"image.default\">\n\t\t\t\t<div class=\"elementor-widget-container\">\n\t\t\t\t\t\t\t\t\t\t\t\t\t\t\t<img loading=\"lazy\" decoding=\"async\" width=\"56\" height=\"55\" src=\"https:\/\/restate.ee\/meteomaja\/wp-content\/uploads\/2023\/03\/like.svg\" class=\"attachment-large size-large wp-image-976\" alt=\"\" \/>\t\t\t\t\t\t\t\t\t\t\t\t\t\t\t<\/div>\n\t\t\t\t<\/div>\n\t\t\t\t<div class=\"elementor-element elementor-element-53add6c elementor-widget elementor-widget-heading\" data-id=\"53add6c\" data-element_type=\"widget\" data-widget_type=\"heading.default\">\n\t\t\t\t<div class=\"elementor-widget-container\">\n\t\t\t<h2 class=\"elementor-heading-title elementor-size-default\">Convenient access from any direction<\/h2>\t\t<\/div>\n\t\t\t\t<\/div>\n\t\t\t\t<div class=\"elementor-element elementor-element-3878463 elementor-widget elementor-widget-text-editor\" data-id=\"3878463\" data-element_type=\"widget\" data-widget_type=\"text-editor.default\">\n\t\t\t\t<div class=\"elementor-widget-container\">\n\t\t\t\t\t\t\t<p>Access to Meteo Maja is very convenient for both locals and all residents and businesses of Tallinn&#8217;s nearby municipalities. Bus lines passing through the area no. 51, 7, 13, 31, 49, 54, 58, 67, 68.<\/p>\t\t\t\t\t\t<\/div>\n\t\t\t\t<\/div>\n\t\t\t\t\t<\/div>\n\t\t\t\t<\/div>\n\t\t<div class=\"elementor-element elementor-element-da06276 e-flex e-con-boxed e-con e-parent\" data-id=\"da06276\" data-element_type=\"container\" data-settings=\"{&quot;content_width&quot;:&quot;boxed&quot;}\" data-core-v316-plus=\"true\">\n\t\t\t\t\t<div class=\"e-con-inner\">\n\t\t\t\t<div class=\"elementor-element elementor-element-61f9270 elementor-widget elementor-widget-image\" data-id=\"61f9270\" data-element_type=\"widget\" data-widget_type=\"image.default\">\n\t\t\t\t<div class=\"elementor-widget-container\">\n\t\t\t\t\t\t\t\t\t\t\t\t\t\t\t<img loading=\"lazy\" decoding=\"async\" width=\"56\" height=\"55\" src=\"https:\/\/restate.ee\/meteomaja\/wp-content\/uploads\/2023\/03\/people.svg\" class=\"attachment-large size-large wp-image-975\" alt=\"\" \/>\t\t\t\t\t\t\t\t\t\t\t\t\t\t\t<\/div>\n\t\t\t\t<\/div>\n\t\t\t\t<div class=\"elementor-element elementor-element-f74dec9 elementor-widget elementor-widget-heading\" data-id=\"f74dec9\" data-element_type=\"widget\" data-widget_type=\"heading.default\">\n\t\t\t\t<div class=\"elementor-widget-container\">\n\t\t\t<h2 class=\"elementor-heading-title elementor-size-default\">EXCELLENT VISIBILITY<\/h2>\t\t<\/div>\n\t\t\t\t<\/div>\n\t\t\t\t<div class=\"elementor-element elementor-element-3906455 elementor-widget elementor-widget-text-editor\" data-id=\"3906455\" data-element_type=\"widget\" data-widget_type=\"text-editor.default\">\n\t\t\t\t<div class=\"elementor-widget-container\">\n\t\t\t\t\t\t\t<p>The front facade of the building is visible directly from T\u00e4hesaju road as well as when approaching from Mustakivi road. The rooms on the first floor stand out when walking by as well as driving by. Tenants have the opportunity to display the company&#8217;s logo or advertisement on the facade of the building.<\/p>\t\t\t\t\t\t<\/div>\n\t\t\t\t<\/div>\n\t\t\t\t\t<\/div>\n\t\t\t\t<\/div>\n\t\t\t\t\t<\/div>\n\t\t\t\t<\/div>\n\t\t\t\t\t<\/div>\n\t\t\t\t<\/div>\n\t\t<div class=\"elementor-element elementor-element-313af8b e-con-full e-flex e-con e-parent\" data-id=\"313af8b\" data-element_type=\"container\" data-settings=\"{&quot;content_width&quot;:&quot;full&quot;}\" data-core-v316-plus=\"true\">\n\t\t\t\t<div class=\"elementor-element elementor-element-bfbec39 elementor-widget elementor-widget-image\" data-id=\"bfbec39\" data-element_type=\"widget\" data-widget_type=\"image.default\">\n\t\t\t\t<div class=\"elementor-widget-container\">\n\t\t\t\t\t\t\t\t\t\t\t\t\t\t\t<img loading=\"lazy\" decoding=\"async\" width=\"1440\" height=\"492\" src=\"https:\/\/restate.ee\/meteomaja\/wp-content\/uploads\/2023\/03\/MAP-1.svg\" class=\"attachment-full size-full wp-image-1021\" alt=\"\" \/>\t\t\t\t\t\t\t\t\t\t\t\t\t\t\t<\/div>\n\t\t\t\t<\/div>\n\t\t\t\t<\/div>\n\t\t<div class=\"elementor-element elementor-element-3f0c122 e-flex e-con-boxed e-con e-parent\" data-id=\"3f0c122\" data-element_type=\"container\" data-settings=\"{&quot;content_width&quot;:&quot;boxed&quot;}\" data-core-v316-plus=\"true\">\n\t\t\t\t\t<div class=\"e-con-inner\">\n\t\t<div class=\"elementor-element elementor-element-764c5a1 e-flex e-con-boxed e-con e-parent\" data-id=\"764c5a1\" data-element_type=\"container\" data-settings=\"{&quot;content_width&quot;:&quot;boxed&quot;}\" data-core-v316-plus=\"true\">\n\t\t\t\t\t<div class=\"e-con-inner\">\n\t\t<div class=\"elementor-element elementor-element-4c67af8 e-con-full e-flex e-con e-parent\" data-id=\"4c67af8\" data-element_type=\"container\" data-settings=\"{&quot;content_width&quot;:&quot;full&quot;}\" data-core-v316-plus=\"true\">\n\t\t\t\t<div class=\"elementor-element elementor-element-e3fca42 elementor-widget elementor-widget-button\" data-id=\"e3fca42\" data-element_type=\"widget\" data-widget_type=\"button.default\">\n\t\t\t\t<div class=\"elementor-widget-container\">\n\t\t\t\t\t<div class=\"elementor-button-wrapper\">\n\t\t\t<a class=\"elementor-button elementor-button-link elementor-size-sm\" href=\"https:\/\/www.google.com\/maps\/place\/T%C3%A4hesaju+tee+21,+13917+Tallinn\/@59.4434158,24.8552463,17z\/data=!3m1!4b1!4m6!3m5!1s0x4692ecc1fd87ff5b:0x51c04983d8faf02f!8m2!3d59.4434158!4d24.857435!16s%2Fg%2F11c5kks1b7\" target=\"_blank\">\n\t\t\t\t\t\t<span class=\"elementor-button-content-wrapper\">\n\t\t\t\t\t\t<span class=\"elementor-button-text\">SEE GOOGLE MAPS<\/span>\n\t\t<\/span>\n\t\t\t\t\t<\/a>\n\t\t<\/div>\n\t\t\t\t<\/div>\n\t\t\t\t<\/div>\n\t\t\t\t<div class=\"elementor-element elementor-element-ea5190b elementor-widget elementor-widget-button\" data-id=\"ea5190b\" data-element_type=\"widget\" data-widget_type=\"button.default\">\n\t\t\t\t<div class=\"elementor-widget-container\">\n\t\t\t\t\t<div class=\"elementor-button-wrapper\">\n\t\t\t<a class=\"elementor-button elementor-button-link elementor-size-sm\" href=\"http:\/\/meteomaja.ee\/wp-content\/uploads\/2023\/02\/T21_ES_AR-4-01_v02_-Asendiplaan.pdf\" target=\"_blank\">\n\t\t\t\t\t\t<span class=\"elementor-button-content-wrapper\">\n\t\t\t\t\t\t<span class=\"elementor-button-text\">SEE THE PLAN<\/span>\n\t\t<\/span>\n\t\t\t\t\t<\/a>\n\t\t<\/div>\n\t\t\t\t<\/div>\n\t\t\t\t<\/div>\n\t\t\t\t<\/div>\n\t\t<div class=\"elementor-element elementor-element-944786f e-flex e-con-boxed e-con e-parent\" data-id=\"944786f\" data-element_type=\"container\" data-settings=\"{&quot;content_width&quot;:&quot;boxed&quot;}\" data-core-v316-plus=\"true\">\n\t\t\t\t\t<div class=\"e-con-inner\">\n\t\t<div class=\"elementor-element elementor-element-4b8ec1b e-flex e-con-boxed e-con e-parent\" data-id=\"4b8ec1b\" data-element_type=\"container\" data-settings=\"{&quot;content_width&quot;:&quot;boxed&quot;}\" data-core-v316-plus=\"true\">\n\t\t\t\t\t<div class=\"e-con-inner\">\n\t\t<div class=\"elementor-element elementor-element-3773f3d e-flex e-con-boxed e-con e-parent\" data-id=\"3773f3d\" data-element_type=\"container\" data-settings=\"{&quot;content_width&quot;:&quot;boxed&quot;}\" data-core-v316-plus=\"true\">\n\t\t\t\t\t<div class=\"e-con-inner\">\n\t\t\t\t<div class=\"elementor-element elementor-element-899d77e elementor-widget elementor-widget-heading\" data-id=\"899d77e\" data-element_type=\"widget\" data-widget_type=\"heading.default\">\n\t\t\t\t<div class=\"elementor-widget-container\">\n\t\t\t<h2 class=\"elementor-heading-title elementor-size-default\">7 KM<\/h2>\t\t<\/div>\n\t\t\t\t<\/div>\n\t\t\t\t<div class=\"elementor-element elementor-element-ec734ea elementor-widget elementor-widget-heading\" data-id=\"ec734ea\" data-element_type=\"widget\" data-widget_type=\"heading.default\">\n\t\t\t\t<div class=\"elementor-widget-container\">\n\t\t\t<h2 class=\"elementor-heading-title elementor-size-default\">TO CITY CENTER<\/h2>\t\t<\/div>\n\t\t\t\t<\/div>\n\t\t\t\t\t<\/div>\n\t\t\t\t<\/div>\n\t\t<div class=\"elementor-element elementor-element-29122c9 e-flex e-con-boxed e-con e-parent\" data-id=\"29122c9\" data-element_type=\"container\" data-settings=\"{&quot;content_width&quot;:&quot;boxed&quot;}\" data-core-v316-plus=\"true\">\n\t\t\t\t\t<div class=\"e-con-inner\">\n\t\t\t\t<div class=\"elementor-element elementor-element-e7c7d64 elementor-widget elementor-widget-heading\" data-id=\"e7c7d64\" data-element_type=\"widget\" data-widget_type=\"heading.default\">\n\t\t\t\t<div class=\"elementor-widget-container\">\n\t\t\t<h2 class=\"elementor-heading-title elementor-size-default\">11 KM<\/h2>\t\t<\/div>\n\t\t\t\t<\/div>\n\t\t\t\t<div class=\"elementor-element elementor-element-70b6757 elementor-widget elementor-widget-heading\" data-id=\"70b6757\" data-element_type=\"widget\" data-widget_type=\"heading.default\">\n\t\t\t\t<div class=\"elementor-widget-container\">\n\t\t\t<h2 class=\"elementor-heading-title elementor-size-default\">TO  P\u00e4rnu mnt-J\u00e4rvevana tee CROSS-ROAD<\/h2>\t\t<\/div>\n\t\t\t\t<\/div>\n\t\t\t\t\t<\/div>\n\t\t\t\t<\/div>\n\t\t<div class=\"elementor-element elementor-element-3c623f5 e-flex e-con-boxed e-con e-parent\" data-id=\"3c623f5\" data-element_type=\"container\" data-settings=\"{&quot;content_width&quot;:&quot;boxed&quot;}\" data-core-v316-plus=\"true\">\n\t\t\t\t\t<div class=\"e-con-inner\">\n\t\t\t\t<div class=\"elementor-element elementor-element-fb97076 elementor-widget elementor-widget-heading\" data-id=\"fb97076\" data-element_type=\"widget\" data-widget_type=\"heading.default\">\n\t\t\t\t<div class=\"elementor-widget-container\">\n\t\t\t<h2 class=\"elementor-heading-title elementor-size-default\">15 KM<\/h2>\t\t<\/div>\n\t\t\t\t<\/div>\n\t\t\t\t<div class=\"elementor-element elementor-element-a75f78c elementor-widget elementor-widget-heading\" data-id=\"a75f78c\" data-element_type=\"widget\" data-widget_type=\"heading.default\">\n\t\t\t\t<div class=\"elementor-widget-container\">\n\t\t\t<h2 class=\"elementor-heading-title elementor-size-default\">FROM J\u00dcRI CIRCUIT<\/h2>\t\t<\/div>\n\t\t\t\t<\/div>\n\t\t\t\t\t<\/div>\n\t\t\t\t<\/div>\n\t\t<div class=\"elementor-element elementor-element-6a068e6 e-flex e-con-boxed e-con e-parent\" data-id=\"6a068e6\" data-element_type=\"container\" data-settings=\"{&quot;content_width&quot;:&quot;boxed&quot;}\" data-core-v316-plus=\"true\">\n\t\t\t\t\t<div class=\"e-con-inner\">\n\t\t\t\t<div class=\"elementor-element elementor-element-2fcc3bc elementor-widget elementor-widget-heading\" data-id=\"2fcc3bc\" data-element_type=\"widget\" data-widget_type=\"heading.default\">\n\t\t\t\t<div class=\"elementor-widget-container\">\n\t\t\t<h2 class=\"elementor-heading-title elementor-size-default\">3,5 KM<\/h2>\t\t<\/div>\n\t\t\t\t<\/div>\n\t\t\t\t<div class=\"elementor-element elementor-element-b35a35e elementor-widget elementor-widget-heading\" data-id=\"b35a35e\" data-element_type=\"widget\" data-widget_type=\"heading.default\">\n\t\t\t\t<div class=\"elementor-widget-container\">\n\t\t\t<h2 class=\"elementor-heading-title elementor-size-default\">FROM V\u00c4O CIRCUIT<\/h2>\t\t<\/div>\n\t\t\t\t<\/div>\n\t\t\t\t\t<\/div>\n\t\t\t\t<\/div>\n\t\t\t\t\t<\/div>\n\t\t\t\t<\/div>\n\t\t\t\t<div class=\"elementor-element elementor-element-a06f1c7 elementor-widget__width-initial elementor-widget elementor-widget-text-editor\" data-id=\"a06f1c7\" data-element_type=\"widget\" data-widget_type=\"text-editor.default\">\n\t\t\t\t<div class=\"elementor-widget-container\">\n\t\t\t\t\t\t\t<p>Meteo Maja is located in the center of the Lasnam\u00e4e district, being connected to all Lasnam\u00e4e main roads. The concentration of strong brands has created a commercial synergy that is beneficial for both companies and customers visiting the area. Today, Lidl, Bauhaus, Motonet, Prisma, Selver, Hortes, Home4You, Magaziin, Toyota and other well-known stores form the center of attraction.<\/p><p>The popular T\u00e4hesaju City is located 7 minutes by car from the center of Tallinn. Through the main roads of Lasnam\u00e4e, the center serves the entire vicinity: Pirita and Meriv\u00e4lja region, Viimsi municipality, Maardu, Muuga and Kallavere.<\/p>\t\t\t\t\t\t<\/div>\n\t\t\t\t<\/div>\n\t\t\t\t\t<\/div>\n\t\t\t\t<\/div>\n\t\t\t\t\t<\/div>\n\t\t\t\t<\/div>\n\t\t\t\t\t<\/div>\n\t\t\t\t<\/div>\n\t\t\t\t\t\t\t<\/div>\n\t\t","protected":false},"excerpt":{"rendered":"<p>An important POINT IN LASNAM\u00c4E DISTRICT Meteo Maja is located only 7 kilometers from the center of Tallinn, at the intersection of strong traffic junctions Laagna tee and Mustakivi tee. About 5,000 cars pass the Starfall Road every day, which makes a total of about 1.8 million vehicles during the year. EVOLVED COMMERCIAL DISTRICT The [&hellip;]<\/p>\n","protected":false},"author":1,"featured_media":0,"parent":0,"menu_order":0,"comment_status":"closed","ping_status":"closed","template":"","meta":{"footnotes":""},"class_list":["post-1035","page","type-page","status-publish","hentry"],"acf":[],"_links":{"self":[{"href":"https:\/\/restate.ee\/meteomaja\/wp-json\/wp\/v2\/pages\/1035","targetHints":{"allow":["GET"]}}],"collection":[{"href":"https:\/\/restate.ee\/meteomaja\/wp-json\/wp\/v2\/pages"}],"about":[{"href":"https:\/\/restate.ee\/meteomaja\/wp-json\/wp\/v2\/types\/page"}],"author":[{"embeddable":true,"href":"https:\/\/restate.ee\/meteomaja\/wp-json\/wp\/v2\/users\/1"}],"replies":[{"embeddable":true,"href":"https:\/\/restate.ee\/meteomaja\/wp-json\/wp\/v2\/comments?post=1035"}],"version-history":[{"count":31,"href":"https:\/\/restate.ee\/meteomaja\/wp-json\/wp\/v2\/pages\/1035\/revisions"}],"predecessor-version":[{"id":2140,"href":"https:\/\/restate.ee\/meteomaja\/wp-json\/wp\/v2\/pages\/1035\/revisions\/2140"}],"wp:attachment":[{"href":"https:\/\/restate.ee\/meteomaja\/wp-json\/wp\/v2\/media?parent=1035"}],"curies":[{"name":"wp","href":"https:\/\/api.w.org\/{rel}","templated":true}]}}