{"id":1037,"date":"2023-03-10T13:42:06","date_gmt":"2023-03-10T13:42:06","guid":{"rendered":"http:\/\/meteomaja.ee\/?page_id=1037"},"modified":"2023-03-10T13:42:06","modified_gmt":"2023-03-10T13:42:06","slug":"uudised-rus","status":"publish","type":"page","link":"https:\/\/restate.ee\/meteomaja\/ru\/uudised-rus\/","title":{"rendered":"Uudised RUS"},"content":{"rendered":"\t\t<div data-elementor-type=\"wp-page\" data-elementor-id=\"1037\" class=\"elementor elementor-1037\">\n\t\t\t\t\t\t\t<div class=\"elementor-element elementor-element-a346d01 e-flex e-con-boxed e-con e-parent\" data-id=\"a346d01\" data-element_type=\"container\" data-settings=\"{&quot;background_background&quot;:&quot;classic&quot;,&quot;content_width&quot;:&quot;boxed&quot;}\" data-core-v316-plus=\"true\">\n\t\t\t\t\t<div class=\"e-con-inner\">\n\t\t\t\t<div class=\"elementor-element elementor-element-381bd0c elementor-grid-eael-col-3 elementor-grid-tablet-eael-col-2 elementor-grid-mobile-eael-col-1 elementor-widget elementor-widget-eael-post-grid\" data-id=\"381bd0c\" data-element_type=\"widget\" data-settings=\"{&quot;eael_post_grid_columns&quot;:&quot;eael-col-3&quot;,&quot;eael_post_grid_columns_tablet&quot;:&quot;eael-col-2&quot;,&quot;eael_post_grid_columns_mobile&quot;:&quot;eael-col-1&quot;}\" data-widget_type=\"eael-post-grid.default\">\n\t\t\t\t<div class=\"elementor-widget-container\">\n\t\t\t<div id=\"eael-post-grid-381bd0c\" class=\"eael-post-grid-container\">\n            <div class=\"eael-post-grid eael-post-appender eael-post-appender-381bd0c eael-post-grid-style-default\" data-layout-mode=\"masonry\"><article class=\"eael-grid-post eael-post-grid-column\" data-id=\"2596\">\n        <div class=\"eael-grid-post-holder\">\n            <div class=\"eael-grid-post-holder-inner\"><div class=\"eael-entry-media\"><div class=\"eael-entry-overlay fade-in\"><i class=\"fas fa-long-arrow-alt-right\" aria-hidden=\"true\"><\/i><a href=\"https:\/\/restate.ee\/meteomaja\/karcher-avas-uue-poe-meteo-majas\/\"><\/a><\/div><div class=\"eael-entry-thumbnail \">\n                <img loading=\"lazy\" decoding=\"async\" width=\"2048\" height=\"1365\" src=\"https:\/\/restate.ee\/meteomaja\/wp-content\/uploads\/2024\/06\/DSC07708.jpg\" class=\"attachment-full size-full wp-image-2598\" alt=\"\" srcset=\"https:\/\/restate.ee\/meteomaja\/wp-content\/uploads\/2024\/06\/DSC07708.jpg 2048w, https:\/\/restate.ee\/meteomaja\/wp-content\/uploads\/2024\/06\/DSC07708-300x200.jpg 300w, https:\/\/restate.ee\/meteomaja\/wp-content\/uploads\/2024\/06\/DSC07708-1024x683.jpg 1024w, https:\/\/restate.ee\/meteomaja\/wp-content\/uploads\/2024\/06\/DSC07708-768x512.jpg 768w, https:\/\/restate.ee\/meteomaja\/wp-content\/uploads\/2024\/06\/DSC07708-1536x1024.jpg 1536w\" sizes=\"auto, (max-width: 2048px) 100vw, 2048px\" \/>\n            <\/div>\n        <\/div><div class=\"eael-entry-wrapper\"><header class=\"eael-entry-header\"><h2 class=\"eael-entry-title\"><a\n                        class=\"eael-grid-post-link\"\n                        href=\"https:\/\/restate.ee\/meteomaja\/karcher-avas-uue-poe-meteo-majas\/\"\n                        title=\"K\u00e4rcher avas uue poe Meteo Majas\">K\u00e4rcher avas uue poe Meteo Majas<\/a><\/h2><\/header><div class=\"eael-entry-content\">\n                        <div class=\"eael-grid-post-excerpt\"><p>Lasnam\u00e4el, T\u00e4hesaju City&#8217;s asuvas Meteo Majas avas oma uue poe maailmas tuntud puhastustehnika tootja K\u00e4rcher. See on juba teine pood, mille K\u00e4rcher on avanud Restate&#8217;i poolt arendatud hoones, n\u00e4idates sellega...<\/p><a\n                            href=\"https:\/\/restate.ee\/meteomaja\/karcher-avas-uue-poe-meteo-majas\/\"\n                            class=\"eael-post-elements-readmore-btn\">Loe l\u00e4hemalt<\/a><\/div>\n                    <\/div><\/div><\/div>\n        <\/div>\n    <\/article><article class=\"eael-grid-post eael-post-grid-column\" data-id=\"2580\">\n        <div class=\"eael-grid-post-holder\">\n            <div class=\"eael-grid-post-holder-inner\"><div class=\"eael-entry-media\"><div class=\"eael-entry-overlay fade-in\"><i class=\"fas fa-long-arrow-alt-right\" aria-hidden=\"true\"><\/i><a href=\"https:\/\/restate.ee\/meteomaja\/restatei-meteo-maja-tahesajus-arilinnakus-sai-sarikad\/\"><\/a><\/div><div class=\"eael-entry-thumbnail \">\n                <img loading=\"lazy\" decoding=\"async\" width=\"2560\" height=\"1704\" src=\"https:\/\/restate.ee\/meteomaja\/wp-content\/uploads\/2024\/04\/IMG_3441_VSCO-scaled.jpg\" class=\"attachment-full size-full wp-image-2584\" alt=\"\" srcset=\"https:\/\/restate.ee\/meteomaja\/wp-content\/uploads\/2024\/04\/IMG_3441_VSCO-scaled.jpg 2560w, https:\/\/restate.ee\/meteomaja\/wp-content\/uploads\/2024\/04\/IMG_3441_VSCO-300x200.jpg 300w, https:\/\/restate.ee\/meteomaja\/wp-content\/uploads\/2024\/04\/IMG_3441_VSCO-1024x682.jpg 1024w, https:\/\/restate.ee\/meteomaja\/wp-content\/uploads\/2024\/04\/IMG_3441_VSCO-768x511.jpg 768w, https:\/\/restate.ee\/meteomaja\/wp-content\/uploads\/2024\/04\/IMG_3441_VSCO-1536x1022.jpg 1536w, https:\/\/restate.ee\/meteomaja\/wp-content\/uploads\/2024\/04\/IMG_3441_VSCO-2048x1363.jpg 2048w\" sizes=\"auto, (max-width: 2560px) 100vw, 2560px\" \/>\n            <\/div>\n        <\/div><div class=\"eael-entry-wrapper\"><header class=\"eael-entry-header\"><h2 class=\"eael-entry-title\"><a\n                        class=\"eael-grid-post-link\"\n                        href=\"https:\/\/restate.ee\/meteomaja\/restatei-meteo-maja-tahesajus-arilinnakus-sai-sarikad\/\"\n                        title=\"Restate&#8217;i Meteo Maja T\u00e4hesajus \u00e4rilinnakus sai sarikad\">Restate&#8217;i Meteo Maja T\u00e4hesajus \u00e4rilinnakus sai sarikad<\/a><\/h2><\/header><div class=\"eael-entry-content\">\n                        <div class=\"eael-grid-post-excerpt\"><p>\u00c4rikinnisvaraarendaja Restate&#8217;i ja ehitaja Eventus Ehituse koost\u00f6\u00f6s valmiv \u00e4rihoone on Restate&#8217;i Tallinna T\u00e4hesaju \u00e4rilinnaku kolmas arendus ja paikneb k\u00f5rvuti Tallinna Aasta Arendusprojekti tiitli teeninud T\u00e4hesaju Kaksikutega. Hoonest 60% on juba...<\/p><a\n                            href=\"https:\/\/restate.ee\/meteomaja\/restatei-meteo-maja-tahesajus-arilinnakus-sai-sarikad\/\"\n                            class=\"eael-post-elements-readmore-btn\">Loe l\u00e4hemalt<\/a><\/div>\n                    <\/div><\/div><\/div>\n        <\/div>\n    <\/article><article class=\"eael-grid-post eael-post-grid-column\" data-id=\"2375\">\n        <div class=\"eael-grid-post-holder\">\n            <div class=\"eael-grid-post-holder-inner\"><div class=\"eael-entry-media\"><div class=\"eael-entry-overlay fade-in\"><i class=\"fas fa-long-arrow-alt-right\" aria-hidden=\"true\"><\/i><a href=\"https:\/\/restate.ee\/meteomaja\/galerii-meteo-maja-sai-nurgakivi\/\"><\/a><\/div><div class=\"eael-entry-thumbnail \">\n                <img loading=\"lazy\" decoding=\"async\" width=\"2560\" height=\"1915\" src=\"https:\/\/restate.ee\/meteomaja\/wp-content\/uploads\/2023\/10\/9A090173-C30E-4FF8-8B64-D9B5BFE837AC-1-scaled.jpg\" class=\"attachment-full size-full wp-image-2399\" alt=\"\" srcset=\"https:\/\/restate.ee\/meteomaja\/wp-content\/uploads\/2023\/10\/9A090173-C30E-4FF8-8B64-D9B5BFE837AC-1-scaled.jpg 2560w, https:\/\/restate.ee\/meteomaja\/wp-content\/uploads\/2023\/10\/9A090173-C30E-4FF8-8B64-D9B5BFE837AC-1-300x224.jpg 300w, https:\/\/restate.ee\/meteomaja\/wp-content\/uploads\/2023\/10\/9A090173-C30E-4FF8-8B64-D9B5BFE837AC-1-1024x766.jpg 1024w, https:\/\/restate.ee\/meteomaja\/wp-content\/uploads\/2023\/10\/9A090173-C30E-4FF8-8B64-D9B5BFE837AC-1-768x574.jpg 768w, https:\/\/restate.ee\/meteomaja\/wp-content\/uploads\/2023\/10\/9A090173-C30E-4FF8-8B64-D9B5BFE837AC-1-1536x1149.jpg 1536w, https:\/\/restate.ee\/meteomaja\/wp-content\/uploads\/2023\/10\/9A090173-C30E-4FF8-8B64-D9B5BFE837AC-1-2048x1532.jpg 2048w\" sizes=\"auto, (max-width: 2560px) 100vw, 2560px\" \/>\n            <\/div>\n        <\/div><div class=\"eael-entry-wrapper\"><header class=\"eael-entry-header\"><h2 class=\"eael-entry-title\"><a\n                        class=\"eael-grid-post-link\"\n                        href=\"https:\/\/restate.ee\/meteomaja\/galerii-meteo-maja-sai-nurgakivi\/\"\n                        title=\"GALERII: Meteo Maja sai nurgakivi!\">GALERII: Meteo Maja sai nurgakivi!<\/a><\/h2><\/header><div class=\"eael-entry-content\">\n                        <div class=\"eael-grid-post-excerpt\"><p>\u00c4rikinnisvaraarendaja Restate ja ehitaja Eventus Ehitus panid 19. oktoobril nurgakivi Meteo Majale, mis on Restate&#8217;i kolmas \u00e4rihoone Tallinnas T\u00e4hesaju \u00e4rilinnakus. Esimesed kaks hoonet, T\u00e4hesaju Kaksikud p\u00e4rjati hiljuti Tallinna Aasta Arendusprojekti...<\/p><a\n                            href=\"https:\/\/restate.ee\/meteomaja\/galerii-meteo-maja-sai-nurgakivi\/\"\n                            class=\"eael-post-elements-readmore-btn\">Loe l\u00e4hemalt<\/a><\/div>\n                    <\/div><\/div><\/div>\n        <\/div>\n    <\/article><article class=\"eael-grid-post eael-post-grid-column\" data-id=\"2333\">\n        <div class=\"eael-grid-post-holder\">\n            <div class=\"eael-grid-post-holder-inner\"><div class=\"eael-entry-media\"><div class=\"eael-entry-overlay fade-in\"><i class=\"fas fa-long-arrow-alt-right\" aria-hidden=\"true\"><\/i><a href=\"https:\/\/restate.ee\/meteomaja\/restatei-tahesaju-arendus-palvis-tallinna-aasta-arendusprojekti-tiitli\/\"><\/a><\/div><div class=\"eael-entry-thumbnail \">\n                <img loading=\"lazy\" decoding=\"async\" width=\"1440\" height=\"960\" src=\"https:\/\/restate.ee\/meteomaja\/wp-content\/uploads\/2023\/10\/pilt_120Fotograaf-Kalev-Lilleorg.jpg\" class=\"attachment-full size-full wp-image-2337\" alt=\"\" srcset=\"https:\/\/restate.ee\/meteomaja\/wp-content\/uploads\/2023\/10\/pilt_120Fotograaf-Kalev-Lilleorg.jpg 1440w, https:\/\/restate.ee\/meteomaja\/wp-content\/uploads\/2023\/10\/pilt_120Fotograaf-Kalev-Lilleorg-300x200.jpg 300w, https:\/\/restate.ee\/meteomaja\/wp-content\/uploads\/2023\/10\/pilt_120Fotograaf-Kalev-Lilleorg-1024x683.jpg 1024w, https:\/\/restate.ee\/meteomaja\/wp-content\/uploads\/2023\/10\/pilt_120Fotograaf-Kalev-Lilleorg-768x512.jpg 768w\" sizes=\"auto, (max-width: 1440px) 100vw, 1440px\" \/>\n            <\/div>\n        <\/div><div class=\"eael-entry-wrapper\"><header class=\"eael-entry-header\"><h2 class=\"eael-entry-title\"><a\n                        class=\"eael-grid-post-link\"\n                        href=\"https:\/\/restate.ee\/meteomaja\/restatei-tahesaju-arendus-palvis-tallinna-aasta-arendusprojekti-tiitli\/\"\n                        title=\"Restate&#8217;i T\u00e4hesaju arendus p\u00e4lvis Tallinna aasta Arendusprojekti tiitli\">Restate&#8217;i T\u00e4hesaju arendus p\u00e4lvis Tallinna aasta Arendusprojekti tiitli<\/a><\/h2><\/header><div class=\"eael-entry-content\">\n                        <div class=\"eael-grid-post-excerpt\"><p>27. septembril valiti Tallinna ettev\u00f5tluskonkursi t\u00e4navused v\u00f5itjad. Aasta parimaks arendusprojektiks valiti \u00e4rikinnisvaraarendaja Restate T\u00e4hesaju Kaksikud.\u00a0 Konkursile esitatud Restate identsed T\u00e4hesaju Kaksikud asuvad T\u00e4hesaju \u00e4ripiirkonnas Lasnam\u00e4el. Loft-office-t\u00fc\u00fcpi lahendus v\u00f5imaldab ettev\u00f5tetel \u00fchendada...<\/p><a\n                            href=\"https:\/\/restate.ee\/meteomaja\/restatei-tahesaju-arendus-palvis-tallinna-aasta-arendusprojekti-tiitli\/\"\n                            class=\"eael-post-elements-readmore-btn\">Loe l\u00e4hemalt<\/a><\/div>\n                    <\/div><\/div><\/div>\n        <\/div>\n    <\/article><article class=\"eael-grid-post eael-post-grid-column\" data-id=\"2246\">\n        <div class=\"eael-grid-post-holder\">\n            <div class=\"eael-grid-post-holder-inner\"><div class=\"eael-entry-wrapper\"><header class=\"eael-entry-header\"><h2 class=\"eael-entry-title\"><a\n                        class=\"eael-grid-post-link\"\n                        href=\"https:\/\/restate.ee\/meteomaja\/restate-alustas-tahesaju-kolmanda-arihoone-rajamist\/\"\n                        title=\"Restate alustas T\u00e4hesaju kolmanda \u00e4rihoone rajamist\">Restate alustas T\u00e4hesaju kolmanda \u00e4rihoone rajamist<\/a><\/h2><\/header><div class=\"eael-entry-content\">\n                        <div class=\"eael-grid-post-excerpt\"><p>Meteo Maja on Restate kolmas \u00e4rihoone etapp Tallinnas T\u00e4hesaju \u00e4rilinnakus. Varasemaid kahte hoonet kutsutakse T\u00e4hesaju Kaksikuteks.\u00a0 Uus \u00e4rihoone pakub ettev\u00f5tetele v\u00f5imalust \u00fchendada lao-, kaubandus- ja kontorifunktsioonid \u00fches kohas. Niinimetatud loft-office...<\/p><a\n                            href=\"https:\/\/restate.ee\/meteomaja\/restate-alustas-tahesaju-kolmanda-arihoone-rajamist\/\"\n                            class=\"eael-post-elements-readmore-btn\">Loe l\u00e4hemalt<\/a><\/div>\n                    <\/div><\/div><\/div>\n        <\/div>\n    <\/article><article class=\"eael-grid-post eael-post-grid-column\" data-id=\"1\">\n        <div class=\"eael-grid-post-holder\">\n            <div class=\"eael-grid-post-holder-inner\"><div class=\"eael-entry-media\"><div class=\"eael-entry-overlay fade-in\"><i class=\"fas fa-long-arrow-alt-right\" aria-hidden=\"true\"><\/i><a href=\"https:\/\/restate.ee\/meteomaja\/hello-world\/\"><\/a><\/div><div class=\"eael-entry-thumbnail \">\n                <img loading=\"lazy\" decoding=\"async\" width=\"1440\" height=\"728\" src=\"https:\/\/restate.ee\/meteomaja\/wp-content\/uploads\/2023\/02\/interactive-map-bg.png\" class=\"attachment-full size-full wp-image-408\" alt=\"\" srcset=\"https:\/\/restate.ee\/meteomaja\/wp-content\/uploads\/2023\/02\/interactive-map-bg.png 1440w, https:\/\/restate.ee\/meteomaja\/wp-content\/uploads\/2023\/02\/interactive-map-bg-300x152.png 300w, https:\/\/restate.ee\/meteomaja\/wp-content\/uploads\/2023\/02\/interactive-map-bg-1024x518.png 1024w, https:\/\/restate.ee\/meteomaja\/wp-content\/uploads\/2023\/02\/interactive-map-bg-768x388.png 768w\" sizes=\"auto, (max-width: 1440px) 100vw, 1440px\" \/>\n            <\/div>\n        <\/div><div class=\"eael-entry-wrapper\"><header class=\"eael-entry-header\"><h2 class=\"eael-entry-title\"><a\n                        class=\"eael-grid-post-link\"\n                        href=\"https:\/\/restate.ee\/meteomaja\/hello-world\/\"\n                        title=\"Hello world!\">Hello world!<\/a><\/h2><\/header><div class=\"eael-entry-content\">\n                        <div class=\"eael-grid-post-excerpt\"><p>Welcome to WordPress. This is your first post. Edit or delete it, then start writing!<\/p><a\n                            href=\"https:\/\/restate.ee\/meteomaja\/hello-world\/\"\n                            class=\"eael-post-elements-readmore-btn\">Loe l\u00e4hemalt<\/a><\/div>\n                    <\/div><\/div><\/div>\n        <\/div>\n    <\/article><\/div>\n            <div class=\"clearfix\"><\/div>\n        <\/div>\t\t<\/div>\n\t\t\t\t<\/div>\n\t\t\t\t\t<\/div>\n\t\t\t\t<\/div>\n\t\t\t\t\t\t\t<\/div>\n\t\t","protected":false},"excerpt":{"rendered":"","protected":false},"author":1,"featured_media":0,"parent":0,"menu_order":0,"comment_status":"closed","ping_status":"closed","template":"","meta":{"footnotes":""},"class_list":["post-1037","page","type-page","status-publish","hentry"],"acf":[],"_links":{"self":[{"href":"https:\/\/restate.ee\/meteomaja\/wp-json\/wp\/v2\/pages\/1037","targetHints":{"allow":["GET"]}}],"collection":[{"href":"https:\/\/restate.ee\/meteomaja\/wp-json\/wp\/v2\/pages"}],"about":[{"href":"https:\/\/restate.ee\/meteomaja\/wp-json\/wp\/v2\/types\/page"}],"author":[{"embeddable":true,"href":"https:\/\/restate.ee\/meteomaja\/wp-json\/wp\/v2\/users\/1"}],"replies":[{"embeddable":true,"href":"https:\/\/restate.ee\/meteomaja\/wp-json\/wp\/v2\/comments?post=1037"}],"version-history":[{"count":1,"href":"https:\/\/restate.ee\/meteomaja\/wp-json\/wp\/v2\/pages\/1037\/revisions"}],"predecessor-version":[{"id":1038,"href":"https:\/\/restate.ee\/meteomaja\/wp-json\/wp\/v2\/pages\/1037\/revisions\/1038"}],"wp:attachment":[{"href":"https:\/\/restate.ee\/meteomaja\/wp-json\/wp\/v2\/media?parent=1037"}],"curies":[{"name":"wp","href":"https:\/\/api.w.org\/{rel}","templated":true}]}}