{"id":1244,"date":"2019-03-11T12:13:47","date_gmt":"2019-03-11T12:13:47","guid":{"rendered":"https:\/\/restate.ee\/ringtee\/contact\/"},"modified":"2024-10-21T12:06:17","modified_gmt":"2024-10-21T12:06:17","slug":"kontakt","status":"publish","type":"page","link":"https:\/\/restate.ee\/ringtee\/en\/kontakt\/","title":{"rendered":"Contact"},"content":{"rendered":"<div data-elementor-type=\"wp-post\" data-elementor-id=\"1244\" class=\"elementor elementor-1244\">\n\t\t\t\t\t\t<div class=\"elementor-inner\">\n\t\t\t\t<div class=\"elementor-section-wrap\">\n\t\t\t\t\t\t\t\t\t<section class=\"elementor-section elementor-top-section elementor-element elementor-element-2e39fdb elementor-section-boxed elementor-section-height-default elementor-section-height-default\" data-id=\"2e39fdb\" data-element_type=\"section\" data-settings=\"{&quot;background_background&quot;:&quot;classic&quot;,&quot;_ha_eqh_enable&quot;:false}\">\n\t\t\t\t\t\t\t<div class=\"elementor-background-overlay\"><\/div>\n\t\t\t\t\t\t\t<div class=\"elementor-container elementor-column-gap-default\">\n\t\t\t\t\t\t\t<div class=\"elementor-row\">\n\t\t\t\t\t<div class=\"elementor-column elementor-col-100 elementor-top-column elementor-element elementor-element-2762411\" data-id=\"2762411\" data-element_type=\"column\">\n\t\t\t<div class=\"elementor-column-wrap elementor-element-populated\">\n\t\t\t\t\t\t\t<div class=\"elementor-widget-wrap\">\n\t\t\t\t\t\t<section class=\"elementor-section elementor-inner-section elementor-element elementor-element-9c4c5d0 elementor-section-boxed elementor-section-height-default elementor-section-height-default\" data-id=\"9c4c5d0\" data-element_type=\"section\" data-settings=\"{&quot;_ha_eqh_enable&quot;:false}\">\n\t\t\t\t\t\t<div class=\"elementor-container elementor-column-gap-default\">\n\t\t\t\t\t\t\t<div class=\"elementor-row\">\n\t\t\t\t\t<div class=\"elementor-column elementor-col-66 elementor-inner-column elementor-element elementor-element-4c9c3e9\" data-id=\"4c9c3e9\" data-element_type=\"column\">\n\t\t\t<div class=\"elementor-column-wrap elementor-element-populated\">\n\t\t\t\t\t\t\t<div class=\"elementor-widget-wrap\">\n\t\t\t\t\t\t<div class=\"elementor-element elementor-element-280ba7b elementor-widget elementor-widget-heading\" data-id=\"280ba7b\" data-element_type=\"widget\" data-widget_type=\"heading.default\">\n\t\t\t\t<div class=\"elementor-widget-container\">\n\t\t\t<h1 class=\"elementor-heading-title elementor-size-default\">Contact<\/h1>\t\t<\/div>\n\t\t\t\t<\/div>\n\t\t\t\t\t\t<\/div>\n\t\t\t\t\t<\/div>\n\t\t<\/div>\n\t\t\t\t<div class=\"elementor-column elementor-col-33 elementor-inner-column elementor-element elementor-element-0bb5f94\" data-id=\"0bb5f94\" data-element_type=\"column\">\n\t\t\t<div class=\"elementor-column-wrap\">\n\t\t\t\t\t\t\t<div class=\"elementor-widget-wrap\">\n\t\t\t\t\t\t\t\t<\/div>\n\t\t\t\t\t<\/div>\n\t\t<\/div>\n\t\t\t\t\t\t\t\t<\/div>\n\t\t\t\t\t<\/div>\n\t\t<\/section>\n\t\t\t\t<section class=\"elementor-section elementor-inner-section elementor-element elementor-element-c2919fa elementor-section-boxed elementor-section-height-default elementor-section-height-default\" data-id=\"c2919fa\" data-element_type=\"section\" data-settings=\"{&quot;_ha_eqh_enable&quot;:false}\">\n\t\t\t\t\t\t<div class=\"elementor-container elementor-column-gap-default\">\n\t\t\t\t\t\t\t<div class=\"elementor-row\">\n\t\t\t\t\t<div class=\"elementor-column elementor-col-66 elementor-inner-column elementor-element elementor-element-524f5aa\" data-id=\"524f5aa\" data-element_type=\"column\">\n\t\t\t<div class=\"elementor-column-wrap\">\n\t\t\t\t\t\t\t<div class=\"elementor-widget-wrap\">\n\t\t\t\t\t\t\t\t<\/div>\n\t\t\t\t\t<\/div>\n\t\t<\/div>\n\t\t\t\t<div class=\"elementor-column elementor-col-33 elementor-inner-column elementor-element elementor-element-99b7b58\" data-id=\"99b7b58\" data-element_type=\"column\" data-settings=\"{&quot;background_background&quot;:&quot;classic&quot;}\">\n\t\t\t<div class=\"elementor-column-wrap elementor-element-populated\">\n\t\t\t\t\t\t\t<div class=\"elementor-widget-wrap\">\n\t\t\t\t\t\t<div class=\"elementor-element elementor-element-3007a60 elementor-widget elementor-widget-heading\" data-id=\"3007a60\" data-element_type=\"widget\" data-widget_type=\"heading.default\">\n\t\t\t\t<div class=\"elementor-widget-container\">\n\t\t\t<h5 class=\"elementor-heading-title elementor-size-default\">Feel free to contact us<\/h5>\t\t<\/div>\n\t\t\t\t<\/div>\n\t\t\t\t<div class=\"elementor-element elementor-element-ade640f elementor-widget elementor-widget-heading\" data-id=\"ade640f\" data-element_type=\"widget\" data-widget_type=\"heading.default\">\n\t\t\t\t<div class=\"elementor-widget-container\">\n\t\t\t<h3 class=\"elementor-heading-title elementor-size-default\">(+372) 5569 8975<\/h3>\t\t<\/div>\n\t\t\t\t<\/div>\n\t\t\t\t\t\t<\/div>\n\t\t\t\t\t<\/div>\n\t\t<\/div>\n\t\t\t\t\t\t\t\t<\/div>\n\t\t\t\t\t<\/div>\n\t\t<\/section>\n\t\t\t\t\t\t<\/div>\n\t\t\t\t\t<\/div>\n\t\t<\/div>\n\t\t\t\t\t\t\t\t<\/div>\n\t\t\t\t\t<\/div>\n\t\t<\/section>\n\t\t\t\t<section class=\"elementor-section elementor-top-section elementor-element elementor-element-60e6fcf elementor-reverse-mobile elementor-section-boxed elementor-section-height-default elementor-section-height-default\" data-id=\"60e6fcf\" data-element_type=\"section\" data-settings=\"{&quot;background_background&quot;:&quot;classic&quot;,&quot;_ha_eqh_enable&quot;:false}\">\n\t\t\t\t\t\t<div class=\"elementor-container elementor-column-gap-default\">\n\t\t\t\t\t\t\t<div class=\"elementor-row\">\n\t\t\t\t\t<div class=\"elementor-column elementor-col-100 elementor-top-column elementor-element elementor-element-4f78d16\" data-id=\"4f78d16\" data-element_type=\"column\">\n\t\t\t<div class=\"elementor-column-wrap elementor-element-populated\">\n\t\t\t\t\t\t\t<div class=\"elementor-widget-wrap\">\n\t\t\t\t\t\t<section class=\"elementor-section elementor-inner-section elementor-element elementor-element-2f22a1b elementor-section-boxed elementor-section-height-default elementor-section-height-default\" data-id=\"2f22a1b\" data-element_type=\"section\" data-settings=\"{&quot;_ha_eqh_enable&quot;:false}\">\n\t\t\t\t\t\t<div class=\"elementor-container elementor-column-gap-default\">\n\t\t\t\t\t\t\t<div class=\"elementor-row\">\n\t\t\t\t\t<div class=\"elementor-column elementor-col-25 elementor-inner-column elementor-element elementor-element-cdf60b6\" data-id=\"cdf60b6\" data-element_type=\"column\">\n\t\t\t<div class=\"elementor-column-wrap\">\n\t\t\t\t\t\t\t<div class=\"elementor-widget-wrap\">\n\t\t\t\t\t\t\t\t<\/div>\n\t\t\t\t\t<\/div>\n\t\t<\/div>\n\t\t\t\t<div class=\"elementor-column elementor-col-25 elementor-inner-column elementor-element elementor-element-343bc12\" data-id=\"343bc12\" data-element_type=\"column\">\n\t\t\t<div class=\"elementor-column-wrap elementor-element-populated\">\n\t\t\t\t\t\t\t<div class=\"elementor-widget-wrap\">\n\t\t\t\t\t\t<div class=\"elementor-element elementor-element-dc564a3 elementor-widget elementor-widget-elementskit-team\" data-id=\"dc564a3\" data-element_type=\"widget\" data-widget_type=\"elementskit-team.default\">\n\t\t\t\t<div class=\"elementor-widget-container\">\n\t\t\t<div class=\"ekit-wid-con\">\t\t\t\t\t\t\t\t\n\t\t<div class=\"profile-card elementor-animation- text-center ekit-team-style-default\">\n\t\t\t\t\t\t\n\t\t\t\t<div class=\"profile-header ekit-team-img ekit-img-overlay ekit-team-img-block\" >\n\t\t\t\t\t<img loading=\"lazy\" width=\"1024\" height=\"1024\" src=\"https:\/\/restate.ee\/ringtee\/wp-content\/uploads\/2022\/04\/Aleks_1-1024x1024.jpg\" class=\"attachment-large size-large\" alt=\"\" \/>\t\t\t\t<\/div><!-- .profile-header END -->\n\t\t\t\t\t\t\n\n\t\t\t\t<div class=\"profile-body\">\n\t\t\t\t\t\n\t\t\t\t\t<h2 class=\"profile-title\">\n\t\t\t\t\t\t\t\t\t\t\tAleks Verner\t\t\t\t\t\t\t\t\t\t<\/h2>\n\t\t\t\t\t<p class=\"profile-designation\">Renting of Stock Office commercial spaces<\/p>\n\t\t\t\t\t\t\t\t\t\t<p class=\"profile-content\">(+372) 5569 8975 <br>\naleks.verner@restate.ee<\/p>\n\t\t\t\t\t\t\t\t\t<\/div><!-- .profile-body END -->\n\n\t\t\t\t\t\t\t\t<\/div>\n\t\t\t\t\t\t\t\n\t\t\t\n\t\t\t\t<\/div>\t\t<\/div>\n\t\t\t\t<\/div>\n\t\t\t\t\t\t<\/div>\n\t\t\t\t\t<\/div>\n\t\t<\/div>\n\t\t\t\t<div class=\"elementor-column elementor-col-25 elementor-inner-column elementor-element elementor-element-ec3c834\" data-id=\"ec3c834\" data-element_type=\"column\">\n\t\t\t<div class=\"elementor-column-wrap\">\n\t\t\t\t\t\t\t<div class=\"elementor-widget-wrap\">\n\t\t\t\t\t\t\t\t<\/div>\n\t\t\t\t\t<\/div>\n\t\t<\/div>\n\t\t\t\t<div class=\"elementor-column elementor-col-25 elementor-inner-column elementor-element elementor-element-91b27a9\" data-id=\"91b27a9\" data-element_type=\"column\">\n\t\t\t<div class=\"elementor-column-wrap\">\n\t\t\t\t\t\t\t<div class=\"elementor-widget-wrap\">\n\t\t\t\t\t\t\t\t<\/div>\n\t\t\t\t\t<\/div>\n\t\t<\/div>\n\t\t\t\t\t\t\t\t<\/div>\n\t\t\t\t\t<\/div>\n\t\t<\/section>\n\t\t\t\t\t\t<\/div>\n\t\t\t\t\t<\/div>\n\t\t<\/div>\n\t\t\t\t\t\t\t\t<\/div>\n\t\t\t\t\t<\/div>\n\t\t<\/section>\n\t\t\t\t<section class=\"elementor-section elementor-top-section elementor-element elementor-element-7a1b47e elementor-section-stretched elementor-section-full_width elementor-section-height-default elementor-section-height-default\" data-id=\"7a1b47e\" data-element_type=\"section\" data-settings=\"{&quot;stretch_section&quot;:&quot;section-stretched&quot;,&quot;background_background&quot;:&quot;classic&quot;,&quot;_ha_eqh_enable&quot;:false}\">\n\t\t\t\t\t\t<div class=\"elementor-container elementor-column-gap-no\">\n\t\t\t\t\t\t\t<div class=\"elementor-row\">\n\t\t\t\t\t<div class=\"elementor-column elementor-col-100 elementor-top-column elementor-element elementor-element-15344f2\" data-id=\"15344f2\" data-element_type=\"column\">\n\t\t\t<div class=\"elementor-column-wrap elementor-element-populated\">\n\t\t\t\t\t\t\t<div class=\"elementor-widget-wrap\">\n\t\t\t\t\t\t<div class=\"elementor-element elementor-element-305f22b elementor-widget elementor-widget-spacer\" data-id=\"305f22b\" data-element_type=\"widget\" data-widget_type=\"spacer.default\">\n\t\t\t\t<div class=\"elementor-widget-container\">\n\t\t\t\t\t<div class=\"elementor-spacer\">\n\t\t\t<div class=\"elementor-spacer-inner\"><\/div>\n\t\t<\/div>\n\t\t\t\t<\/div>\n\t\t\t\t<\/div>\n\t\t\t\t<div class=\"elementor-element elementor-element-f1ad288 elementor-widget elementor-widget-image\" data-id=\"f1ad288\" data-element_type=\"widget\" data-widget_type=\"image.default\">\n\t\t\t\t<div class=\"elementor-widget-container\">\n\t\t\t\t\t\t\t\t<div class=\"elementor-image\">\n\t\t\t\t\t\t\t\t\t\t\t\t<img width=\"1929\" height=\"79\" src=\"https:\/\/restate.ee\/ringtee\/wp-content\/uploads\/2021\/10\/graphic05-free-img-1.png\" class=\"attachment-full size-full\" alt=\"\" loading=\"lazy\" srcset=\"https:\/\/restate.ee\/ringtee\/wp-content\/uploads\/2021\/10\/graphic05-free-img-1.png 1929w, https:\/\/restate.ee\/ringtee\/wp-content\/uploads\/2021\/10\/graphic05-free-img-1-300x12.png 300w, https:\/\/restate.ee\/ringtee\/wp-content\/uploads\/2021\/10\/graphic05-free-img-1-1024x42.png 1024w, https:\/\/restate.ee\/ringtee\/wp-content\/uploads\/2021\/10\/graphic05-free-img-1-768x31.png 768w, https:\/\/restate.ee\/ringtee\/wp-content\/uploads\/2021\/10\/graphic05-free-img-1-1536x63.png 1536w, https:\/\/restate.ee\/ringtee\/wp-content\/uploads\/2021\/10\/graphic05-free-img-1-18x1.png 18w\" sizes=\"(max-width: 1929px) 100vw, 1929px\" \/>\t\t\t\t\t\t\t\t\t\t\t\t\t\t<\/div>\n\t\t\t\t\t\t<\/div>\n\t\t\t\t<\/div>\n\t\t\t\t\t\t<\/div>\n\t\t\t\t\t<\/div>\n\t\t<\/div>\n\t\t\t\t\t\t\t\t<\/div>\n\t\t\t\t\t<\/div>\n\t\t<\/section>\n\t\t\t\t\t\t\t\t\t<\/div>\n\t\t\t<\/div>\n\t\t\t\t\t<\/div>","protected":false},"excerpt":{"rendered":"<p>Kontakt Helista ja k\u00fcsi lisainformatsiooni (+372) 5569 8975 Aleks Verner Stock Office \u00e4ripindade rentimine (+372) 5569 8975 aleks.verner@restate.ee<\/p>","protected":false},"author":3,"featured_media":0,"parent":0,"menu_order":0,"comment_status":"closed","ping_status":"closed","template":"elementor_header_footer","meta":{"site-sidebar-layout":"default","site-content-layout":"page-builder","ast-main-header-display":"","ast-hfb-above-header-display":"","ast-hfb-below-header-display":"","ast-hfb-mobile-header-display":"","site-post-title":"disabled","ast-breadcrumbs-content":"","ast-featured-img":"disabled","footer-sml-layout":"","theme-transparent-header-meta":"enabled","adv-header-id-meta":"","stick-header-meta":"","header-above-stick-meta":"","header-main-stick-meta":"","header-below-stick-meta":"","_themeisle_gutenberg_block_has_review":false,"_ti_tpc_template_sync":false,"_ti_tpc_template_id":""},"acf":[],"yoast_head":"<!-- This site is optimized with the Yoast SEO plugin v18.6 - https:\/\/yoast.com\/wordpress\/plugins\/seo\/ -->\n<title>Kontakt - RINGTEE \u00c4RIPARK<\/title>\n<meta name=\"robots\" content=\"index, follow, max-snippet:-1, max-image-preview:large, max-video-preview:-1\" \/>\n<link rel=\"canonical\" href=\"https:\/\/restate.ee\/ringtee\/en\/kontakt\/\" \/>\n<meta property=\"og:locale\" content=\"en_US\" \/>\n<meta property=\"og:type\" content=\"article\" \/>\n<meta property=\"og:title\" content=\"Kontakt - RINGTEE \u00c4RIPARK\" \/>\n<meta property=\"og:description\" content=\"Kontakt Helista ja k\u00fcsi lisainformatsiooni (+372) 5569 8975 Aleks Verner Stock Office \u00e4ripindade rentimine (+372) 5569 8975 aleks.verner@restate.ee\" \/>\n<meta property=\"og:url\" content=\"https:\/\/restate.ee\/ringtee\/en\/kontakt\/\" \/>\n<meta property=\"og:site_name\" content=\"RINGTEE \u00c4RIPARK\" \/>\n<meta property=\"article:modified_time\" content=\"2024-10-21T12:06:17+00:00\" \/>\n<meta property=\"og:image\" content=\"https:\/\/restate.ee\/ringtee\/wp-content\/uploads\/2022\/04\/Aleks_1-1024x1024.jpg\" \/>\n<meta name=\"twitter:card\" content=\"summary_large_image\" \/>\n<meta name=\"twitter:label1\" content=\"Est. reading time\" \/>\n\t<meta name=\"twitter:data1\" content=\"1 minute\" \/>\n<script type=\"application\/ld+json\" class=\"yoast-schema-graph\">{\"@context\":\"https:\/\/schema.org\",\"@graph\":[{\"@type\":\"WebSite\",\"@id\":\"https:\/\/restate.ee\/ringtee\/#website\",\"url\":\"https:\/\/restate.ee\/ringtee\/\",\"name\":\"RINGTEE \u00c4RIPARK\",\"description\":\"\u00c4ripark logistika tuiksoonel\",\"potentialAction\":[{\"@type\":\"SearchAction\",\"target\":{\"@type\":\"EntryPoint\",\"urlTemplate\":\"https:\/\/restate.ee\/ringtee\/?s={search_term_string}\"},\"query-input\":\"required name=search_term_string\"}],\"inLanguage\":\"en-US\"},{\"@type\":\"ImageObject\",\"@id\":\"https:\/\/restate.ee\/ringtee\/kontakt\/#primaryimage\",\"inLanguage\":\"en-US\",\"url\":\"https:\/\/restate.ee\/ringtee\/wp-content\/uploads\/2022\/04\/Aleks_1-scaled.jpg\",\"contentUrl\":\"https:\/\/restate.ee\/ringtee\/wp-content\/uploads\/2022\/04\/Aleks_1-scaled.jpg\",\"width\":2560,\"height\":2560},{\"@type\":\"WebPage\",\"@id\":\"https:\/\/restate.ee\/ringtee\/kontakt\/#webpage\",\"url\":\"https:\/\/restate.ee\/ringtee\/kontakt\/\",\"name\":\"Kontakt - RINGTEE \u00c4RIPARK\",\"isPartOf\":{\"@id\":\"https:\/\/restate.ee\/ringtee\/#website\"},\"primaryImageOfPage\":{\"@id\":\"https:\/\/restate.ee\/ringtee\/kontakt\/#primaryimage\"},\"datePublished\":\"2019-03-11T12:13:47+00:00\",\"dateModified\":\"2024-10-21T12:06:17+00:00\",\"breadcrumb\":{\"@id\":\"https:\/\/restate.ee\/ringtee\/kontakt\/#breadcrumb\"},\"inLanguage\":\"en-US\",\"potentialAction\":[{\"@type\":\"ReadAction\",\"target\":[\"https:\/\/restate.ee\/ringtee\/kontakt\/\"]}]},{\"@type\":\"BreadcrumbList\",\"@id\":\"https:\/\/restate.ee\/ringtee\/kontakt\/#breadcrumb\",\"itemListElement\":[{\"@type\":\"ListItem\",\"position\":1,\"name\":\"Home\",\"item\":\"https:\/\/restate.ee\/ringtee\/\"},{\"@type\":\"ListItem\",\"position\":2,\"name\":\"Kontakt\"}]}]}<\/script>\n<!-- \/ Yoast SEO plugin. -->","yoast_head_json":{"title":"Kontakt - RINGTEE \u00c4RIPARK","robots":{"index":"index","follow":"follow","max-snippet":"max-snippet:-1","max-image-preview":"max-image-preview:large","max-video-preview":"max-video-preview:-1"},"canonical":"https:\/\/restate.ee\/ringtee\/en\/kontakt\/","og_locale":"en_US","og_type":"article","og_title":"Kontakt - RINGTEE \u00c4RIPARK","og_description":"Kontakt Helista ja k\u00fcsi lisainformatsiooni (+372) 5569 8975 Aleks Verner Stock Office \u00e4ripindade rentimine (+372) 5569 8975 aleks.verner@restate.ee","og_url":"https:\/\/restate.ee\/ringtee\/en\/kontakt\/","og_site_name":"RINGTEE \u00c4RIPARK","article_modified_time":"2024-10-21T12:06:17+00:00","og_image":[{"url":"https:\/\/restate.ee\/ringtee\/wp-content\/uploads\/2022\/04\/Aleks_1-1024x1024.jpg"}],"twitter_card":"summary_large_image","twitter_misc":{"Est. reading time":"1 minute"},"schema":{"@context":"https:\/\/schema.org","@graph":[{"@type":"WebSite","@id":"https:\/\/restate.ee\/ringtee\/#website","url":"https:\/\/restate.ee\/ringtee\/","name":"RINGTEE \u00c4RIPARK","description":"\u00c4ripark logistika tuiksoonel","potentialAction":[{"@type":"SearchAction","target":{"@type":"EntryPoint","urlTemplate":"https:\/\/restate.ee\/ringtee\/?s={search_term_string}"},"query-input":"required name=search_term_string"}],"inLanguage":"en-US"},{"@type":"ImageObject","@id":"https:\/\/restate.ee\/ringtee\/kontakt\/#primaryimage","inLanguage":"en-US","url":"https:\/\/restate.ee\/ringtee\/wp-content\/uploads\/2022\/04\/Aleks_1-scaled.jpg","contentUrl":"https:\/\/restate.ee\/ringtee\/wp-content\/uploads\/2022\/04\/Aleks_1-scaled.jpg","width":2560,"height":2560},{"@type":"WebPage","@id":"https:\/\/restate.ee\/ringtee\/kontakt\/#webpage","url":"https:\/\/restate.ee\/ringtee\/kontakt\/","name":"Kontakt - RINGTEE \u00c4RIPARK","isPartOf":{"@id":"https:\/\/restate.ee\/ringtee\/#website"},"primaryImageOfPage":{"@id":"https:\/\/restate.ee\/ringtee\/kontakt\/#primaryimage"},"datePublished":"2019-03-11T12:13:47+00:00","dateModified":"2024-10-21T12:06:17+00:00","breadcrumb":{"@id":"https:\/\/restate.ee\/ringtee\/kontakt\/#breadcrumb"},"inLanguage":"en-US","potentialAction":[{"@type":"ReadAction","target":["https:\/\/restate.ee\/ringtee\/kontakt\/"]}]},{"@type":"BreadcrumbList","@id":"https:\/\/restate.ee\/ringtee\/kontakt\/#breadcrumb","itemListElement":[{"@type":"ListItem","position":1,"name":"Home","item":"https:\/\/restate.ee\/ringtee\/"},{"@type":"ListItem","position":2,"name":"Kontakt"}]}]}},"_links":{"self":[{"href":"https:\/\/restate.ee\/ringtee\/en\/wp-json\/wp\/v2\/pages\/1244"}],"collection":[{"href":"https:\/\/restate.ee\/ringtee\/en\/wp-json\/wp\/v2\/pages"}],"about":[{"href":"https:\/\/restate.ee\/ringtee\/en\/wp-json\/wp\/v2\/types\/page"}],"author":[{"embeddable":true,"href":"https:\/\/restate.ee\/ringtee\/en\/wp-json\/wp\/v2\/users\/3"}],"replies":[{"embeddable":true,"href":"https:\/\/restate.ee\/ringtee\/en\/wp-json\/wp\/v2\/comments?post=1244"}],"version-history":[{"count":46,"href":"https:\/\/restate.ee\/ringtee\/en\/wp-json\/wp\/v2\/pages\/1244\/revisions"}],"predecessor-version":[{"id":2825,"href":"https:\/\/restate.ee\/ringtee\/en\/wp-json\/wp\/v2\/pages\/1244\/revisions\/2825"}],"wp:attachment":[{"href":"https:\/\/restate.ee\/ringtee\/en\/wp-json\/wp\/v2\/media?parent=1244"}],"curies":[{"name":"wp","href":"https:\/\/api.w.org\/{rel}","templated":true}]}}