{"id":1536,"date":"2021-10-20T11:05:06","date_gmt":"2021-10-20T11:05:06","guid":{"rendered":"https:\/\/restate.ee\/ringtee\/?page_id=1536"},"modified":"2024-07-26T12:53:12","modified_gmt":"2024-07-26T12:53:12","slug":"galerii","status":"publish","type":"page","link":"https:\/\/restate.ee\/ringtee\/en\/galerii\/","title":{"rendered":"Gallery"},"content":{"rendered":"<div data-elementor-type=\"wp-post\" data-elementor-id=\"1536\" class=\"elementor elementor-1536\">\n\t\t\t\t\t\t<div class=\"elementor-inner\">\n\t\t\t\t<div class=\"elementor-section-wrap\">\n\t\t\t\t\t\t\t\t\t<section class=\"elementor-section elementor-top-section elementor-element elementor-element-c78de9e elementor-section-boxed elementor-section-height-default elementor-section-height-default\" data-id=\"c78de9e\" data-element_type=\"section\" data-settings=\"{&quot;background_background&quot;:&quot;classic&quot;,&quot;_ha_eqh_enable&quot;:false}\">\n\t\t\t\t\t\t\t<div class=\"elementor-background-overlay\"><\/div>\n\t\t\t\t\t\t\t<div class=\"elementor-container elementor-column-gap-default\">\n\t\t\t\t\t\t\t<div class=\"elementor-row\">\n\t\t\t\t\t<div class=\"elementor-column elementor-col-100 elementor-top-column elementor-element elementor-element-032b714\" data-id=\"032b714\" data-element_type=\"column\">\n\t\t\t<div class=\"elementor-column-wrap elementor-element-populated\">\n\t\t\t\t\t\t\t<div class=\"elementor-widget-wrap\">\n\t\t\t\t\t\t<section class=\"elementor-section elementor-inner-section elementor-element elementor-element-456abfe elementor-section-boxed elementor-section-height-default elementor-section-height-default\" data-id=\"456abfe\" data-element_type=\"section\" data-settings=\"{&quot;_ha_eqh_enable&quot;:false}\">\n\t\t\t\t\t\t<div class=\"elementor-container elementor-column-gap-default\">\n\t\t\t\t\t\t\t<div class=\"elementor-row\">\n\t\t\t\t\t<div class=\"elementor-column elementor-col-66 elementor-inner-column elementor-element elementor-element-df68540\" data-id=\"df68540\" data-element_type=\"column\">\n\t\t\t<div class=\"elementor-column-wrap elementor-element-populated\">\n\t\t\t\t\t\t\t<div class=\"elementor-widget-wrap\">\n\t\t\t\t\t\t<div class=\"elementor-element elementor-element-d3792df elementor-widget elementor-widget-heading\" data-id=\"d3792df\" data-element_type=\"widget\" data-widget_type=\"heading.default\">\n\t\t\t\t<div class=\"elementor-widget-container\">\n\t\t\t<h1 class=\"elementor-heading-title elementor-size-default\">Gallery<\/h1>\t\t<\/div>\n\t\t\t\t<\/div>\n\t\t\t\t\t\t<\/div>\n\t\t\t\t\t<\/div>\n\t\t<\/div>\n\t\t\t\t<div class=\"elementor-column elementor-col-33 elementor-inner-column elementor-element elementor-element-ffe42d0\" data-id=\"ffe42d0\" data-element_type=\"column\">\n\t\t\t<div class=\"elementor-column-wrap\">\n\t\t\t\t\t\t\t<div class=\"elementor-widget-wrap\">\n\t\t\t\t\t\t\t\t<\/div>\n\t\t\t\t\t<\/div>\n\t\t<\/div>\n\t\t\t\t\t\t\t\t<\/div>\n\t\t\t\t\t<\/div>\n\t\t<\/section>\n\t\t\t\t<section class=\"elementor-section elementor-inner-section elementor-element elementor-element-338ec91 elementor-section-boxed elementor-section-height-default elementor-section-height-default\" data-id=\"338ec91\" data-element_type=\"section\" data-settings=\"{&quot;_ha_eqh_enable&quot;:false}\">\n\t\t\t\t\t\t<div class=\"elementor-container elementor-column-gap-default\">\n\t\t\t\t\t\t\t<div class=\"elementor-row\">\n\t\t\t\t\t<div class=\"elementor-column elementor-col-66 elementor-inner-column elementor-element elementor-element-ee2ea5f\" data-id=\"ee2ea5f\" data-element_type=\"column\">\n\t\t\t<div class=\"elementor-column-wrap\">\n\t\t\t\t\t\t\t<div class=\"elementor-widget-wrap\">\n\t\t\t\t\t\t\t\t<\/div>\n\t\t\t\t\t<\/div>\n\t\t<\/div>\n\t\t\t\t<div class=\"elementor-column elementor-col-33 elementor-inner-column elementor-element elementor-element-df3069a\" data-id=\"df3069a\" data-element_type=\"column\" data-settings=\"{&quot;background_background&quot;:&quot;classic&quot;}\">\n\t\t\t<div class=\"elementor-column-wrap elementor-element-populated\">\n\t\t\t\t\t\t\t<div class=\"elementor-widget-wrap\">\n\t\t\t\t\t\t<div class=\"elementor-element elementor-element-9dd539a elementor-widget elementor-widget-heading\" data-id=\"9dd539a\" data-element_type=\"widget\" data-widget_type=\"heading.default\">\n\t\t\t\t<div class=\"elementor-widget-container\">\n\t\t\t<h5 class=\"elementor-heading-title elementor-size-default\">Feel free to contact us<\/h5>\t\t<\/div>\n\t\t\t\t<\/div>\n\t\t\t\t<div class=\"elementor-element elementor-element-08ff7da elementor-widget elementor-widget-heading\" data-id=\"08ff7da\" data-element_type=\"widget\" data-widget_type=\"heading.default\">\n\t\t\t\t<div class=\"elementor-widget-container\">\n\t\t\t<h3 class=\"elementor-heading-title elementor-size-default\">(+372) 5668 8773<\/h3>\t\t<\/div>\n\t\t\t\t<\/div>\n\t\t\t\t\t\t<\/div>\n\t\t\t\t\t<\/div>\n\t\t<\/div>\n\t\t\t\t\t\t\t\t<\/div>\n\t\t\t\t\t<\/div>\n\t\t<\/section>\n\t\t\t\t\t\t<\/div>\n\t\t\t\t\t<\/div>\n\t\t<\/div>\n\t\t\t\t\t\t\t\t<\/div>\n\t\t\t\t\t<\/div>\n\t\t<\/section>\n\t\t\t\t<section class=\"elementor-section elementor-top-section elementor-element elementor-element-14c2ee8 elementor-section-boxed elementor-section-height-default elementor-section-height-default\" data-id=\"14c2ee8\" data-element_type=\"section\" data-settings=\"{&quot;background_background&quot;:&quot;classic&quot;,&quot;_ha_eqh_enable&quot;:false}\">\n\t\t\t\t\t\t<div class=\"elementor-container elementor-column-gap-default\">\n\t\t\t\t\t\t\t<div class=\"elementor-row\">\n\t\t\t\t\t<div class=\"elementor-column elementor-col-50 elementor-top-column elementor-element elementor-element-79db867\" data-id=\"79db867\" data-element_type=\"column\">\n\t\t\t<div class=\"elementor-column-wrap elementor-element-populated\">\n\t\t\t\t\t\t\t<div class=\"elementor-widget-wrap\">\n\t\t\t\t\t\t<div class=\"elementor-element elementor-element-a766d1e elementor-widget elementor-widget-spacer\" data-id=\"a766d1e\" data-element_type=\"widget\" data-widget_type=\"spacer.default\">\n\t\t\t\t<div class=\"elementor-widget-container\">\n\t\t\t\t\t<div class=\"elementor-spacer\">\n\t\t\t<div class=\"elementor-spacer-inner\"><\/div>\n\t\t<\/div>\n\t\t\t\t<\/div>\n\t\t\t\t<\/div>\n\t\t\t\t<div class=\"elementor-element elementor-element-9939ffc elementor-widget elementor-widget-ha-slider happy-addon ha-slider\" data-id=\"9939ffc\" data-element_type=\"widget\" data-settings=\"{&quot;animation_speed&quot;:300,&quot;autoplay&quot;:&quot;yes&quot;,&quot;autoplay_speed&quot;:3000,&quot;loop&quot;:&quot;yes&quot;,&quot;navigation&quot;:&quot;arrow&quot;}\" data-widget_type=\"ha-slider.default\">\n\t\t\t\t<div class=\"elementor-widget-container\">\n\t\t\t\n\t\t<div class=\"hajs-slick ha-slick ha-slick--slider\">\n\n\t\t\t\n\t\t\t\t<div class=\"ha-slick-slide slick-slide\">\n\t\t\t\t\t<div class=\"ha-slick-item\">\n\t\t\t\t\t\t\t\t\t\t\t\t\t<img class=\"ha-slick-img\" src=\"https:\/\/restate.ee\/ringtee\/wp-content\/uploads\/2024\/07\/v2_2207-768x432.jpg\" alt=\"\">\n\t\t\t\t\t\t\n\t\t\t\t\t\t\t\t\t\t\t<\/div>\n\t\t\t\t<\/div>\n\n\t\t\t\n\t\t\t\t<div class=\"ha-slick-slide slick-slide\">\n\t\t\t\t\t<div class=\"ha-slick-item\">\n\t\t\t\t\t\t\t\t\t\t\t\t\t<img class=\"ha-slick-img\" src=\"https:\/\/restate.ee\/ringtee\/wp-content\/uploads\/2021\/10\/v1_2207-768x432.jpg\" alt=\"\">\n\t\t\t\t\t\t\n\t\t\t\t\t\t\t\t\t\t\t<\/div>\n\t\t\t\t<\/div>\n\n\t\t\t\n\t\t\t\t<div class=\"ha-slick-slide slick-slide\">\n\t\t\t\t\t<div class=\"ha-slick-item\">\n\t\t\t\t\t\t\t\t\t\t\t\t\t<img class=\"ha-slick-img\" src=\"https:\/\/restate.ee\/ringtee\/wp-content\/uploads\/2024\/07\/v3_2207-768x432.jpg\" alt=\"\">\n\t\t\t\t\t\t\n\t\t\t\t\t\t\t\t\t\t\t<\/div>\n\t\t\t\t<\/div>\n\n\t\t\t\n\t\t\t\t<div class=\"ha-slick-slide slick-slide\">\n\t\t\t\t\t<div class=\"ha-slick-item\">\n\t\t\t\t\t\t\t\t\t\t\t\t\t<img class=\"ha-slick-img\" src=\"https:\/\/restate.ee\/ringtee\/wp-content\/uploads\/2022\/09\/SV1_1-1-768x432.jpg\" alt=\"\">\n\t\t\t\t\t\t\n\t\t\t\t\t\t\t\t\t\t\t<\/div>\n\t\t\t\t<\/div>\n\n\t\t\t\n\t\t\t\t<div class=\"ha-slick-slide slick-slide\">\n\t\t\t\t\t<div class=\"ha-slick-item\">\n\t\t\t\t\t\t\t\t\t\t\t\t\t<img class=\"ha-slick-img\" src=\"https:\/\/restate.ee\/ringtee\/wp-content\/uploads\/2024\/07\/SV1_1-4-768x432.jpg\" alt=\"\">\n\t\t\t\t\t\t\n\t\t\t\t\t\t\t\t\t\t\t<\/div>\n\t\t\t\t<\/div>\n\n\t\t\t\n\t\t\t\t<div class=\"ha-slick-slide slick-slide\">\n\t\t\t\t\t<div class=\"ha-slick-item\">\n\t\t\t\t\t\t\t\t\t\t\t\t\t<img class=\"ha-slick-img\" src=\"https:\/\/restate.ee\/ringtee\/wp-content\/uploads\/2024\/07\/SV1_1-5-768x432.jpg\" alt=\"\">\n\t\t\t\t\t\t\n\t\t\t\t\t\t\t\t\t\t\t<\/div>\n\t\t\t\t<\/div>\n\n\t\t\t\n\t\t\t\t<div class=\"ha-slick-slide slick-slide\">\n\t\t\t\t\t<div class=\"ha-slick-item\">\n\t\t\t\t\t\t\t\t\t\t\t\t\t<img class=\"ha-slick-img\" src=\"https:\/\/restate.ee\/ringtee\/wp-content\/uploads\/2024\/07\/IMG_8528-768x432.jpg\" alt=\"\">\n\t\t\t\t\t\t\n\t\t\t\t\t\t\t\t\t\t\t<\/div>\n\t\t\t\t<\/div>\n\n\t\t\t\n\t\t\t\t<div class=\"ha-slick-slide slick-slide\">\n\t\t\t\t\t<div class=\"ha-slick-item\">\n\t\t\t\t\t\t\t\t\t\t\t\t\t<img class=\"ha-slick-img\" src=\"https:\/\/restate.ee\/ringtee\/wp-content\/uploads\/2020\/11\/Restate-logoga-pildid-21-768x432.png\" alt=\"\">\n\t\t\t\t\t\t\n\t\t\t\t\t\t\t\t\t\t\t<\/div>\n\t\t\t\t<\/div>\n\n\t\t\t\n\t\t<\/div>\n\n\t\t\t\t\t<button type=\"button\" class=\"slick-prev\"><i aria-hidden=\"true\" class=\"fas fa-chevron-left\"><\/i><\/button>\n\t\t\n\t\t\t\t\t<button type=\"button\" class=\"slick-next\"><i aria-hidden=\"true\" class=\"fas fa-chevron-right\"><\/i><\/button>\n\t\t\n\t\t\t\t<\/div>\n\t\t\t\t<\/div>\n\t\t\t\t\t\t<\/div>\n\t\t\t\t\t<\/div>\n\t\t<\/div>\n\t\t\t\t<div class=\"elementor-column elementor-col-50 elementor-top-column elementor-element elementor-element-20f4a11\" data-id=\"20f4a11\" data-element_type=\"column\" data-settings=\"{&quot;background_background&quot;:&quot;classic&quot;}\">\n\t\t\t<div class=\"elementor-column-wrap elementor-element-populated\">\n\t\t\t\t\t\t\t<div class=\"elementor-widget-wrap\">\n\t\t\t\t\t\t<div class=\"elementor-element elementor-element-1222b06 elementor-widget elementor-widget-spacer\" data-id=\"1222b06\" data-element_type=\"widget\" data-widget_type=\"spacer.default\">\n\t\t\t\t<div class=\"elementor-widget-container\">\n\t\t\t\t\t<div class=\"elementor-spacer\">\n\t\t\t<div class=\"elementor-spacer-inner\"><\/div>\n\t\t<\/div>\n\t\t\t\t<\/div>\n\t\t\t\t<\/div>\n\t\t\t\t<div class=\"elementor-element elementor-element-d875791 elementor-widget elementor-widget-text-editor\" data-id=\"d875791\" data-element_type=\"widget\" data-widget_type=\"text-editor.default\">\n\t\t\t\t<div class=\"elementor-widget-container\">\n\t\t\t\t\t\t\t\t<div class=\"elementor-text-editor elementor-clearfix\">\n\t\t\t\t<p>The Ringtee Business Park has plots of different sizes and a flexible construction zone offering the development right for buildings from 2900 square metres up to 45,000 square metres.\u00a0<\/p><div class=\"\">The Ringtee Business Park is situated on the edge of the capital city\u2019s ring road, with its 750-metre fa\u00e7ade overlooking the road and allowing placement of your company\u2019s logo and ads that can be seen from the road. Access from the ring road via the modern Kurna traffic junction that was built five years ago. The first IKEA store in Estonia will be built beside this traffic junction, just one kilometre away from the Ringtee Business Park.\u00a0<\/div><div>\u00a0<\/div><div>The Ring Road connects the Paldiski and Muuga Port trade routes and intersects with the main highways in Estonia.<\/div><div class=\"\">\u00a0<\/div>\t\t\t\t\t<\/div>\n\t\t\t\t\t\t<\/div>\n\t\t\t\t<\/div>\n\t\t\t\t\t\t<\/div>\n\t\t\t\t\t<\/div>\n\t\t<\/div>\n\t\t\t\t\t\t\t\t<\/div>\n\t\t\t\t\t<\/div>\n\t\t<\/section>\n\t\t\t\t<section class=\"elementor-section elementor-top-section elementor-element elementor-element-7a1b47e elementor-section-stretched elementor-section-full_width elementor-section-height-default elementor-section-height-default\" data-id=\"7a1b47e\" data-element_type=\"section\" data-settings=\"{&quot;stretch_section&quot;:&quot;section-stretched&quot;,&quot;background_background&quot;:&quot;classic&quot;,&quot;_ha_eqh_enable&quot;:false}\">\n\t\t\t\t\t\t<div class=\"elementor-container elementor-column-gap-no\">\n\t\t\t\t\t\t\t<div class=\"elementor-row\">\n\t\t\t\t\t<div class=\"elementor-column elementor-col-100 elementor-top-column elementor-element elementor-element-15344f2\" data-id=\"15344f2\" data-element_type=\"column\">\n\t\t\t<div class=\"elementor-column-wrap elementor-element-populated\">\n\t\t\t\t\t\t\t<div class=\"elementor-widget-wrap\">\n\t\t\t\t\t\t<div class=\"elementor-element elementor-element-305f22b elementor-widget elementor-widget-spacer\" data-id=\"305f22b\" data-element_type=\"widget\" data-widget_type=\"spacer.default\">\n\t\t\t\t<div class=\"elementor-widget-container\">\n\t\t\t\t\t<div class=\"elementor-spacer\">\n\t\t\t<div class=\"elementor-spacer-inner\"><\/div>\n\t\t<\/div>\n\t\t\t\t<\/div>\n\t\t\t\t<\/div>\n\t\t\t\t<div class=\"elementor-element elementor-element-f1ad288 elementor-widget elementor-widget-image\" data-id=\"f1ad288\" data-element_type=\"widget\" data-widget_type=\"image.default\">\n\t\t\t\t<div class=\"elementor-widget-container\">\n\t\t\t\t\t\t\t\t<div class=\"elementor-image\">\n\t\t\t\t\t\t\t\t\t\t\t\t<img width=\"1929\" height=\"79\" src=\"https:\/\/restate.ee\/ringtee\/wp-content\/uploads\/2021\/10\/graphic05-free-img-1.png\" class=\"attachment-full size-full\" alt=\"\" loading=\"lazy\" srcset=\"https:\/\/restate.ee\/ringtee\/wp-content\/uploads\/2021\/10\/graphic05-free-img-1.png 1929w, https:\/\/restate.ee\/ringtee\/wp-content\/uploads\/2021\/10\/graphic05-free-img-1-300x12.png 300w, https:\/\/restate.ee\/ringtee\/wp-content\/uploads\/2021\/10\/graphic05-free-img-1-1024x42.png 1024w, https:\/\/restate.ee\/ringtee\/wp-content\/uploads\/2021\/10\/graphic05-free-img-1-768x31.png 768w, https:\/\/restate.ee\/ringtee\/wp-content\/uploads\/2021\/10\/graphic05-free-img-1-1536x63.png 1536w, https:\/\/restate.ee\/ringtee\/wp-content\/uploads\/2021\/10\/graphic05-free-img-1-18x1.png 18w\" sizes=\"(max-width: 1929px) 100vw, 1929px\" \/>\t\t\t\t\t\t\t\t\t\t\t\t\t\t<\/div>\n\t\t\t\t\t\t<\/div>\n\t\t\t\t<\/div>\n\t\t\t\t\t\t<\/div>\n\t\t\t\t\t<\/div>\n\t\t<\/div>\n\t\t\t\t\t\t\t\t<\/div>\n\t\t\t\t\t<\/div>\n\t\t<\/section>\n\t\t\t\t\t\t\t\t\t<\/div>\n\t\t\t<\/div>\n\t\t\t\t\t<\/div>","protected":false},"excerpt":{"rendered":"<p>Galerii Helista ja k\u00fcsi lisainformatsiooni (+372) 5668 8773 Ringtee \u00c4ripargis on erineva suurusega kinnistud ja paindlik ehitusala, mis v\u00f5imaldab pakkuda ehitus\u00f5igust hoonetele alates 2900 ruutmeetrist kuni 45 000 ruutmeetrini.\u00a0 Ringtee \u00c4ripark paikneb vahetult ringtee \u00e4\u00e4res ja 750 meetri pikkune teefassaad pakub v\u00f5imalust paigutada ettev\u00f5tete logo ja reklaamid kohe suure liiklusega maantee \u00e4\u00e4rde. Juurdep\u00e4\u00e4s ringteelt on &hellip;<\/p>\n<p class=\"read-more\"> <a class=\"\" href=\"https:\/\/restate.ee\/ringtee\/en\/galerii\/\"> <span class=\"screen-reader-text\">Gallery<\/span> Read More &raquo;<\/a><\/p>","protected":false},"author":3,"featured_media":0,"parent":0,"menu_order":0,"comment_status":"closed","ping_status":"closed","template":"elementor_header_footer","meta":{"site-sidebar-layout":"default","site-content-layout":"page-builder","ast-main-header-display":"","ast-hfb-above-header-display":"","ast-hfb-below-header-display":"","ast-hfb-mobile-header-display":"","site-post-title":"disabled","ast-breadcrumbs-content":"","ast-featured-img":"disabled","footer-sml-layout":"","theme-transparent-header-meta":"enabled","adv-header-id-meta":"","stick-header-meta":"","header-above-stick-meta":"","header-main-stick-meta":"","header-below-stick-meta":"","_themeisle_gutenberg_block_has_review":false,"_ti_tpc_template_sync":false,"_ti_tpc_template_id":""},"acf":[],"yoast_head":"<!-- This site is optimized with the Yoast SEO plugin v18.6 - https:\/\/yoast.com\/wordpress\/plugins\/seo\/ -->\n<title>Galerii - RINGTEE \u00c4RIPARK<\/title>\n<meta name=\"robots\" content=\"index, follow, max-snippet:-1, max-image-preview:large, max-video-preview:-1\" \/>\n<link rel=\"canonical\" href=\"https:\/\/restate.ee\/ringtee\/en\/galerii\/\" \/>\n<meta property=\"og:locale\" content=\"en_US\" \/>\n<meta property=\"og:type\" content=\"article\" \/>\n<meta property=\"og:title\" content=\"Galerii - RINGTEE \u00c4RIPARK\" \/>\n<meta property=\"og:description\" content=\"Galerii Helista ja k\u00fcsi lisainformatsiooni (+372) 5668 8773 Ringtee \u00c4ripargis on erineva suurusega kinnistud ja paindlik ehitusala, mis v\u00f5imaldab pakkuda ehitus\u00f5igust hoonetele alates 2900 ruutmeetrist kuni 45 000 ruutmeetrini.\u00a0 Ringtee \u00c4ripark paikneb vahetult ringtee \u00e4\u00e4res ja 750 meetri pikkune teefassaad pakub v\u00f5imalust paigutada ettev\u00f5tete logo ja reklaamid kohe suure liiklusega maantee \u00e4\u00e4rde. Juurdep\u00e4\u00e4s ringteelt on &hellip; Galerii Read More &raquo;\" \/>\n<meta property=\"og:url\" content=\"https:\/\/restate.ee\/ringtee\/en\/galerii\/\" \/>\n<meta property=\"og:site_name\" content=\"RINGTEE \u00c4RIPARK\" \/>\n<meta property=\"article:modified_time\" content=\"2024-07-26T12:53:12+00:00\" \/>\n<meta property=\"og:image\" content=\"https:\/\/restate.ee\/ringtee\/wp-content\/uploads\/2024\/07\/v2_2207-768x432.jpg\" \/>\n<meta name=\"twitter:card\" content=\"summary_large_image\" \/>\n<meta name=\"twitter:label1\" content=\"Est. reading time\" \/>\n\t<meta name=\"twitter:data1\" content=\"5 minutes\" \/>\n<script type=\"application\/ld+json\" class=\"yoast-schema-graph\">{\"@context\":\"https:\/\/schema.org\",\"@graph\":[{\"@type\":\"WebSite\",\"@id\":\"https:\/\/restate.ee\/ringtee\/#website\",\"url\":\"https:\/\/restate.ee\/ringtee\/\",\"name\":\"RINGTEE \u00c4RIPARK\",\"description\":\"\u00c4ripark logistika tuiksoonel\",\"potentialAction\":[{\"@type\":\"SearchAction\",\"target\":{\"@type\":\"EntryPoint\",\"urlTemplate\":\"https:\/\/restate.ee\/ringtee\/?s={search_term_string}\"},\"query-input\":\"required name=search_term_string\"}],\"inLanguage\":\"en-US\"},{\"@type\":\"ImageObject\",\"@id\":\"https:\/\/restate.ee\/ringtee\/galerii\/#primaryimage\",\"inLanguage\":\"en-US\",\"url\":\"https:\/\/restate.ee\/ringtee\/wp-content\/uploads\/2024\/07\/v2_2207-scaled.jpg\",\"contentUrl\":\"https:\/\/restate.ee\/ringtee\/wp-content\/uploads\/2024\/07\/v2_2207-scaled.jpg\",\"width\":2560,\"height\":1440,\"caption\":\"default\"},{\"@type\":\"WebPage\",\"@id\":\"https:\/\/restate.ee\/ringtee\/galerii\/#webpage\",\"url\":\"https:\/\/restate.ee\/ringtee\/galerii\/\",\"name\":\"Galerii - RINGTEE \u00c4RIPARK\",\"isPartOf\":{\"@id\":\"https:\/\/restate.ee\/ringtee\/#website\"},\"primaryImageOfPage\":{\"@id\":\"https:\/\/restate.ee\/ringtee\/galerii\/#primaryimage\"},\"datePublished\":\"2021-10-20T11:05:06+00:00\",\"dateModified\":\"2024-07-26T12:53:12+00:00\",\"breadcrumb\":{\"@id\":\"https:\/\/restate.ee\/ringtee\/galerii\/#breadcrumb\"},\"inLanguage\":\"en-US\",\"potentialAction\":[{\"@type\":\"ReadAction\",\"target\":[\"https:\/\/restate.ee\/ringtee\/galerii\/\"]}]},{\"@type\":\"BreadcrumbList\",\"@id\":\"https:\/\/restate.ee\/ringtee\/galerii\/#breadcrumb\",\"itemListElement\":[{\"@type\":\"ListItem\",\"position\":1,\"name\":\"Home\",\"item\":\"https:\/\/restate.ee\/ringtee\/\"},{\"@type\":\"ListItem\",\"position\":2,\"name\":\"Galerii\"}]}]}<\/script>\n<!-- \/ Yoast SEO plugin. -->","yoast_head_json":{"title":"Galerii - RINGTEE \u00c4RIPARK","robots":{"index":"index","follow":"follow","max-snippet":"max-snippet:-1","max-image-preview":"max-image-preview:large","max-video-preview":"max-video-preview:-1"},"canonical":"https:\/\/restate.ee\/ringtee\/en\/galerii\/","og_locale":"en_US","og_type":"article","og_title":"Galerii - RINGTEE \u00c4RIPARK","og_description":"Galerii Helista ja k\u00fcsi lisainformatsiooni (+372) 5668 8773 Ringtee \u00c4ripargis on erineva suurusega kinnistud ja paindlik ehitusala, mis v\u00f5imaldab pakkuda ehitus\u00f5igust hoonetele alates 2900 ruutmeetrist kuni 45 000 ruutmeetrini.\u00a0 Ringtee \u00c4ripark paikneb vahetult ringtee \u00e4\u00e4res ja 750 meetri pikkune teefassaad pakub v\u00f5imalust paigutada ettev\u00f5tete logo ja reklaamid kohe suure liiklusega maantee \u00e4\u00e4rde. Juurdep\u00e4\u00e4s ringteelt on &hellip; Galerii Read More &raquo;","og_url":"https:\/\/restate.ee\/ringtee\/en\/galerii\/","og_site_name":"RINGTEE \u00c4RIPARK","article_modified_time":"2024-07-26T12:53:12+00:00","og_image":[{"url":"https:\/\/restate.ee\/ringtee\/wp-content\/uploads\/2024\/07\/v2_2207-768x432.jpg"}],"twitter_card":"summary_large_image","twitter_misc":{"Est. reading time":"5 minutes"},"schema":{"@context":"https:\/\/schema.org","@graph":[{"@type":"WebSite","@id":"https:\/\/restate.ee\/ringtee\/#website","url":"https:\/\/restate.ee\/ringtee\/","name":"RINGTEE \u00c4RIPARK","description":"\u00c4ripark logistika tuiksoonel","potentialAction":[{"@type":"SearchAction","target":{"@type":"EntryPoint","urlTemplate":"https:\/\/restate.ee\/ringtee\/?s={search_term_string}"},"query-input":"required name=search_term_string"}],"inLanguage":"en-US"},{"@type":"ImageObject","@id":"https:\/\/restate.ee\/ringtee\/galerii\/#primaryimage","inLanguage":"en-US","url":"https:\/\/restate.ee\/ringtee\/wp-content\/uploads\/2024\/07\/v2_2207-scaled.jpg","contentUrl":"https:\/\/restate.ee\/ringtee\/wp-content\/uploads\/2024\/07\/v2_2207-scaled.jpg","width":2560,"height":1440,"caption":"default"},{"@type":"WebPage","@id":"https:\/\/restate.ee\/ringtee\/galerii\/#webpage","url":"https:\/\/restate.ee\/ringtee\/galerii\/","name":"Galerii - RINGTEE \u00c4RIPARK","isPartOf":{"@id":"https:\/\/restate.ee\/ringtee\/#website"},"primaryImageOfPage":{"@id":"https:\/\/restate.ee\/ringtee\/galerii\/#primaryimage"},"datePublished":"2021-10-20T11:05:06+00:00","dateModified":"2024-07-26T12:53:12+00:00","breadcrumb":{"@id":"https:\/\/restate.ee\/ringtee\/galerii\/#breadcrumb"},"inLanguage":"en-US","potentialAction":[{"@type":"ReadAction","target":["https:\/\/restate.ee\/ringtee\/galerii\/"]}]},{"@type":"BreadcrumbList","@id":"https:\/\/restate.ee\/ringtee\/galerii\/#breadcrumb","itemListElement":[{"@type":"ListItem","position":1,"name":"Home","item":"https:\/\/restate.ee\/ringtee\/"},{"@type":"ListItem","position":2,"name":"Galerii"}]}]}},"_links":{"self":[{"href":"https:\/\/restate.ee\/ringtee\/en\/wp-json\/wp\/v2\/pages\/1536"}],"collection":[{"href":"https:\/\/restate.ee\/ringtee\/en\/wp-json\/wp\/v2\/pages"}],"about":[{"href":"https:\/\/restate.ee\/ringtee\/en\/wp-json\/wp\/v2\/types\/page"}],"author":[{"embeddable":true,"href":"https:\/\/restate.ee\/ringtee\/en\/wp-json\/wp\/v2\/users\/3"}],"replies":[{"embeddable":true,"href":"https:\/\/restate.ee\/ringtee\/en\/wp-json\/wp\/v2\/comments?post=1536"}],"version-history":[{"count":43,"href":"https:\/\/restate.ee\/ringtee\/en\/wp-json\/wp\/v2\/pages\/1536\/revisions"}],"predecessor-version":[{"id":2609,"href":"https:\/\/restate.ee\/ringtee\/en\/wp-json\/wp\/v2\/pages\/1536\/revisions\/2609"}],"wp:attachment":[{"href":"https:\/\/restate.ee\/ringtee\/en\/wp-json\/wp\/v2\/media?parent=1536"}],"curies":[{"name":"wp","href":"https:\/\/api.w.org\/{rel}","templated":true}]}}